{"id":990,"date":"2025-06-02T09:05:11","date_gmt":"2025-06-02T07:05:11","guid":{"rendered":"http:\/\/dev2.nilssonssten.se\/?page_id=990"},"modified":"2025-06-25T08:04:12","modified_gmt":"2025-06-25T06:04:12","slug":"brembana-kosmos-jet","status":"publish","type":"page","link":"https:\/\/stenhuggeri.se\/?page_id=990","title":{"rendered":"Brembana Kosmos Jet"},"content":{"rendered":"\t\t<div data-elementor-type=\"wp-page\" data-elementor-id=\"990\" class=\"elementor elementor-990\" data-elementor-post-type=\"page\">\n\t\t\t\t<div class=\"elementor-element elementor-element-c6a24c9 e-flex e-con-boxed e-con e-parent\" data-id=\"c6a24c9\" data-element_type=\"container\">\n\t\t\t\t\t<div class=\"e-con-inner\">\n\t\t\t\t<div class=\"elementor-element elementor-element-3b5c47f elementor-widget elementor-widget-spacer\" data-id=\"3b5c47f\" data-element_type=\"widget\" data-widget_type=\"spacer.default\">\n\t\t\t\t<div class=\"elementor-widget-container\">\n\t\t\t\t\t\t\t<div class=\"elementor-spacer\">\n\t\t\t<div class=\"elementor-spacer-inner\"><\/div>\n\t\t<\/div>\n\t\t\t\t\t\t<\/div>\n\t\t\t\t<\/div>\n\t\t\t\t\t<\/div>\n\t\t\t\t<\/div>\n\t\t<div class=\"elementor-element elementor-element-9d06cf2 e-flex e-con-boxed e-con e-parent\" data-id=\"9d06cf2\" data-element_type=\"container\">\n\t\t\t\t\t<div class=\"e-con-inner\">\n\t\t<div class=\"elementor-element elementor-element-1504e05 e-con-full e-flex e-con e-child\" data-id=\"1504e05\" data-element_type=\"container\">\n\t\t\t\t<div class=\"elementor-element elementor-element-21bc900 elementor-widget elementor-widget-image\" data-id=\"21bc900\" data-element_type=\"widget\" data-widget_type=\"image.default\">\n\t\t\t\t<div class=\"elementor-widget-container\">\n\t\t\t\t\t\t\t\t\t\t\t\t\t\t\t<img fetchpriority=\"high\" decoding=\"async\" width=\"800\" height=\"533\" src=\"https:\/\/stenhuggeri.se\/wp-content\/uploads\/2025\/06\/brembana-kosmos-jet.png\" class=\"attachment-large size-large wp-image-996\" alt=\"\" \/>\t\t\t\t\t\t\t\t\t\t\t\t\t\t\t<\/div>\n\t\t\t\t<\/div>\n\t\t\t\t<\/div>\n\t\t<div class=\"elementor-element elementor-element-bcc2b46 e-con-full e-flex e-con e-child\" data-id=\"bcc2b46\" data-element_type=\"container\">\n\t\t\t\t<div class=\"elementor-element elementor-element-1e94f02 elementor-widget elementor-widget-heading\" data-id=\"1e94f02\" data-element_type=\"widget\" data-widget_type=\"heading.default\">\n\t\t\t\t<div class=\"elementor-widget-container\">\n\t\t\t\t\t<h2 class=\"elementor-heading-title elementor-size-default\">BREMBANA KOSMOS JET<\/h2>\t\t\t\t<\/div>\n\t\t\t\t<\/div>\n\t\t\t\t<div class=\"elementor-element elementor-element-149347b elementor-widget elementor-widget-text-editor\" data-id=\"149347b\" data-element_type=\"widget\" data-widget_type=\"text-editor.default\">\n\t\t\t\t<div class=\"elementor-widget-container\">\n\t\t\t\t\t\t\t\t\t<p>5-axlig monolitisk s\u00e5g jet maskin<\/p>\t\t\t\t\t\t\t\t<\/div>\n\t\t\t\t<\/div>\n\t\t\t\t<div class=\"elementor-element elementor-element-6f69be8 elementor-widget elementor-widget-text-editor\" data-id=\"6f69be8\" data-element_type=\"widget\" data-widget_type=\"text-editor.default\">\n\t\t\t\t<div class=\"elementor-widget-container\">\n\t\t\t\t\t\t\t\t\t<p><span style=\"font-weight: 400;\">Den nya generationen av 5-axliga kants\u00e5gar, helt styrda via numerisk kontroll.<\/span><span style=\"font-weight: 400;\"><br \/><\/span><span style=\"font-weight: 400;\"> Kompakt och enkel att installera \u2013 den kr\u00e4ver ingen bas, vilket g\u00f6r att den kan flyttas n\u00e4stan omedelbart.<\/span><\/p><p><span style=\"font-weight: 400;\">Maskinen \u00e4r utrustad med ett abrasivt vattenstr\u00e5lesk\u00e4rhuvud som, i kombination med diamantskivan, g\u00f6r att sk\u00e4rning av natursten och kompositskivor kan automatiseras vid interfererande snitt och inre vinklar.<\/span><\/p><p><span style=\"font-weight: 400;\">Den \u00e4r utformad f\u00f6r alla verkst\u00e4der som sk\u00e4r natursten, komposit och keramiska skivor.<\/span><\/p>\t\t\t\t\t\t\t\t<\/div>\n\t\t\t\t<\/div>\n\t\t\t\t<div class=\"elementor-element elementor-element-29db3e2 elementor-widget elementor-widget-text-editor\" data-id=\"29db3e2\" data-element_type=\"widget\" data-widget_type=\"text-editor.default\">\n\t\t\t\t<div class=\"elementor-widget-container\">\n\t\t\t\t\t\t\t\t\t<p><span style=\"font-weight: 400;\">Med en vikt p\u00e5 upp till 8 ton garanterar maskinen perfekt stabilitet vid produktion av:<\/span><\/p>\t\t\t\t\t\t\t\t<\/div>\n\t\t\t\t<\/div>\n\t\t\t\t<div class=\"elementor-element elementor-element-24858af elementor-widget elementor-widget-text-editor\" data-id=\"24858af\" data-element_type=\"widget\" data-widget_type=\"text-editor.default\">\n\t\t\t\t<div class=\"elementor-widget-container\">\n\t\t\t\t\t\t\t\t\t<ul><li><span style=\"font-weight: 400;\">K\u00f6ksb\u00e4nkskivor<\/span><\/li><li><span style=\"font-weight: 400;\">Badrumsb\u00e4nkskiva<\/span><\/li><li><span style=\"font-weight: 400;\">V\u00e4ggpaneler f\u00f6r inomhus- och utomhusbruk<\/span><\/li><li><span style=\"font-weight: 400;\">Golv<\/span><\/li><li><span style=\"font-weight: 400;\">D\u00f6rrtr\u00f6sklar, trappor, tr\u00f6sklar<\/span><\/li><li><span style=\"font-weight: 400;\">Utomhusm\u00f6bler<\/span><\/li><\/ul>\t\t\t\t\t\t\t\t<\/div>\n\t\t\t\t<\/div>\n\t\t\t\t<\/div>\n\t\t\t\t\t<\/div>\n\t\t\t\t<\/div>\n\t\t<div class=\"elementor-element elementor-element-6e8e380b e-con-full e-flex e-con e-parent\" data-id=\"6e8e380b\" data-element_type=\"container\" data-settings=\"{&quot;background_background&quot;:&quot;classic&quot;}\">\n\t\t<div class=\"elementor-element elementor-element-6a7bb873 e-con-full e-flex e-con e-child\" data-id=\"6a7bb873\" data-element_type=\"container\">\n\t\t<div class=\"elementor-element elementor-element-492626f5 e-con-full e-flex e-con e-child\" data-id=\"492626f5\" data-element_type=\"container\">\n\t\t\t\t<div class=\"elementor-element elementor-element-48d540bb elementor-cta--layout-image-above elementor-widget__width-inherit elementor-widget-tablet__width-inherit elementor-cta--valign-top elementor-cta--skin-classic elementor-animated-content elementor-widget elementor-widget-call-to-action\" data-id=\"48d540bb\" data-element_type=\"widget\" data-widget_type=\"call-to-action.default\">\n\t\t\t\t<div class=\"elementor-widget-container\">\n\t\t\t\t\t\t\t<div class=\"elementor-cta\">\n\t\t\t\t\t<div class=\"elementor-cta__bg-wrapper\">\n\t\t\t\t<div class=\"elementor-cta__bg elementor-bg\" style=\"background-image: url(https:\/\/stenhuggeri.se\/wp-content\/uploads\/2025\/06\/Kosmos-Jet-1.jpeg);\" role=\"img\" aria-label=\"Kosmos Jet 1\"><\/div>\n\t\t\t\t<div class=\"elementor-cta__bg-overlay\"><\/div>\n\t\t\t<\/div>\n\t\t\t\t\t\t\t<div class=\"elementor-cta__content\">\n\t\t\t\t\n\t\t\t\t\t\t\t\t\t<h2 class=\"elementor-cta__title elementor-cta__content-item elementor-content-item\">\n\t\t\t\t\t\tGr\u00e4nsl\u00f6s bearbetning\t\t\t\t\t<\/h2>\n\t\t\t\t\n\t\t\t\t\t\t\t\t\t<div class=\"elementor-cta__description elementor-cta__content-item elementor-content-item\">\n\t\t\t\t\t\tArbetsproblem \u00e4r inget hinder tack vare den 4 000 x 2 350 mm stora arbetsb\u00e4nken, som ger \u00f6ver 17 % mer utrymme j\u00e4mf\u00f6rt med liknande maskiner.\t\t\t\t\t<\/div>\n\t\t\t\t\n\t\t\t\t\t\t\t<\/div>\n\t\t\t\t\t\t<\/div>\n\t\t\t\t\t\t<\/div>\n\t\t\t\t<\/div>\n\t\t\t\t<\/div>\n\t\t<div class=\"elementor-element elementor-element-737d6606 e-con-full e-flex e-con e-child\" data-id=\"737d6606\" data-element_type=\"container\">\n\t\t\t\t<div class=\"elementor-element elementor-element-212e65aa elementor-cta--layout-image-above elementor-widget__width-inherit elementor-cta--valign-top elementor-cta--skin-classic elementor-animated-content elementor-widget elementor-widget-call-to-action\" data-id=\"212e65aa\" data-element_type=\"widget\" data-widget_type=\"call-to-action.default\">\n\t\t\t\t<div class=\"elementor-widget-container\">\n\t\t\t\t\t\t\t<div class=\"elementor-cta\">\n\t\t\t\t\t<div class=\"elementor-cta__bg-wrapper\">\n\t\t\t\t<div class=\"elementor-cta__bg elementor-bg\" style=\"background-image: url(https:\/\/stenhuggeri.se\/wp-content\/uploads\/2025\/06\/Kosmos-Jet-2.jpeg);\" role=\"img\" aria-label=\"Kosmos Jet 2\"><\/div>\n\t\t\t\t<div class=\"elementor-cta__bg-overlay\"><\/div>\n\t\t\t<\/div>\n\t\t\t\t\t\t\t<div class=\"elementor-cta__content\">\n\t\t\t\t\n\t\t\t\t\t\t\t\t\t<h2 class=\"elementor-cta__title elementor-cta__content-item elementor-content-item\">\n\t\t\t\t\t\tFullst\u00e4ndigt rostskydd\t\t\t\t\t<\/h2>\n\t\t\t\t\n\t\t\t\t\t\t\t\t\t<div class=\"elementor-cta__description elementor-cta__content-item elementor-content-item\">\n\t\t\t\t\t\tMaskinstrukturen \u00e4r tillverkad av varmf\u00f6rzinkat st\u00e5l, och arbetsbeh\u00e5llaren i rostfritt st\u00e5l garanterar utm\u00e4rkt skydd mot rost.\t\t\t\t\t<\/div>\n\t\t\t\t\n\t\t\t\t\t\t\t<\/div>\n\t\t\t\t\t\t<\/div>\n\t\t\t\t\t\t<\/div>\n\t\t\t\t<\/div>\n\t\t\t\t<\/div>\n\t\t<div class=\"elementor-element elementor-element-1758ff21 e-con-full e-flex e-con e-child\" data-id=\"1758ff21\" data-element_type=\"container\">\n\t\t\t\t<div class=\"elementor-element elementor-element-38fcc960 elementor-cta--layout-image-above elementor-widget__width-inherit elementor-cta--valign-top elementor-cta--skin-classic elementor-animated-content elementor-widget elementor-widget-call-to-action\" data-id=\"38fcc960\" data-element_type=\"widget\" data-widget_type=\"call-to-action.default\">\n\t\t\t\t<div class=\"elementor-widget-container\">\n\t\t\t\t\t\t\t<div class=\"elementor-cta\">\n\t\t\t\t\t<div class=\"elementor-cta__bg-wrapper\">\n\t\t\t\t<div class=\"elementor-cta__bg elementor-bg\" style=\"background-image: url(https:\/\/stenhuggeri.se\/wp-content\/uploads\/2025\/06\/Kosmos-Jet-3.jpeg);\" role=\"img\" aria-label=\"Kosmos Jet 3\"><\/div>\n\t\t\t\t<div class=\"elementor-cta__bg-overlay\"><\/div>\n\t\t\t<\/div>\n\t\t\t\t\t\t\t<div class=\"elementor-cta__content\">\n\t\t\t\t\n\t\t\t\t\t\t\t\t\t<h2 class=\"elementor-cta__title elementor-cta__content-item elementor-content-item\">\n\t\t\t\t\t\t19 % mindre volym\t\t\t\t\t<\/h2>\n\t\t\t\t\n\t\t\t\t\t\t\t\t\t<div class=\"elementor-cta__description elementor-cta__content-item elementor-content-item\">\n\t\t\t\t\t\tMaskinens installationsstorlek \u00e4r endast 36,5 m\u00b2, vilket g\u00f6r den till den minsta maskinen i sin kategori.\t\t\t\t\t<\/div>\n\t\t\t\t\n\t\t\t\t\t\t\t<\/div>\n\t\t\t\t\t\t<\/div>\n\t\t\t\t\t\t<\/div>\n\t\t\t\t<\/div>\n\t\t\t\t<\/div>\n\t\t<div class=\"elementor-element elementor-element-124e2616 e-con-full e-flex e-con e-child\" data-id=\"124e2616\" data-element_type=\"container\">\n\t\t\t\t<div class=\"elementor-element elementor-element-51e19cf1 elementor-cta--layout-image-above elementor-widget__width-inherit elementor-cta--valign-top elementor-cta--skin-classic elementor-animated-content elementor-widget elementor-widget-call-to-action\" data-id=\"51e19cf1\" data-element_type=\"widget\" data-widget_type=\"call-to-action.default\">\n\t\t\t\t<div class=\"elementor-widget-container\">\n\t\t\t\t\t\t\t<div class=\"elementor-cta\">\n\t\t\t\t\t<div class=\"elementor-cta__bg-wrapper\">\n\t\t\t\t<div class=\"elementor-cta__bg elementor-bg\" style=\"background-image: url(https:\/\/stenhuggeri.se\/wp-content\/uploads\/2025\/06\/Kosmos-Jet-4.jpeg);\" role=\"img\" aria-label=\"Kosmos Jet 4\"><\/div>\n\t\t\t\t<div class=\"elementor-cta__bg-overlay\"><\/div>\n\t\t\t<\/div>\n\t\t\t\t\t\t\t<div class=\"elementor-cta__content\">\n\t\t\t\t\n\t\t\t\t\t\t\t\t\t<h2 class=\"elementor-cta__title elementor-cta__content-item elementor-content-item\">\n\t\t\t\t\t\tEnkel skivladdning\t\t\t\t\t<\/h2>\n\t\t\t\t\n\t\t\t\t\t\t\t\t\t<div class=\"elementor-cta__description elementor-cta__content-item elementor-content-item\">\n\t\t\t\t\t\tLaddningsprocessen \u00e4r mycket smidig tack vare den rektifierade gummiarbetsytan med fyra f\u00e4llbara gafflar, som \u00e4r placerade p\u00e5 en h\u00f6jd av endast 380 mm\t\t\t\t\t<\/div>\n\t\t\t\t\n\t\t\t\t\t\t\t<\/div>\n\t\t\t\t\t\t<\/div>\n\t\t\t\t\t\t<\/div>\n\t\t\t\t<\/div>\n\t\t\t\t<\/div>\n\t\t\t\t<\/div>\n\t\t\t\t<\/div>\n\t\t<div class=\"elementor-element elementor-element-e8f8b7f e-flex e-con-boxed e-con e-parent\" data-id=\"e8f8b7f\" data-element_type=\"container\" data-settings=\"{&quot;background_background&quot;:&quot;gradient&quot;}\">\n\t\t\t\t\t<div class=\"e-con-inner\">\n\t\t\t\t<div class=\"elementor-element elementor-element-15127d2 elementor-widget elementor-widget-heading\" data-id=\"15127d2\" data-element_type=\"widget\" data-widget_type=\"heading.default\">\n\t\t\t\t<div class=\"elementor-widget-container\">\n\t\t\t\t\t<h2 class=\"elementor-heading-title elementor-size-default\">Teknisk information<\/h2>\t\t\t\t<\/div>\n\t\t\t\t<\/div>\n\t\t\t\t<div class=\"elementor-element elementor-element-7346ca9 elementor-widget elementor-widget-elementskit-tablepress\" data-id=\"7346ca9\" data-element_type=\"widget\" data-widget_type=\"elementskit-tablepress.default\">\n\t\t\t\t<div class=\"elementor-widget-container\">\n\t\t\t\t\t<div class=\"elemenetskit-tablepress ekit-wid-con\" id=\"ekit_tablepress_7346ca9\">\n<table id=\"tablepress-6\" class=\"tablepress tablepress-id-6\">\n<tbody class=\"row-striping row-hover\">\n<tr class=\"row-1\">\n\t<td class=\"column-1\">X-axel r\u00f6relse<\/td><td class=\"column-2\">3960 mm \/ 156 tum<\/td>\n<\/tr>\n<tr class=\"row-2\">\n\t<td class=\"column-1\">Y-axel r\u00f6relse<\/td><td class=\"column-2\">2450 mm \/ 96 tum<\/td>\n<\/tr>\n<tr class=\"row-3\">\n\t<td class=\"column-1\">Z-axel r\u00f6relse<\/td><td class=\"column-2\">400 mm \/ 16 tum<\/td>\n<\/tr>\n<tr class=\"row-4\">\n\t<td class=\"column-1\">Huvudrotation (C-axel)<\/td><td class=\"column-2\">\u00b1 185\u00b0 (370\u00b0)<\/td>\n<\/tr>\n<tr class=\"row-5\">\n\t<td class=\"column-1\">Huvudlutning (A-axel)<\/td><td class=\"column-2\">0\u00b0 - 90\u00b0<\/td>\n<\/tr>\n<tr class=\"row-6\">\n\t<td class=\"column-1\">X-axel hastighet<\/td><td class=\"column-2\">30 m\/min \/ 98 ft\/min<\/td>\n<\/tr>\n<tr class=\"row-7\">\n\t<td class=\"column-1\">Y-axel hastighet<\/td><td class=\"column-2\">25 m\/min \/ 82 ft\/min<\/td>\n<\/tr>\n<tr class=\"row-8\">\n\t<td class=\"column-1\">Z-axel hastighet<\/td><td class=\"column-2\">7,5 m\/min \/ 25 ft\/min<\/td>\n<\/tr>\n<tr class=\"row-9\">\n\t<td class=\"column-1\">Minsta skivdiameter<\/td><td class=\"column-2\">350 mm \/ 14 tum<\/td>\n<\/tr>\n<tr class=\"row-10\">\n\t<td class=\"column-1\">Maximal skivdiameter<\/td><td class=\"column-2\">425 mm \/ 17 tum<\/td>\n<\/tr>\n<tr class=\"row-11\">\n\t<td class=\"column-1\">Maximal bearbetningsbar tjocklek med \u00d8425<\/td><td class=\"column-2\">1 mm skiva 100 mm \/ 4 tum<\/td>\n<\/tr>\n<tr class=\"row-12\">\n\t<td class=\"column-1\">Maximal bearbetningsbar tjocklek med vattenstr\u00e5le<\/td><td class=\"column-2\">80 mm \/ 3 tum<\/td>\n<\/tr>\n<tr class=\"row-13\">\n\t<td class=\"column-1\">Arbetsb\u00e4nkens m\u00e5tt<\/td><td class=\"column-2\">4000x2350 mm \/ 157x92 tum<\/td>\n<\/tr>\n<tr class=\"row-14\">\n\t<td class=\"column-1\">Maximal sk\u00e4rbar skivstorlek<\/td><td class=\"column-2\">3960x2280 mm \/ 156x90 tum<\/td>\n<\/tr>\n<tr class=\"row-15\">\n\t<td class=\"column-1\">Extern kapacitet f\u00f6r slipmedelsbeh\u00e5llare<\/td><td class=\"column-2\">330 kg \/ 661 lb<\/td>\n<\/tr>\n<tr class=\"row-16\">\n\t<td class=\"column-1\">Maximalt vattenstr\u00e5letryck<\/td><td class=\"column-2\">4.150 bar \/ 60 190 psi<\/td>\n<\/tr>\n<tr class=\"row-17\">\n\t<td class=\"column-1\">Totala m\u00e5tt (inklusive vattenstr\u00e5lepump)<\/td><td class=\"column-2\">8650x4220x3600 mm \/ 340x166x142 tum<\/td>\n<\/tr>\n<tr class=\"row-18\">\n\t<td class=\"column-1\">Total maskinvikt<\/td><td class=\"column-2\">Upp till 8 000 kg \/ 17 637 lb<\/td>\n<\/tr>\n<\/tbody>\n<\/table>\n<!-- #tablepress-6 from cache --><\/div>\t\t\t\t<\/div>\n\t\t\t\t<\/div>\n\t\t\t\t\t<\/div>\n\t\t\t\t<\/div>\n\t\t<div class=\"elementor-element elementor-element-193983d e-flex e-con-boxed e-con e-parent\" data-id=\"193983d\" data-element_type=\"container\" data-settings=\"{&quot;background_background&quot;:&quot;classic&quot;}\">\n\t\t\t\t\t<div class=\"e-con-inner\">\n\t\t\t\t<div class=\"elementor-element elementor-element-680650c elementor-align-right elementor-widget elementor-widget-button\" data-id=\"680650c\" data-element_type=\"widget\" data-widget_type=\"button.default\">\n\t\t\t\t<div class=\"elementor-widget-container\">\n\t\t\t\t\t\t\t\t\t<div class=\"elementor-button-wrapper\">\n\t\t\t\t\t<a class=\"elementor-button elementor-button-link elementor-size-sm\" href=\"http:\/\/stenhuggeri.se\/wp-content\/uploads\/2025\/06\/Brembana-Kosmos-Jet_ENG.pdf\">\n\t\t\t\t\t\t<span class=\"elementor-button-content-wrapper\">\n\t\t\t\t\t\t\t\t\t<span class=\"elementor-button-text\">Dokumentation<\/span>\n\t\t\t\t\t<\/span>\n\t\t\t\t\t<\/a>\n\t\t\t\t<\/div>\n\t\t\t\t\t\t\t\t<\/div>\n\t\t\t\t<\/div>\n\t\t\t\t\t<\/div>\n\t\t\t\t<\/div>\n\t\t\t\t<\/div>\n\t\t","protected":false},"excerpt":{"rendered":"<p>Sida med information och specifikationer f\u00f6r CNC maskinen: Brembana Kosmos<\/p>\n","protected":false},"author":2,"featured_media":0,"parent":0,"menu_order":0,"comment_status":"closed","ping_status":"closed","template":"","meta":{"footnotes":""},"class_list":["post-990","page","type-page","status-publish","hentry"],"_links":{"self":[{"href":"https:\/\/stenhuggeri.se\/index.php?rest_route=\/wp\/v2\/pages\/990","targetHints":{"allow":["GET"]}}],"collection":[{"href":"https:\/\/stenhuggeri.se\/index.php?rest_route=\/wp\/v2\/pages"}],"about":[{"href":"https:\/\/stenhuggeri.se\/index.php?rest_route=\/wp\/v2\/types\/page"}],"author":[{"embeddable":true,"href":"https:\/\/stenhuggeri.se\/index.php?rest_route=\/wp\/v2\/users\/2"}],"replies":[{"embeddable":true,"href":"https:\/\/stenhuggeri.se\/index.php?rest_route=%2Fwp%2Fv2%2Fcomments&post=990"}],"version-history":[{"count":7,"href":"https:\/\/stenhuggeri.se\/index.php?rest_route=\/wp\/v2\/pages\/990\/revisions"}],"predecessor-version":[{"id":1771,"href":"https:\/\/stenhuggeri.se\/index.php?rest_route=\/wp\/v2\/pages\/990\/revisions\/1771"}],"wp:attachment":[{"href":"https:\/\/stenhuggeri.se\/index.php?rest_route=%2Fwp%2Fv2%2Fmedia&parent=990"}],"curies":[{"name":"wp","href":"https:\/\/api.w.org\/{rel}","templated":true}]}}