{"id":912,"date":"2025-05-29T09:57:56","date_gmt":"2025-05-29T07:57:56","guid":{"rendered":"http:\/\/dev2.nilssonssten.se\/?page_id=912"},"modified":"2025-06-25T07:33:44","modified_gmt":"2025-06-25T05:33:44","slug":"brembana-venkon","status":"publish","type":"page","link":"https:\/\/stenhuggeri.se\/?page_id=912","title":{"rendered":"Brembana Venkon"},"content":{"rendered":"\t\t<div data-elementor-type=\"wp-page\" data-elementor-id=\"912\" class=\"elementor elementor-912\" data-elementor-post-type=\"page\">\n\t\t\t\t<div class=\"elementor-element elementor-element-c6a24c9 e-flex e-con-boxed e-con e-parent\" data-id=\"c6a24c9\" data-element_type=\"container\">\n\t\t\t\t\t<div class=\"e-con-inner\">\n\t\t\t\t<div class=\"elementor-element elementor-element-3b5c47f elementor-widget elementor-widget-spacer\" data-id=\"3b5c47f\" data-element_type=\"widget\" data-widget_type=\"spacer.default\">\n\t\t\t\t<div class=\"elementor-widget-container\">\n\t\t\t\t\t\t\t<div class=\"elementor-spacer\">\n\t\t\t<div class=\"elementor-spacer-inner\"><\/div>\n\t\t<\/div>\n\t\t\t\t\t\t<\/div>\n\t\t\t\t<\/div>\n\t\t\t\t\t<\/div>\n\t\t\t\t<\/div>\n\t\t<div class=\"elementor-element elementor-element-9d06cf2 e-flex e-con-boxed e-con e-parent\" data-id=\"9d06cf2\" data-element_type=\"container\">\n\t\t\t\t\t<div class=\"e-con-inner\">\n\t\t<div class=\"elementor-element elementor-element-1504e05 e-con-full e-flex e-con e-child\" data-id=\"1504e05\" data-element_type=\"container\">\n\t\t\t\t<div class=\"elementor-element elementor-element-21bc900 elementor-widget elementor-widget-image\" data-id=\"21bc900\" data-element_type=\"widget\" data-widget_type=\"image.default\">\n\t\t\t\t<div class=\"elementor-widget-container\">\n\t\t\t\t\t\t\t\t\t\t\t\t\t\t\t<img fetchpriority=\"high\" decoding=\"async\" width=\"800\" height=\"500\" src=\"https:\/\/stenhuggeri.se\/wp-content\/uploads\/2025\/05\/brembana-venkon-1.png\" class=\"attachment-large size-large wp-image-928\" alt=\"\" \/>\t\t\t\t\t\t\t\t\t\t\t\t\t\t\t<\/div>\n\t\t\t\t<\/div>\n\t\t\t\t<\/div>\n\t\t<div class=\"elementor-element elementor-element-bcc2b46 e-con-full e-flex e-con e-child\" data-id=\"bcc2b46\" data-element_type=\"container\">\n\t\t\t\t<div class=\"elementor-element elementor-element-1e94f02 elementor-widget elementor-widget-heading\" data-id=\"1e94f02\" data-element_type=\"widget\" data-widget_type=\"heading.default\">\n\t\t\t\t<div class=\"elementor-widget-container\">\n\t\t\t\t\t<h2 class=\"elementor-heading-title elementor-size-default\">BREMBANA VENKON<\/h2>\t\t\t\t<\/div>\n\t\t\t\t<\/div>\n\t\t\t\t<div class=\"elementor-element elementor-element-149347b elementor-widget elementor-widget-text-editor\" data-id=\"149347b\" data-element_type=\"widget\" data-widget_type=\"text-editor.default\">\n\t\t\t\t<div class=\"elementor-widget-container\">\n\t\t\t\t\t\t\t\t\t<p>5-axlig monoblock CNC-s\u00e5g<\/p>\t\t\t\t\t\t\t\t<\/div>\n\t\t\t\t<\/div>\n\t\t\t\t<div class=\"elementor-element elementor-element-6f69be8 elementor-widget elementor-widget-text-editor\" data-id=\"6f69be8\" data-element_type=\"widget\" data-widget_type=\"text-editor.default\">\n\t\t\t\t<div class=\"elementor-widget-container\">\n\t\t\t\t\t\t\t\t\t<p><span style=\"font-weight: 400;\">Detta \u00e4r den nya generationen av numeriskt styrda 5-axliga kants\u00e5gar. Den \u00e4r extremt kompakt och enkel att installera; den kr\u00e4ver inga fundament, vilket m\u00f6jligg\u00f6r en eventuell ominstallation. Maskinen \u00e4r konstruerad med verkst\u00e4dernas behov i \u00e5tanke och anv\u00e4nds f\u00f6r att sk\u00e4ra skivor upp till 200 mm i tjocklek (med blad \u00d8625 mm) av natursten, syntetisk sten och keramik.<\/span><\/p>\t\t\t\t\t\t\t\t<\/div>\n\t\t\t\t<\/div>\n\t\t\t\t<div class=\"elementor-element elementor-element-29db3e2 elementor-widget elementor-widget-text-editor\" data-id=\"29db3e2\" data-element_type=\"widget\" data-widget_type=\"text-editor.default\">\n\t\t\t\t<div class=\"elementor-widget-container\">\n\t\t\t\t\t\t\t\t\t<p><span style=\"font-weight: 400;\">Maskinens vikt, upp till 4,4 ton, s\u00e4kerst\u00e4ller perfekt stabilitet f\u00f6r tillverkning av:<\/span><\/p>\t\t\t\t\t\t\t\t<\/div>\n\t\t\t\t<\/div>\n\t\t\t\t<div class=\"elementor-element elementor-element-24858af elementor-widget elementor-widget-text-editor\" data-id=\"24858af\" data-element_type=\"widget\" data-widget_type=\"text-editor.default\">\n\t\t\t\t<div class=\"elementor-widget-container\">\n\t\t\t\t\t\t\t\t\t<ul><li><span style=\"font-weight: 400;\">K\u00f6ksb\u00e4nkskivor<\/span><\/li><li><span style=\"font-weight: 400;\">Badrumsb\u00e4nkskiva<\/span><\/li><li><span style=\"font-weight: 400;\">V\u00e4ggpaneler f\u00f6r inomhus- och utomhusbruk<\/span><\/li><li><span style=\"font-weight: 400;\">Golv<\/span><\/li><li><span style=\"font-weight: 400;\">D\u00f6rrtr\u00f6sklar, trappor, tr\u00f6sklar<\/span><\/li><li><span style=\"font-weight: 400;\">Utomhusm\u00f6bler<\/span><\/li><\/ul>\t\t\t\t\t\t\t\t<\/div>\n\t\t\t\t<\/div>\n\t\t\t\t<\/div>\n\t\t\t\t\t<\/div>\n\t\t\t\t<\/div>\n\t\t<div class=\"elementor-element elementor-element-6e8e380b e-con-full e-flex e-con e-parent\" data-id=\"6e8e380b\" data-element_type=\"container\" data-settings=\"{&quot;background_background&quot;:&quot;classic&quot;}\">\n\t\t<div class=\"elementor-element elementor-element-6a7bb873 e-con-full e-flex e-con e-child\" data-id=\"6a7bb873\" data-element_type=\"container\">\n\t\t<div class=\"elementor-element elementor-element-492626f5 e-con-full e-flex e-con e-child\" data-id=\"492626f5\" data-element_type=\"container\">\n\t\t\t\t<div class=\"elementor-element elementor-element-48d540bb elementor-cta--layout-image-above elementor-widget__width-inherit elementor-widget-tablet__width-inherit elementor-cta--skin-classic elementor-animated-content elementor-widget elementor-widget-call-to-action\" data-id=\"48d540bb\" data-element_type=\"widget\" data-widget_type=\"call-to-action.default\">\n\t\t\t\t<div class=\"elementor-widget-container\">\n\t\t\t\t\t\t\t<div class=\"elementor-cta\">\n\t\t\t\t\t<div class=\"elementor-cta__bg-wrapper\">\n\t\t\t\t<div class=\"elementor-cta__bg elementor-bg\" style=\"background-image: url(https:\/\/stenhuggeri.se\/wp-content\/uploads\/2025\/05\/1-venkon.jpeg);\" role=\"img\" aria-label=\"1 venkon\"><\/div>\n\t\t\t\t<div class=\"elementor-cta__bg-overlay\"><\/div>\n\t\t\t<\/div>\n\t\t\t\t\t\t\t<div class=\"elementor-cta__content\">\n\t\t\t\t\n\t\t\t\t\t\t\t\t\t<h2 class=\"elementor-cta__title elementor-cta__content-item elementor-content-item\">\n\t\t\t\t\t\tO\u00f6vertr\u00e4ffad mekanik\t\t\t\t\t<\/h2>\n\t\t\t\t\n\t\t\t\t\t\t\t\t\t<div class=\"elementor-cta__description elementor-cta__content-item elementor-content-item\">\n\t\t\t\t\t\tMaskinens vikt, upp till 4 400 kg, s\u00e4kerst\u00e4ller optimal absorption av de belastningar som uppst\u00e5r vid bearbetning, vilket garanterar h\u00f6g och konstant precision \u00f6ver tid. Maskinbasen \u00e4r direkt f\u00f6rankrad i marken utan behov av byggarbete, vilket f\u00f6rb\u00e4ttrar b\u00e5de maskinens stabilitet och prestanda.\t\t\t\t\t<\/div>\n\t\t\t\t\n\t\t\t\t\t\t\t<\/div>\n\t\t\t\t\t\t<\/div>\n\t\t\t\t\t\t<\/div>\n\t\t\t\t<\/div>\n\t\t\t\t<\/div>\n\t\t<div class=\"elementor-element elementor-element-737d6606 e-con-full e-flex e-con e-child\" data-id=\"737d6606\" data-element_type=\"container\">\n\t\t\t\t<div class=\"elementor-element elementor-element-212e65aa elementor-cta--layout-image-above elementor-widget__width-inherit elementor-cta--skin-classic elementor-animated-content elementor-widget elementor-widget-call-to-action\" data-id=\"212e65aa\" data-element_type=\"widget\" data-widget_type=\"call-to-action.default\">\n\t\t\t\t<div class=\"elementor-widget-container\">\n\t\t\t\t\t\t\t<div class=\"elementor-cta\">\n\t\t\t\t\t<div class=\"elementor-cta__bg-wrapper\">\n\t\t\t\t<div class=\"elementor-cta__bg elementor-bg\" style=\"background-image: url(https:\/\/stenhuggeri.se\/wp-content\/uploads\/2025\/05\/2-venkon.jpeg);\" role=\"img\" aria-label=\"2 venkon\"><\/div>\n\t\t\t\t<div class=\"elementor-cta__bg-overlay\"><\/div>\n\t\t\t<\/div>\n\t\t\t\t\t\t\t<div class=\"elementor-cta__content\">\n\t\t\t\t\n\t\t\t\t\t\t\t\t\t<h2 class=\"elementor-cta__title elementor-cta__content-item elementor-content-item\">\n\t\t\t\t\t\tVi arbetar s\u00e4kert\t\t\t\t\t<\/h2>\n\t\t\t\t\n\t\t\t\t\t\t\t\t\t<div class=\"elementor-cta__description elementor-cta__content-item elementor-content-item\">\n\t\t\t\t\t\tDen automatiska blad\u00e5terst\u00e4llningsstationen kan aktiveras via en specifik funktion p\u00e5 operat\u00f6rspanelen.\t\t\t\t\t<\/div>\n\t\t\t\t\n\t\t\t\t\t\t\t<\/div>\n\t\t\t\t\t\t<\/div>\n\t\t\t\t\t\t<\/div>\n\t\t\t\t<\/div>\n\t\t\t\t<\/div>\n\t\t<div class=\"elementor-element elementor-element-1758ff21 e-con-full e-flex e-con e-child\" data-id=\"1758ff21\" data-element_type=\"container\">\n\t\t\t\t<div class=\"elementor-element elementor-element-38fcc960 elementor-cta--layout-image-above elementor-widget__width-inherit elementor-cta--skin-classic elementor-animated-content elementor-widget elementor-widget-call-to-action\" data-id=\"38fcc960\" data-element_type=\"widget\" data-widget_type=\"call-to-action.default\">\n\t\t\t\t<div class=\"elementor-widget-container\">\n\t\t\t\t\t\t\t<div class=\"elementor-cta\">\n\t\t\t\t\t<div class=\"elementor-cta__bg-wrapper\">\n\t\t\t\t<div class=\"elementor-cta__bg elementor-bg\" style=\"background-image: url(https:\/\/stenhuggeri.se\/wp-content\/uploads\/2025\/05\/3-venkon.jpeg);\" role=\"img\" aria-label=\"3 venkon\"><\/div>\n\t\t\t\t<div class=\"elementor-cta__bg-overlay\"><\/div>\n\t\t\t<\/div>\n\t\t\t\t\t\t\t<div class=\"elementor-cta__content\">\n\t\t\t\t\n\t\t\t\t\t\t\t\t\t<h2 class=\"elementor-cta__title elementor-cta__content-item elementor-content-item\">\n\t\t\t\t\t\tMaximal frihet f\u00f6r dina projekt\t\t\t\t\t<\/h2>\n\t\t\t\t\n\t\t\t\t\t\t\t\t\t<div class=\"elementor-cta__description elementor-cta__content-item elementor-content-item\">\n\t\t\t\t\t\tRotationsaxlarna \u00e4r fullt interpolerade med linj\u00e4ra axlar, vilket g\u00f6r att maskinen kan utf\u00f6ra 5-axlig bearbetning med verktyg och\/eller skiva vid behov.\t\t\t\t\t<\/div>\n\t\t\t\t\n\t\t\t\t\t\t\t<\/div>\n\t\t\t\t\t\t<\/div>\n\t\t\t\t\t\t<\/div>\n\t\t\t\t<\/div>\n\t\t\t\t<\/div>\n\t\t<div class=\"elementor-element elementor-element-124e2616 e-con-full e-flex e-con e-child\" data-id=\"124e2616\" data-element_type=\"container\">\n\t\t\t\t<div class=\"elementor-element elementor-element-51e19cf1 elementor-cta--layout-image-above elementor-widget__width-inherit elementor-cta--skin-classic elementor-animated-content elementor-widget elementor-widget-call-to-action\" data-id=\"51e19cf1\" data-element_type=\"widget\" data-widget_type=\"call-to-action.default\">\n\t\t\t\t<div class=\"elementor-widget-container\">\n\t\t\t\t\t\t\t<div class=\"elementor-cta\">\n\t\t\t\t\t<div class=\"elementor-cta__bg-wrapper\">\n\t\t\t\t<div class=\"elementor-cta__bg elementor-bg\" style=\"background-image: url(https:\/\/stenhuggeri.se\/wp-content\/uploads\/2025\/05\/4-venkon.jpeg);\" role=\"img\" aria-label=\"4 venkon\"><\/div>\n\t\t\t\t<div class=\"elementor-cta__bg-overlay\"><\/div>\n\t\t\t<\/div>\n\t\t\t\t\t\t\t<div class=\"elementor-cta__content\">\n\t\t\t\t\n\t\t\t\t\t\t\t\t\t<h2 class=\"elementor-cta__title elementor-cta__content-item elementor-content-item\">\n\t\t\t\t\t\tEnkel programmering\t\t\t\t\t<\/h2>\n\t\t\t\t\n\t\t\t\t\t\t\t\t\t<div class=\"elementor-cta__description elementor-cta__content-item elementor-content-item\">\n\t\t\t\t\t\tSmidig och intuitiv programmering tack vare programvaran som \u00e4r installerad direkt p\u00e5 maskinen.\t\t\t\t\t<\/div>\n\t\t\t\t\n\t\t\t\t\t\t\t<\/div>\n\t\t\t\t\t\t<\/div>\n\t\t\t\t\t\t<\/div>\n\t\t\t\t<\/div>\n\t\t\t\t<\/div>\n\t\t\t\t<\/div>\n\t\t\t\t<\/div>\n\t\t<div class=\"elementor-element elementor-element-e8f8b7f e-flex e-con-boxed e-con e-parent\" data-id=\"e8f8b7f\" data-element_type=\"container\" data-settings=\"{&quot;background_background&quot;:&quot;gradient&quot;}\">\n\t\t\t\t\t<div class=\"e-con-inner\">\n\t\t\t\t<div class=\"elementor-element elementor-element-15127d2 elementor-widget elementor-widget-heading\" data-id=\"15127d2\" data-element_type=\"widget\" data-widget_type=\"heading.default\">\n\t\t\t\t<div class=\"elementor-widget-container\">\n\t\t\t\t\t<h2 class=\"elementor-heading-title elementor-size-default\">Teknisk information<\/h2>\t\t\t\t<\/div>\n\t\t\t\t<\/div>\n\t\t\t\t<div class=\"elementor-element elementor-element-7346ca9 elementor-widget elementor-widget-elementskit-tablepress\" data-id=\"7346ca9\" data-element_type=\"widget\" data-widget_type=\"elementskit-tablepress.default\">\n\t\t\t\t<div class=\"elementor-widget-container\">\n\t\t\t\t\t<div class=\"elemenetskit-tablepress ekit-wid-con\" id=\"ekit_tablepress_7346ca9\">\n<table id=\"tablepress-3\" class=\"tablepress tablepress-id-3\">\n<tbody class=\"row-striping row-hover\">\n<tr class=\"row-1\">\n\t<td class=\"column-1\">Bladdiameter<\/td><td class=\"column-2\">350 \u00f7 625 mm \/ 14 \u00f7 25 tum<\/td>\n<\/tr>\n<tr class=\"row-2\">\n\t<td class=\"column-1\">Maximal arbetstjocklek (90\u00b0 s\u00e5gaggregat)<\/td><td class=\"column-2\">200 mm \/ 8 tum<\/td>\n<\/tr>\n<tr class=\"row-3\">\n\t<td class=\"column-1\">Elektrospindel<\/td><td class=\"column-2\">14,3 kW \/ 19,5 HP<\/td>\n<\/tr>\n<tr class=\"row-4\">\n\t<td class=\"column-1\">Elektrospindelvarvtal<\/td><td class=\"column-2\">0\u00f75000 rpm<\/td>\n<\/tr>\n<tr class=\"row-5\">\n\t<td class=\"column-1\">Huvudrotation (C-axel)<\/td><td class=\"column-2\">\u00b1 180\u00b0 (360\u00b0)<\/td>\n<\/tr>\n<tr class=\"row-6\">\n\t<td class=\"column-1\">Huvudlutning (A-axel)<\/td><td class=\"column-2\">0\u00b0 - 90\u00b0<\/td>\n<\/tr>\n<tr class=\"row-7\">\n\t<td class=\"column-1\">X-axel r\u00f6relse och hastighet<\/td><td class=\"column-2\">3950 mm \/ 156 tum - 30 m\/min<\/td>\n<\/tr>\n<tr class=\"row-8\">\n\t<td class=\"column-1\">Y-axel r\u00f6relse och hastighet<\/td><td class=\"column-2\">2450 mm \/ 97 tum - 25 m\/min<\/td>\n<\/tr>\n<tr class=\"row-9\">\n\t<td class=\"column-1\">Z-axel r\u00f6relse och hastighet<\/td><td class=\"column-2\">400 mm \/ 16 tum - 7,5 m\/min<\/td>\n<\/tr>\n<tr class=\"row-10\">\n\t<td class=\"column-1\">Arbetsb\u00e4nkens m\u00e5tt<\/td><td class=\"column-2\">3600x2000 mm \/ 142x79 tum<\/td>\n<\/tr>\n<tr class=\"row-11\">\n\t<td class=\"column-1\">Minsta utrymme som kr\u00e4vs f\u00f6r installation<\/td><td class=\"column-2\">6400*x4110x3020 mm \/ 252x162x119 tum<\/td>\n<\/tr>\n<tr class=\"row-12\">\n\t<td class=\"column-1\">Total maskinvikt<\/td><td class=\"column-2\">Upp till 4 400 kg \/ 9 700 lb<\/td>\n<\/tr>\n<\/tbody>\n<\/table>\n<!-- #tablepress-3 from cache --><\/div>\t\t\t\t<\/div>\n\t\t\t\t<\/div>\n\t\t\t\t\t<\/div>\n\t\t\t\t<\/div>\n\t\t<div class=\"elementor-element elementor-element-70ab8a3 e-flex e-con-boxed e-con e-parent\" data-id=\"70ab8a3\" data-element_type=\"container\" data-settings=\"{&quot;background_background&quot;:&quot;classic&quot;}\">\n\t\t\t\t\t<div class=\"e-con-inner\">\n\t\t\t\t<div class=\"elementor-element elementor-element-f470fff elementor-widget elementor-widget-text-editor\" data-id=\"f470fff\" data-element_type=\"widget\" data-widget_type=\"text-editor.default\">\n\t\t\t\t<div class=\"elementor-widget-container\">\n\t\t\t\t\t\t\t\t\t<p><span style=\"font-weight: 400;\">*exklusive det utrymme som kr\u00e4vs f\u00f6r \u00e5tkomst till elcentralen<\/span><\/p>\t\t\t\t\t\t\t\t<\/div>\n\t\t\t\t<\/div>\n\t\t\t\t\t<\/div>\n\t\t\t\t<\/div>\n\t\t<div class=\"elementor-element elementor-element-1297333 e-flex e-con-boxed e-con e-parent\" data-id=\"1297333\" data-element_type=\"container\" data-settings=\"{&quot;background_background&quot;:&quot;classic&quot;}\">\n\t\t\t\t\t<div class=\"e-con-inner\">\n\t\t\t\t<div class=\"elementor-element elementor-element-e22c150 elementor-align-right elementor-widget elementor-widget-button\" data-id=\"e22c150\" data-element_type=\"widget\" data-widget_type=\"button.default\">\n\t\t\t\t<div class=\"elementor-widget-container\">\n\t\t\t\t\t\t\t\t\t<div class=\"elementor-button-wrapper\">\n\t\t\t\t\t<a class=\"elementor-button elementor-button-link elementor-size-sm\" href=\"http:\/\/stenhuggeri.se\/wp-content\/uploads\/2025\/06\/Brembana-Venkon_ENG.pdf\">\n\t\t\t\t\t\t<span class=\"elementor-button-content-wrapper\">\n\t\t\t\t\t\t\t\t\t<span class=\"elementor-button-text\">Dokumentation<\/span>\n\t\t\t\t\t<\/span>\n\t\t\t\t\t<\/a>\n\t\t\t\t<\/div>\n\t\t\t\t\t\t\t\t<\/div>\n\t\t\t\t<\/div>\n\t\t\t\t\t<\/div>\n\t\t\t\t<\/div>\n\t\t\t\t<\/div>\n\t\t","protected":false},"excerpt":{"rendered":"<p>Sida med information och specifikationer f\u00f6r CNC maskinen: Brembana Formax<\/p>\n","protected":false},"author":2,"featured_media":0,"parent":0,"menu_order":0,"comment_status":"closed","ping_status":"closed","template":"","meta":{"footnotes":""},"class_list":["post-912","page","type-page","status-publish","hentry"],"_links":{"self":[{"href":"https:\/\/stenhuggeri.se\/index.php?rest_route=\/wp\/v2\/pages\/912","targetHints":{"allow":["GET"]}}],"collection":[{"href":"https:\/\/stenhuggeri.se\/index.php?rest_route=\/wp\/v2\/pages"}],"about":[{"href":"https:\/\/stenhuggeri.se\/index.php?rest_route=\/wp\/v2\/types\/page"}],"author":[{"embeddable":true,"href":"https:\/\/stenhuggeri.se\/index.php?rest_route=\/wp\/v2\/users\/2"}],"replies":[{"embeddable":true,"href":"https:\/\/stenhuggeri.se\/index.php?rest_route=%2Fwp%2Fv2%2Fcomments&post=912"}],"version-history":[{"count":23,"href":"https:\/\/stenhuggeri.se\/index.php?rest_route=\/wp\/v2\/pages\/912\/revisions"}],"predecessor-version":[{"id":1755,"href":"https:\/\/stenhuggeri.se\/index.php?rest_route=\/wp\/v2\/pages\/912\/revisions\/1755"}],"wp:attachment":[{"href":"https:\/\/stenhuggeri.se\/index.php?rest_route=%2Fwp%2Fv2%2Fmedia&parent=912"}],"curies":[{"name":"wp","href":"https:\/\/api.w.org\/{rel}","templated":true}]}}