{"id":648,"date":"2025-05-28T06:18:32","date_gmt":"2025-05-28T04:18:32","guid":{"rendered":"http:\/\/dev2.nilssonssten.se\/?page_id=648"},"modified":"2025-06-26T10:52:23","modified_gmt":"2025-06-26T08:52:23","slug":"porslinsfoton","status":"publish","type":"page","link":"https:\/\/stenhuggeri.se\/?page_id=648","title":{"rendered":"Porslinsfoton"},"content":{"rendered":"\t\t<div data-elementor-type=\"wp-page\" data-elementor-id=\"648\" class=\"elementor elementor-648\" data-elementor-post-type=\"page\">\n\t\t\t\t<div class=\"elementor-element elementor-element-47ea47ab e-con-full e-flex e-con e-parent\" data-id=\"47ea47ab\" data-element_type=\"container\" data-settings=\"{&quot;background_background&quot;:&quot;classic&quot;}\">\n\t\t<div class=\"elementor-element elementor-element-7e1f813c e-con-full e-flex e-con e-child\" data-id=\"7e1f813c\" data-element_type=\"container\">\n\t\t\t\t<div class=\"elementor-element elementor-element-42098085 elementor-widget elementor-widget-heading\" data-id=\"42098085\" data-element_type=\"widget\" data-settings=\"{&quot;_animation&quot;:&quot;none&quot;}\" data-widget_type=\"heading.default\">\n\t\t\t\t<div class=\"elementor-widget-container\">\n\t\t\t\t\t<h1 class=\"elementor-heading-title elementor-size-default\">Porslinsfoto<\/h1>\t\t\t\t<\/div>\n\t\t\t\t<\/div>\n\t\t\t\t<div class=\"elementor-element elementor-element-625ff5b0 elementor-widget__width-initial elementor-widget-tablet__width-inherit elementor-widget-mobile__width-inherit elementor-widget elementor-widget-text-editor\" data-id=\"625ff5b0\" data-element_type=\"widget\" data-widget_type=\"text-editor.default\">\n\t\t\t\t<div class=\"elementor-widget-container\">\n\t\t\t\t\t\t\t\t\t<p><strong>Vi \u00e4r stolta \u00f6ver att vara de enda i Sverige som tillverkar dessa h\u00f6gkvalitativa och personliga porslinsfoton f\u00f6r gravstenar.<\/strong><\/p><p>Varje porslinsfoto \u00e4r noggrant framst\u00e4llt och tillverkat med omsorg p\u00e5 v\u00e5rt stenhuggeri i S\u00f6lvesborg, vilket garanterar en unik och h\u00e5llbar dekoration. F\u00f6r att passa olika \u00f6nskem\u00e5l finns v\u00e5ra porslinsfoton i flera olika former, s\u00e5som rektangul\u00e4r, oval, hj\u00e4rta och rund. Dessutom kan du v\u00e4lja mellan f\u00e4rg eller svartvitt, vilket g\u00f6r det m\u00f6jligt att anpassa fotot efter stil och personliga preferenser.\u00a0<\/p>\t\t\t\t\t\t\t\t<\/div>\n\t\t\t\t<\/div>\n\t\t\t\t<\/div>\n\t\t<div class=\"elementor-element elementor-element-13585a3d e-con-full e-flex e-con e-child\" data-id=\"13585a3d\" data-element_type=\"container\">\n\t\t\t\t<div class=\"elementor-element elementor-element-4ff34d9e elementor-widget-mobile__width-initial elementor-widget__width-initial elementor-widget elementor-widget-image\" data-id=\"4ff34d9e\" data-element_type=\"widget\" data-widget_type=\"image.default\">\n\t\t\t\t<div class=\"elementor-widget-container\">\n\t\t\t\t\t\t\t\t\t\t\t\t\t\t\t<img fetchpriority=\"high\" decoding=\"async\" width=\"800\" height=\"572\" src=\"https:\/\/stenhuggeri.se\/wp-content\/uploads\/2025\/06\/ny-aduva-porslinsfoto-ljusare-bakgrund.jpg\" class=\"attachment-large size-large wp-image-1369\" alt=\"\" \/>\t\t\t\t\t\t\t\t\t\t\t\t\t\t\t<\/div>\n\t\t\t\t<\/div>\n\t\t\t\t<div class=\"elementor-element elementor-element-66b785b6 elementor-widget-mobile__width-initial elementor-widget__width-inherit elementor-widget elementor-widget-image\" data-id=\"66b785b6\" data-element_type=\"widget\" data-widget_type=\"image.default\">\n\t\t\t\t<div class=\"elementor-widget-container\">\n\t\t\t\t\t\t\t\t\t\t\t\t\t\t\t<img decoding=\"async\" width=\"800\" height=\"1000\" src=\"https:\/\/stenhuggeri.se\/wp-content\/uploads\/2025\/06\/arbete-m.-porslinsfoto.jpg\" class=\"attachment-large size-large wp-image-1394\" alt=\"\" \/>\t\t\t\t\t\t\t\t\t\t\t\t\t\t\t<\/div>\n\t\t\t\t<\/div>\n\t\t\t\t<\/div>\n\t\t\t\t<\/div>\n\t\t<div class=\"elementor-element elementor-element-dfacfe7 e-flex e-con-boxed e-con e-parent\" data-id=\"dfacfe7\" data-element_type=\"container\" data-settings=\"{&quot;background_background&quot;:&quot;classic&quot;}\">\n\t\t\t\t\t<div class=\"e-con-inner\">\n\t\t\t\t<div class=\"elementor-element elementor-element-380e703 elementor-widget elementor-widget-heading\" data-id=\"380e703\" data-element_type=\"widget\" data-widget_type=\"heading.default\">\n\t\t\t\t<div class=\"elementor-widget-container\">\n\t\t\t\t\t<h2 class=\"elementor-heading-title elementor-size-default\">Modeller &amp; Storlekar<\/h2>\t\t\t\t<\/div>\n\t\t\t\t<\/div>\n\t\t\t\t\t<\/div>\n\t\t\t\t<\/div>\n\t\t<div class=\"elementor-element elementor-element-e18e2b7 e-flex e-con-boxed e-con e-parent\" data-id=\"e18e2b7\" data-element_type=\"container\" data-settings=\"{&quot;background_background&quot;:&quot;classic&quot;}\">\n\t\t\t\t\t<div class=\"e-con-inner\">\n\t\t<div class=\"elementor-element elementor-element-91d8a7b e-con-full e-flex e-con e-child\" data-id=\"91d8a7b\" data-element_type=\"container\">\n\t\t<div class=\"elementor-element elementor-element-90203b5 e-grid e-con-full e-con e-child\" data-id=\"90203b5\" data-element_type=\"container\">\n\t\t<div class=\"elementor-element elementor-element-ca2fbd9 e-con-full e-flex e-con e-child\" data-id=\"ca2fbd9\" data-element_type=\"container\">\n\t\t<div class=\"elementor-element elementor-element-aa015be e-con-full e-flex e-con e-child\" data-id=\"aa015be\" data-element_type=\"container\">\n\t\t\t\t<div class=\"elementor-element elementor-element-6d52be1 elementor-widget elementor-widget-image\" data-id=\"6d52be1\" data-element_type=\"widget\" data-widget_type=\"image.default\">\n\t\t\t\t<div class=\"elementor-widget-container\">\n\t\t\t\t\t\t\t\t\t\t\t\t\t\t\t<img decoding=\"async\" width=\"212\" height=\"300\" src=\"https:\/\/stenhuggeri.se\/wp-content\/uploads\/2025\/06\/Oval-Staende.png\" class=\"elementor-animation-sink attachment-medium size-medium wp-image-1376\" alt=\"\" \/>\t\t\t\t\t\t\t\t\t\t\t\t\t\t\t<\/div>\n\t\t\t\t<\/div>\n\t\t\t\t<div class=\"elementor-element elementor-element-2fd3dbd elementor-widget elementor-widget-heading\" data-id=\"2fd3dbd\" data-element_type=\"widget\" data-widget_type=\"heading.default\">\n\t\t\t\t<div class=\"elementor-widget-container\">\n\t\t\t\t\t<h2 class=\"elementor-heading-title elementor-size-default\">Oval<\/h2>\t\t\t\t<\/div>\n\t\t\t\t<\/div>\n\t\t\t\t<div class=\"elementor-element elementor-element-4ef4aa1 elementor-widget elementor-widget-text-editor\" data-id=\"4ef4aa1\" data-element_type=\"widget\" data-widget_type=\"text-editor.default\">\n\t\t\t\t<div class=\"elementor-widget-container\">\n\t\t\t\t\t\t\t\t\t<p>7&#215;9 \u25aa 8&#215;10 \u25aa 9&#215;12 \u25aa 10&#215;13 \u25aa 11&#215;15 \u25aa 13&#215;18 cm<\/p>\t\t\t\t\t\t\t\t<\/div>\n\t\t\t\t<\/div>\n\t\t\t\t<\/div>\n\t\t\t\t<\/div>\n\t\t<div class=\"elementor-element elementor-element-42c554c e-con-full e-flex e-con e-child\" data-id=\"42c554c\" data-element_type=\"container\">\n\t\t<div class=\"elementor-element elementor-element-5489767 e-con-full e-flex e-con e-child\" data-id=\"5489767\" data-element_type=\"container\">\n\t\t\t\t<div class=\"elementor-element elementor-element-eebfb5f elementor-widget elementor-widget-image\" data-id=\"eebfb5f\" data-element_type=\"widget\" data-widget_type=\"image.default\">\n\t\t\t\t<div class=\"elementor-widget-container\">\n\t\t\t\t\t\t\t\t\t\t\t\t\t\t\t<img loading=\"lazy\" decoding=\"async\" width=\"212\" height=\"300\" src=\"https:\/\/stenhuggeri.se\/wp-content\/uploads\/2025\/06\/Rektangular.png\" class=\"elementor-animation-sink attachment-medium size-medium wp-image-1378\" alt=\"\" \/>\t\t\t\t\t\t\t\t\t\t\t\t\t\t\t<\/div>\n\t\t\t\t<\/div>\n\t\t\t\t<div class=\"elementor-element elementor-element-22663d3 elementor-widget elementor-widget-heading\" data-id=\"22663d3\" data-element_type=\"widget\" data-widget_type=\"heading.default\">\n\t\t\t\t<div class=\"elementor-widget-container\">\n\t\t\t\t\t<h2 class=\"elementor-heading-title elementor-size-default\">Rektangel<\/h2>\t\t\t\t<\/div>\n\t\t\t\t<\/div>\n\t\t\t\t<div class=\"elementor-element elementor-element-1b223fa elementor-widget elementor-widget-text-editor\" data-id=\"1b223fa\" data-element_type=\"widget\" data-widget_type=\"text-editor.default\">\n\t\t\t\t<div class=\"elementor-widget-container\">\n\t\t\t\t\t\t\t\t\t<p>7&#215;9 \u25aa 9&#215;12 \u25aa 16&#215;20 cm<\/p>\t\t\t\t\t\t\t\t<\/div>\n\t\t\t\t<\/div>\n\t\t\t\t<\/div>\n\t\t\t\t<\/div>\n\t\t<div class=\"elementor-element elementor-element-901308a e-con-full e-flex e-con e-child\" data-id=\"901308a\" data-element_type=\"container\">\n\t\t\t\t<div class=\"elementor-element elementor-element-4163247 elementor-widget elementor-widget-image\" data-id=\"4163247\" data-element_type=\"widget\" data-widget_type=\"image.default\">\n\t\t\t\t<div class=\"elementor-widget-container\">\n\t\t\t\t\t\t\t\t\t\t\t\t\t\t\t<img loading=\"lazy\" decoding=\"async\" width=\"212\" height=\"300\" src=\"https:\/\/stenhuggeri.se\/wp-content\/uploads\/2025\/06\/Hjarta-A.png\" class=\"elementor-animation-sink attachment-medium size-medium wp-image-1372\" alt=\"\" \/>\t\t\t\t\t\t\t\t\t\t\t\t\t\t\t<\/div>\n\t\t\t\t<\/div>\n\t\t\t\t<div class=\"elementor-element elementor-element-1e50d79 elementor-widget elementor-widget-heading\" data-id=\"1e50d79\" data-element_type=\"widget\" data-widget_type=\"heading.default\">\n\t\t\t\t<div class=\"elementor-widget-container\">\n\t\t\t\t\t<h2 class=\"elementor-heading-title elementor-size-default\">Hj\u00e4rta A<\/h2>\t\t\t\t<\/div>\n\t\t\t\t<\/div>\n\t\t\t\t<div class=\"elementor-element elementor-element-ee2b2d6 elementor-widget elementor-widget-text-editor\" data-id=\"ee2b2d6\" data-element_type=\"widget\" data-widget_type=\"text-editor.default\">\n\t\t\t\t<div class=\"elementor-widget-container\">\n\t\t\t\t\t\t\t\t\t<p>10&#215;10 \u25aa 12&#215;12 cm<\/p>\t\t\t\t\t\t\t\t<\/div>\n\t\t\t\t<\/div>\n\t\t\t\t<\/div>\n\t\t\t\t<\/div>\n\t\t\t\t<\/div>\n\t\t<div class=\"elementor-element elementor-element-0f88054 e-con-full e-flex e-con e-child\" data-id=\"0f88054\" data-element_type=\"container\">\n\t\t<div class=\"elementor-element elementor-element-958beaa e-con-full e-flex e-con e-child\" data-id=\"958beaa\" data-element_type=\"container\">\n\t\t<div class=\"elementor-element elementor-element-7fcea5c e-grid e-con-full e-con e-child\" data-id=\"7fcea5c\" data-element_type=\"container\">\n\t\t<div class=\"elementor-element elementor-element-fae24e2 e-con-full e-flex e-con e-child\" data-id=\"fae24e2\" data-element_type=\"container\">\n\t\t<div class=\"elementor-element elementor-element-3c1d837 e-con-full e-flex e-con e-child\" data-id=\"3c1d837\" data-element_type=\"container\">\n\t\t\t\t<div class=\"elementor-element elementor-element-b93c88f elementor-widget elementor-widget-image\" data-id=\"b93c88f\" data-element_type=\"widget\" data-widget_type=\"image.default\">\n\t\t\t\t<div class=\"elementor-widget-container\">\n\t\t\t\t\t\t\t\t\t\t\t\t\t\t\t<img loading=\"lazy\" decoding=\"async\" width=\"212\" height=\"300\" src=\"https:\/\/stenhuggeri.se\/wp-content\/uploads\/2025\/05\/Cirkel.png\" class=\"elementor-animation-sink attachment-medium size-medium wp-image-654\" alt=\"\" \/>\t\t\t\t\t\t\t\t\t\t\t\t\t\t\t<\/div>\n\t\t\t\t<\/div>\n\t\t\t\t<div class=\"elementor-element elementor-element-84ba980 elementor-widget elementor-widget-heading\" data-id=\"84ba980\" data-element_type=\"widget\" data-widget_type=\"heading.default\">\n\t\t\t\t<div class=\"elementor-widget-container\">\n\t\t\t\t\t<h2 class=\"elementor-heading-title elementor-size-default\">Rund<\/h2>\t\t\t\t<\/div>\n\t\t\t\t<\/div>\n\t\t\t\t<div class=\"elementor-element elementor-element-97d0ed5 elementor-widget elementor-widget-text-editor\" data-id=\"97d0ed5\" data-element_type=\"widget\" data-widget_type=\"text-editor.default\">\n\t\t\t\t<div class=\"elementor-widget-container\">\n\t\t\t\t\t\t\t\t\t<p>12&#215;12 cm<\/p>\t\t\t\t\t\t\t\t<\/div>\n\t\t\t\t<\/div>\n\t\t\t\t<\/div>\n\t\t\t\t<\/div>\n\t\t<div class=\"elementor-element elementor-element-7289e2c e-con-full e-flex e-con e-child\" data-id=\"7289e2c\" data-element_type=\"container\">\n\t\t<div class=\"elementor-element elementor-element-134d75e e-con-full e-flex e-con e-child\" data-id=\"134d75e\" data-element_type=\"container\">\n\t\t\t\t<div class=\"elementor-element elementor-element-91a7ede elementor-widget elementor-widget-image\" data-id=\"91a7ede\" data-element_type=\"widget\" data-widget_type=\"image.default\">\n\t\t\t\t<div class=\"elementor-widget-container\">\n\t\t\t\t\t\t\t\t\t\t\t\t\t\t\t<img loading=\"lazy\" decoding=\"async\" width=\"212\" height=\"300\" src=\"https:\/\/stenhuggeri.se\/wp-content\/uploads\/2025\/06\/Kvadrat.png\" class=\"elementor-animation-sink attachment-medium size-medium wp-image-1375\" alt=\"\" \/>\t\t\t\t\t\t\t\t\t\t\t\t\t\t\t<\/div>\n\t\t\t\t<\/div>\n\t\t\t\t<div class=\"elementor-element elementor-element-3e12f17 elementor-widget elementor-widget-heading\" data-id=\"3e12f17\" data-element_type=\"widget\" data-widget_type=\"heading.default\">\n\t\t\t\t<div class=\"elementor-widget-container\">\n\t\t\t\t\t<h2 class=\"elementor-heading-title elementor-size-default\">Kvadrat<\/h2>\t\t\t\t<\/div>\n\t\t\t\t<\/div>\n\t\t\t\t<div class=\"elementor-element elementor-element-9a03246 elementor-widget elementor-widget-text-editor\" data-id=\"9a03246\" data-element_type=\"widget\" data-widget_type=\"text-editor.default\">\n\t\t\t\t<div class=\"elementor-widget-container\">\n\t\t\t\t\t\t\t\t\t<p>10&#215;10 cm<\/p>\t\t\t\t\t\t\t\t<\/div>\n\t\t\t\t<\/div>\n\t\t\t\t<\/div>\n\t\t\t\t<\/div>\n\t\t<div class=\"elementor-element elementor-element-6683eb8 e-con-full e-flex e-con e-child\" data-id=\"6683eb8\" data-element_type=\"container\">\n\t\t\t\t<div class=\"elementor-element elementor-element-a64e22b elementor-widget elementor-widget-image\" data-id=\"a64e22b\" data-element_type=\"widget\" data-widget_type=\"image.default\">\n\t\t\t\t<div class=\"elementor-widget-container\">\n\t\t\t\t\t\t\t\t\t\t\t\t\t\t\t<img loading=\"lazy\" decoding=\"async\" width=\"212\" height=\"300\" src=\"https:\/\/stenhuggeri.se\/wp-content\/uploads\/2025\/06\/Hjarta-B.png\" class=\"elementor-animation-sink attachment-medium size-medium wp-image-1384\" alt=\"\" \/>\t\t\t\t\t\t\t\t\t\t\t\t\t\t\t<\/div>\n\t\t\t\t<\/div>\n\t\t\t\t<div class=\"elementor-element elementor-element-76590d6 elementor-widget elementor-widget-heading\" data-id=\"76590d6\" data-element_type=\"widget\" data-widget_type=\"heading.default\">\n\t\t\t\t<div class=\"elementor-widget-container\">\n\t\t\t\t\t<h2 class=\"elementor-heading-title elementor-size-default\">Hj\u00e4rta B<\/h2>\t\t\t\t<\/div>\n\t\t\t\t<\/div>\n\t\t\t\t<div class=\"elementor-element elementor-element-b9c122d elementor-widget elementor-widget-text-editor\" data-id=\"b9c122d\" data-element_type=\"widget\" data-widget_type=\"text-editor.default\">\n\t\t\t\t<div class=\"elementor-widget-container\">\n\t\t\t\t\t\t\t\t\t<p>11&#215;12 cm<\/p>\t\t\t\t\t\t\t\t<\/div>\n\t\t\t\t<\/div>\n\t\t\t\t<\/div>\n\t\t\t\t<\/div>\n\t\t\t\t<\/div>\n\t\t\t\t<\/div>\n\t\t\t\t\t<\/div>\n\t\t\t\t<\/div>\n\t\t<div class=\"elementor-element elementor-element-2a8cf20 e-flex e-con-boxed e-con e-parent\" data-id=\"2a8cf20\" data-element_type=\"container\" data-settings=\"{&quot;background_background&quot;:&quot;classic&quot;}\">\n\t\t\t\t\t<div class=\"e-con-inner\">\n\t\t<div class=\"elementor-element elementor-element-bceaae4 e-con-full e-flex e-con e-child\" data-id=\"bceaae4\" data-element_type=\"container\">\n\t\t\t\t<div class=\"elementor-element elementor-element-90f7926 elementor-widget elementor-widget-heading\" data-id=\"90f7926\" data-element_type=\"widget\" data-widget_type=\"heading.default\">\n\t\t\t\t<div class=\"elementor-widget-container\">\n\t\t\t\t\t<h2 class=\"elementor-heading-title elementor-size-default\">Till\u00e4gg<\/h2>\t\t\t\t<\/div>\n\t\t\t\t<\/div>\n\t\t\t\t<div class=\"elementor-element elementor-element-dfd7d95 elementor-widget elementor-widget-text-editor\" data-id=\"dfd7d95\" data-element_type=\"widget\" data-widget_type=\"text-editor.default\">\n\t\t\t\t<div class=\"elementor-widget-container\">\n\t\t\t\t\t\t\t\t\t<ul><li>Guld \/ Platinum kant (endast med ovalt porslinsfoto)<\/li><li>Utfallande foto (utan vit ram)<\/li><li>Normal retuschering (klippa bort bakgrund)<\/li><li>Special retuschering<\/li><\/ul>\t\t\t\t\t\t\t\t<\/div>\n\t\t\t\t<\/div>\n\t\t\t\t<\/div>\n\t\t\t\t\t<\/div>\n\t\t\t\t<\/div>\n\t\t<div class=\"elementor-element elementor-element-f5a8d4f e-flex e-con-boxed e-con e-parent\" data-id=\"f5a8d4f\" data-element_type=\"container\" data-settings=\"{&quot;background_background&quot;:&quot;classic&quot;}\">\n\t\t\t\t\t<div class=\"e-con-inner\">\n\t\t\t\t<div class=\"elementor-element elementor-element-0a4ad0b elementor-widget elementor-widget-heading\" data-id=\"0a4ad0b\" data-element_type=\"widget\" data-widget_type=\"heading.default\">\n\t\t\t\t<div class=\"elementor-widget-container\">\n\t\t\t\t\t<h2 class=\"elementor-heading-title elementor-size-default\">Vanliga fr\u00e5gor och funderingar:<\/h2>\t\t\t\t<\/div>\n\t\t\t\t<\/div>\n\t\t\t\t\t<\/div>\n\t\t\t\t<\/div>\n\t\t<div class=\"elementor-element elementor-element-a1a033e e-con-full e-flex e-con e-parent\" data-id=\"a1a033e\" data-element_type=\"container\" data-settings=\"{&quot;background_background&quot;:&quot;classic&quot;}\">\n\t\t\t\t<div class=\"elementor-element elementor-element-274b3532 elementor-widget__width-inherit elementor-widget elementor-widget-toggle\" data-id=\"274b3532\" data-element_type=\"widget\" data-widget_type=\"toggle.default\">\n\t\t\t\t<div class=\"elementor-widget-container\">\n\t\t\t\t\t\t\t<div class=\"elementor-toggle\">\n\t\t\t\t\t\t\t<div class=\"elementor-toggle-item\">\n\t\t\t\t\t<div id=\"elementor-tab-title-6591\" class=\"elementor-tab-title\" data-tab=\"1\" role=\"button\" aria-controls=\"elementor-tab-content-6591\" aria-expanded=\"false\">\n\t\t\t\t\t\t\t\t\t\t\t\t<span class=\"elementor-toggle-icon elementor-toggle-icon-right\" aria-hidden=\"true\">\n\t\t\t\t\t\t\t\t\t\t\t\t\t\t\t<span class=\"elementor-toggle-icon-closed\"><svg class=\"e-font-icon-svg e-fas-plus\" viewBox=\"0 0 448 512\" xmlns=\"http:\/\/www.w3.org\/2000\/svg\"><path d=\"M416 208H272V64c0-17.67-14.33-32-32-32h-32c-17.67 0-32 14.33-32 32v144H32c-17.67 0-32 14.33-32 32v32c0 17.67 14.33 32 32 32h144v144c0 17.67 14.33 32 32 32h32c17.67 0 32-14.33 32-32V304h144c17.67 0 32-14.33 32-32v-32c0-17.67-14.33-32-32-32z\"><\/path><\/svg><\/span>\n\t\t\t\t\t\t\t\t<span class=\"elementor-toggle-icon-opened\"><svg class=\"elementor-toggle-icon-opened e-font-icon-svg e-fas-minus\" viewBox=\"0 0 448 512\" xmlns=\"http:\/\/www.w3.org\/2000\/svg\"><path d=\"M416 208H32c-17.67 0-32 14.33-32 32v32c0 17.67 14.33 32 32 32h384c17.67 0 32-14.33 32-32v-32c0-17.67-14.33-32-32-32z\"><\/path><\/svg><\/span>\n\t\t\t\t\t\t\t\t\t\t\t\t\t<\/span>\n\t\t\t\t\t\t\t\t\t\t\t\t<a class=\"elementor-toggle-title\" tabindex=\"0\">Hur l\u00e4gger jag en best\u00e4llning?<\/a>\n\t\t\t\t\t<\/div>\n\n\t\t\t\t\t<div id=\"elementor-tab-content-6591\" class=\"elementor-tab-content elementor-clearfix\" data-tab=\"1\" role=\"region\" aria-labelledby=\"elementor-tab-title-6591\"><p>F\u00f6r att l\u00e4gga en best\u00e4llning rekommenderar vi att ni kontaktar oss p\u00e5 <em><strong>info@stenhuggeri.se<\/strong><\/em><\/p><\/div>\n\t\t\t\t<\/div>\n\t\t\t\t\t\t\t<div class=\"elementor-toggle-item\">\n\t\t\t\t\t<div id=\"elementor-tab-title-6592\" class=\"elementor-tab-title\" data-tab=\"2\" role=\"button\" aria-controls=\"elementor-tab-content-6592\" aria-expanded=\"false\">\n\t\t\t\t\t\t\t\t\t\t\t\t<span class=\"elementor-toggle-icon elementor-toggle-icon-right\" aria-hidden=\"true\">\n\t\t\t\t\t\t\t\t\t\t\t\t\t\t\t<span class=\"elementor-toggle-icon-closed\"><svg class=\"e-font-icon-svg e-fas-plus\" viewBox=\"0 0 448 512\" xmlns=\"http:\/\/www.w3.org\/2000\/svg\"><path d=\"M416 208H272V64c0-17.67-14.33-32-32-32h-32c-17.67 0-32 14.33-32 32v144H32c-17.67 0-32 14.33-32 32v32c0 17.67 14.33 32 32 32h144v144c0 17.67 14.33 32 32 32h32c17.67 0 32-14.33 32-32V304h144c17.67 0 32-14.33 32-32v-32c0-17.67-14.33-32-32-32z\"><\/path><\/svg><\/span>\n\t\t\t\t\t\t\t\t<span class=\"elementor-toggle-icon-opened\"><svg class=\"elementor-toggle-icon-opened e-font-icon-svg e-fas-minus\" viewBox=\"0 0 448 512\" xmlns=\"http:\/\/www.w3.org\/2000\/svg\"><path d=\"M416 208H32c-17.67 0-32 14.33-32 32v32c0 17.67 14.33 32 32 32h384c17.67 0 32-14.33 32-32v-32c0-17.67-14.33-32-32-32z\"><\/path><\/svg><\/span>\n\t\t\t\t\t\t\t\t\t\t\t\t\t<\/span>\n\t\t\t\t\t\t\t\t\t\t\t\t<a class=\"elementor-toggle-title\" tabindex=\"0\">Vilken information beh\u00f6ver jag ge vid best\u00e4llning?<\/a>\n\t\t\t\t\t<\/div>\n\n\t\t\t\t\t<div id=\"elementor-tab-content-6592\" class=\"elementor-tab-content elementor-clearfix\" data-tab=\"2\" role=\"region\" aria-labelledby=\"elementor-tab-title-6592\"><p>F\u00f6r att s\u00e4kerst\u00e4lla en smidig och effektiv hantering av din best\u00e4llning rekommenderar vi att all relevant information l\u00e4mnas direkt vid best\u00e4llningstillf\u00e4llet.<\/p><p>Det kan d\u00e4rf\u00f6r vara bra att kontrollera f\u00f6ljande:<\/p><ul><li><strong>Bifoga en bild<\/strong><\/li><li><strong>Ange \u00f6nskad modell och storlek<\/strong><\/li><li><strong>Ange om bilden ska vara i f\u00e4rg eller svartvitt, samt om den ska vara med utfall eller ram<\/strong><\/li><li><strong>Eventuella \u00f6nskade till\u00e4gg<\/strong><\/li><\/ul><p><!--EndFragment --><\/p><\/div>\n\t\t\t\t<\/div>\n\t\t\t\t\t\t\t<div class=\"elementor-toggle-item\">\n\t\t\t\t\t<div id=\"elementor-tab-title-6593\" class=\"elementor-tab-title\" data-tab=\"3\" role=\"button\" aria-controls=\"elementor-tab-content-6593\" aria-expanded=\"false\">\n\t\t\t\t\t\t\t\t\t\t\t\t<span class=\"elementor-toggle-icon elementor-toggle-icon-right\" aria-hidden=\"true\">\n\t\t\t\t\t\t\t\t\t\t\t\t\t\t\t<span class=\"elementor-toggle-icon-closed\"><svg class=\"e-font-icon-svg e-fas-plus\" viewBox=\"0 0 448 512\" xmlns=\"http:\/\/www.w3.org\/2000\/svg\"><path d=\"M416 208H272V64c0-17.67-14.33-32-32-32h-32c-17.67 0-32 14.33-32 32v144H32c-17.67 0-32 14.33-32 32v32c0 17.67 14.33 32 32 32h144v144c0 17.67 14.33 32 32 32h32c17.67 0 32-14.33 32-32V304h144c17.67 0 32-14.33 32-32v-32c0-17.67-14.33-32-32-32z\"><\/path><\/svg><\/span>\n\t\t\t\t\t\t\t\t<span class=\"elementor-toggle-icon-opened\"><svg class=\"elementor-toggle-icon-opened e-font-icon-svg e-fas-minus\" viewBox=\"0 0 448 512\" xmlns=\"http:\/\/www.w3.org\/2000\/svg\"><path d=\"M416 208H32c-17.67 0-32 14.33-32 32v32c0 17.67 14.33 32 32 32h384c17.67 0 32-14.33 32-32v-32c0-17.67-14.33-32-32-32z\"><\/path><\/svg><\/span>\n\t\t\t\t\t\t\t\t\t\t\t\t\t<\/span>\n\t\t\t\t\t\t\t\t\t\t\t\t<a class=\"elementor-toggle-title\" tabindex=\"0\">Hur ska jag t\u00e4nka kring bilden?<\/a>\n\t\t\t\t\t<\/div>\n\n\t\t\t\t\t<div id=\"elementor-tab-content-6593\" class=\"elementor-tab-content elementor-clearfix\" data-tab=\"3\" role=\"region\" aria-labelledby=\"elementor-tab-title-6593\"><p>F\u00f6r b\u00e4sta m\u00f6jliga kvalitet p\u00e5 porslinsfotot rekommenderar vi att den inskickade bilden \u00e4r av h\u00f6g uppl\u00f6sning. Vi ser g\u00e4rna att det \u00e4r en ljus och <strong>h\u00f6guppl\u00f6st JPG-fil<\/strong>, och om m\u00f6jligt, att sk\u00e4rmdumpar, samt egen besk\u00e4rning av bild, undviks f\u00f6r att s\u00e4kerst\u00e4lla ett skarpt och tydligt resultat.<\/p><p><!--EndFragment --><\/p><\/div>\n\t\t\t\t<\/div>\n\t\t\t\t\t\t\t<div class=\"elementor-toggle-item\">\n\t\t\t\t\t<div id=\"elementor-tab-title-6594\" class=\"elementor-tab-title\" data-tab=\"4\" role=\"button\" aria-controls=\"elementor-tab-content-6594\" aria-expanded=\"false\">\n\t\t\t\t\t\t\t\t\t\t\t\t<span class=\"elementor-toggle-icon elementor-toggle-icon-right\" aria-hidden=\"true\">\n\t\t\t\t\t\t\t\t\t\t\t\t\t\t\t<span class=\"elementor-toggle-icon-closed\"><svg class=\"e-font-icon-svg e-fas-plus\" viewBox=\"0 0 448 512\" xmlns=\"http:\/\/www.w3.org\/2000\/svg\"><path d=\"M416 208H272V64c0-17.67-14.33-32-32-32h-32c-17.67 0-32 14.33-32 32v144H32c-17.67 0-32 14.33-32 32v32c0 17.67 14.33 32 32 32h144v144c0 17.67 14.33 32 32 32h32c17.67 0 32-14.33 32-32V304h144c17.67 0 32-14.33 32-32v-32c0-17.67-14.33-32-32-32z\"><\/path><\/svg><\/span>\n\t\t\t\t\t\t\t\t<span class=\"elementor-toggle-icon-opened\"><svg class=\"elementor-toggle-icon-opened e-font-icon-svg e-fas-minus\" viewBox=\"0 0 448 512\" xmlns=\"http:\/\/www.w3.org\/2000\/svg\"><path d=\"M416 208H32c-17.67 0-32 14.33-32 32v32c0 17.67 14.33 32 32 32h384c17.67 0 32-14.33 32-32v-32c0-17.67-14.33-32-32-32z\"><\/path><\/svg><\/span>\n\t\t\t\t\t\t\t\t\t\t\t\t\t<\/span>\n\t\t\t\t\t\t\t\t\t\t\t\t<a class=\"elementor-toggle-title\" tabindex=\"0\">Vart hittar jag priserna f\u00f6r porslinsfoto?<\/a>\n\t\t\t\t\t<\/div>\n\n\t\t\t\t\t<div id=\"elementor-tab-content-6594\" class=\"elementor-tab-content elementor-clearfix\" data-tab=\"4\" role=\"region\" aria-labelledby=\"elementor-tab-title-6594\"><p>Priserna f\u00f6r v\u00e5ra olika modeller, storlekar och till\u00e4gg ges ut personligen. F\u00f6r att ta del av v\u00e5r prisinformation, v\u00e4nligen kontakta oss via e-post p\u00e5 <em><strong>info@stenhuggeri.se<\/strong><\/em><\/p><\/div>\n\t\t\t\t<\/div>\n\t\t\t\t\t\t\t\t<\/div>\n\t\t\t\t\t\t<\/div>\n\t\t\t\t<\/div>\n\t\t\t\t<\/div>\n\t\t\t\t<\/div>\n\t\t","protected":false},"excerpt":{"rendered":"<p>Porslinsfoto Vi \u00e4r stolta \u00f6ver att vara de enda i Sverige som tillverkar dessa h\u00f6gkvalitativa och personliga porslinsfoton f\u00f6r gravstenar. Varje porslinsfoto \u00e4r noggrant framst\u00e4llt och tillverkat med omsorg p\u00e5 v\u00e5rt stenhuggeri i S\u00f6lvesborg, vilket garanterar en unik och h\u00e5llbar dekoration. F\u00f6r att passa olika \u00f6nskem\u00e5l finns v\u00e5ra porslinsfoton i flera olika former, s\u00e5som rektangul\u00e4r, [&hellip;]<\/p>\n","protected":false},"author":2,"featured_media":0,"parent":0,"menu_order":0,"comment_status":"closed","ping_status":"closed","template":"","meta":{"footnotes":""},"class_list":["post-648","page","type-page","status-publish","hentry"],"_links":{"self":[{"href":"https:\/\/stenhuggeri.se\/index.php?rest_route=\/wp\/v2\/pages\/648","targetHints":{"allow":["GET"]}}],"collection":[{"href":"https:\/\/stenhuggeri.se\/index.php?rest_route=\/wp\/v2\/pages"}],"about":[{"href":"https:\/\/stenhuggeri.se\/index.php?rest_route=\/wp\/v2\/types\/page"}],"author":[{"embeddable":true,"href":"https:\/\/stenhuggeri.se\/index.php?rest_route=\/wp\/v2\/users\/2"}],"replies":[{"embeddable":true,"href":"https:\/\/stenhuggeri.se\/index.php?rest_route=%2Fwp%2Fv2%2Fcomments&post=648"}],"version-history":[{"count":52,"href":"https:\/\/stenhuggeri.se\/index.php?rest_route=\/wp\/v2\/pages\/648\/revisions"}],"predecessor-version":[{"id":2007,"href":"https:\/\/stenhuggeri.se\/index.php?rest_route=\/wp\/v2\/pages\/648\/revisions\/2007"}],"wp:attachment":[{"href":"https:\/\/stenhuggeri.se\/index.php?rest_route=%2Fwp%2Fv2%2Fmedia&parent=648"}],"curies":[{"name":"wp","href":"https:\/\/api.w.org\/{rel}","templated":true}]}}