{"id":2155,"date":"2025-07-01T07:12:49","date_gmt":"2025-07-01T05:12:49","guid":{"rendered":"http:\/\/dev2.nilssonssten.se\/?page_id=2155"},"modified":"2025-07-04T08:05:41","modified_gmt":"2025-07-04T06:05:41","slug":"anchor-gummiduk","status":"publish","type":"page","link":"https:\/\/stenhuggeri.se\/?page_id=2155","title":{"rendered":"Anchor Gummiduk"},"content":{"rendered":"\t\t<div data-elementor-type=\"wp-page\" data-elementor-id=\"2155\" class=\"elementor elementor-2155\" data-elementor-post-type=\"page\">\n\t\t\t\t<div class=\"elementor-element elementor-element-a56ec22 e-flex e-con-boxed e-con e-parent\" data-id=\"a56ec22\" data-element_type=\"container\" data-settings=\"{&quot;background_background&quot;:&quot;classic&quot;}\">\n\t\t\t\t\t<div class=\"e-con-inner\">\n\t\t\t\t<div class=\"elementor-element elementor-element-aa95da6 elementor-widget elementor-widget-image\" data-id=\"aa95da6\" data-element_type=\"widget\" data-widget_type=\"image.default\">\n\t\t\t\t<div class=\"elementor-widget-container\">\n\t\t\t\t\t\t\t\t\t\t\t\t\t\t\t<img fetchpriority=\"high\" decoding=\"async\" width=\"674\" height=\"153\" src=\"https:\/\/stenhuggeri.se\/wp-content\/uploads\/2025\/06\/anchor-117-sandblast.png\" class=\"attachment-large size-large wp-image-2146\" alt=\"\" \/>\t\t\t\t\t\t\t\t\t\t\t\t\t\t\t<\/div>\n\t\t\t\t<\/div>\n\t\t\t\t<div class=\"elementor-element elementor-element-da1cef8 elementor-widget elementor-widget-text-editor\" data-id=\"da1cef8\" data-element_type=\"widget\" data-widget_type=\"text-editor.default\">\n\t\t\t\t<div class=\"elementor-widget-container\">\n\t\t\t\t\t\t\t\t\t<p><!--StartFragment --><\/p><p>Anchor gummidukar erbjuder en p\u00e5litlig standard inom bl\u00e4string och stenbearbetning. H\u00e4r hittar du slitstarka, formbara stenciler som ger skarpa resultat \u00e4ven vid detaljrik gravyr. Anchor \u00e4r ett v\u00e4lk\u00e4nt val bland yrkesverksamma tack vare sin h\u00f6ga kvalitet, starka vidh\u00e4ftning och enkla hantering. Utforska v\u00e5ra olika varianter och hitta r\u00e4tt duk f\u00f6r just ditt arbete. <!--EndFragment --><\/p>\t\t\t\t\t\t\t\t<\/div>\n\t\t\t\t<\/div>\n\t\t\t\t\t<\/div>\n\t\t\t\t<\/div>\n\t\t<div class=\"elementor-element elementor-element-dfacfe7 e-flex e-con-boxed e-con e-parent\" data-id=\"dfacfe7\" data-element_type=\"container\" data-settings=\"{&quot;background_background&quot;:&quot;classic&quot;}\">\n\t\t\t\t\t<div class=\"e-con-inner\">\n\t\t\t\t<div class=\"elementor-element elementor-element-380e703 elementor-widget elementor-widget-heading\" data-id=\"380e703\" data-element_type=\"widget\" data-widget_type=\"heading.default\">\n\t\t\t\t<div class=\"elementor-widget-container\">\n\t\t\t\t\t<h2 class=\"elementor-heading-title elementor-size-default\">Modeller &amp; Storlekar<\/h2>\t\t\t\t<\/div>\n\t\t\t\t<\/div>\n\t\t\t\t\t<\/div>\n\t\t\t\t<\/div>\n\t\t<div class=\"elementor-element elementor-element-e18e2b7 e-flex e-con-boxed e-con e-parent\" data-id=\"e18e2b7\" data-element_type=\"container\" data-settings=\"{&quot;background_background&quot;:&quot;gradient&quot;}\">\n\t\t\t\t\t<div class=\"e-con-inner\">\n\t\t<div class=\"elementor-element elementor-element-91d8a7b e-con-full e-flex e-con e-child\" data-id=\"91d8a7b\" data-element_type=\"container\">\n\t\t<div class=\"elementor-element elementor-element-90203b5 e-grid e-con-full e-con e-child\" data-id=\"90203b5\" data-element_type=\"container\">\n\t\t<div class=\"elementor-element elementor-element-ca2fbd9 e-con-full e-flex e-con e-child\" data-id=\"ca2fbd9\" data-element_type=\"container\">\n\t\t<div class=\"elementor-element elementor-element-aa015be e-con-full e-flex e-con e-child\" data-id=\"aa015be\" data-element_type=\"container\">\n\t\t\t\t<div class=\"elementor-element elementor-element-6d52be1 elementor-widget elementor-widget-image\" data-id=\"6d52be1\" data-element_type=\"widget\" data-widget_type=\"image.default\">\n\t\t\t\t<div class=\"elementor-widget-container\">\n\t\t\t\t\t\t\t\t\t\t\t\t\t\t\t<img decoding=\"async\" width=\"300\" height=\"248\" src=\"https:\/\/stenhuggeri.se\/wp-content\/uploads\/2025\/06\/ANCHOR-111-ny-korrekt-lutning.png\" class=\"elementor-animation-sink attachment-medium size-medium wp-image-2160\" alt=\"\" \/>\t\t\t\t\t\t\t\t\t\t\t\t\t\t\t<\/div>\n\t\t\t\t<\/div>\n\t\t\t\t<div class=\"elementor-element elementor-element-2fd3dbd elementor-widget elementor-widget-heading\" data-id=\"2fd3dbd\" data-element_type=\"widget\" data-widget_type=\"heading.default\">\n\t\t\t\t<div class=\"elementor-widget-container\">\n\t\t\t\t\t<h2 class=\"elementor-heading-title elementor-size-default\">Anchor 111<\/h2>\t\t\t\t<\/div>\n\t\t\t\t<\/div>\n\t\t\t\t<div class=\"elementor-element elementor-element-4ef4aa1 elementor-widget elementor-widget-text-editor\" data-id=\"4ef4aa1\" data-element_type=\"widget\" data-widget_type=\"text-editor.default\">\n\t\t\t\t<div class=\"elementor-widget-container\">\n\t\t\t\t\t\t\t\t\t<p><strong>12,75&#8243; x 10yd &#8211; B=232,85mm\/<\/strong><br \/><strong>Tjocklek: 1.22mm<br \/><\/strong>F\u00f6rpackningen inkluderar 2 st rullar.\u00a0<\/p><p><strong>18,75&#8243; x 10yd &#8211; B=476,25mm\/<\/strong><br \/><strong>Tjocklek 1.22mm<\/strong><br \/><strong><br \/>25&#8243; x 10yd &#8211; B=635mm\/Tjocklek: 1.22mm<\/strong><\/p><p>Rekommenderad filler:\u00a0#211<\/p>\t\t\t\t\t\t\t\t<\/div>\n\t\t\t\t<\/div>\n\t\t\t\t<\/div>\n\t\t\t\t<\/div>\n\t\t<div class=\"elementor-element elementor-element-42c554c e-con-full e-flex e-con e-child\" data-id=\"42c554c\" data-element_type=\"container\">\n\t\t<div class=\"elementor-element elementor-element-5489767 e-con-full e-flex e-con e-child\" data-id=\"5489767\" data-element_type=\"container\">\n\t\t\t\t<div class=\"elementor-element elementor-element-eebfb5f elementor-widget elementor-widget-image\" data-id=\"eebfb5f\" data-element_type=\"widget\" data-widget_type=\"image.default\">\n\t\t\t\t<div class=\"elementor-widget-container\">\n\t\t\t\t\t\t\t\t\t\t\t\t\t\t\t<img decoding=\"async\" width=\"300\" height=\"248\" src=\"https:\/\/stenhuggeri.se\/wp-content\/uploads\/2025\/06\/ANCHOR-117-ny-korrekt-lutning.png\" class=\"elementor-animation-sink attachment-medium size-medium wp-image-2159\" alt=\"\" \/>\t\t\t\t\t\t\t\t\t\t\t\t\t\t\t<\/div>\n\t\t\t\t<\/div>\n\t\t\t\t<div class=\"elementor-element elementor-element-22663d3 elementor-widget elementor-widget-heading\" data-id=\"22663d3\" data-element_type=\"widget\" data-widget_type=\"heading.default\">\n\t\t\t\t<div class=\"elementor-widget-container\">\n\t\t\t\t\t<h2 class=\"elementor-heading-title elementor-size-default\">Anchor 117<\/h2>\t\t\t\t<\/div>\n\t\t\t\t<\/div>\n\t\t\t\t<div class=\"elementor-element elementor-element-1b223fa elementor-widget elementor-widget-text-editor\" data-id=\"1b223fa\" data-element_type=\"widget\" data-widget_type=\"text-editor.default\">\n\t\t\t\t<div class=\"elementor-widget-container\">\n\t\t\t\t\t\t\t\t\t<p><strong>15&#8243; x 10yd &#8211; B=325mm\/Tjocklek: 1.02mm<\/strong><br \/>F\u00e4rg: Beige<\/p><p>F\u00f6rpackningen inkluderar 2 st rullar.\u00a0<br \/><br \/>Rekommenderad filler: #211<\/p>\t\t\t\t\t\t\t\t<\/div>\n\t\t\t\t<\/div>\n\t\t\t\t<\/div>\n\t\t\t\t<\/div>\n\t\t<div class=\"elementor-element elementor-element-901308a e-con-full e-flex e-con e-child\" data-id=\"901308a\" data-element_type=\"container\">\n\t\t\t\t<div class=\"elementor-element elementor-element-4163247 elementor-widget elementor-widget-image\" data-id=\"4163247\" data-element_type=\"widget\" data-widget_type=\"image.default\">\n\t\t\t\t<div class=\"elementor-widget-container\">\n\t\t\t\t\t\t\t\t\t\t\t\t\t\t\t<img loading=\"lazy\" decoding=\"async\" width=\"300\" height=\"248\" src=\"https:\/\/stenhuggeri.se\/wp-content\/uploads\/2025\/06\/ANCHOR-155-ny-korrekt-lutning.png\" class=\"elementor-animation-sink attachment-medium size-medium wp-image-2158\" alt=\"\" \/>\t\t\t\t\t\t\t\t\t\t\t\t\t\t\t<\/div>\n\t\t\t\t<\/div>\n\t\t\t\t<div class=\"elementor-element elementor-element-1e50d79 elementor-widget elementor-widget-heading\" data-id=\"1e50d79\" data-element_type=\"widget\" data-widget_type=\"heading.default\">\n\t\t\t\t<div class=\"elementor-widget-container\">\n\t\t\t\t\t<h2 class=\"elementor-heading-title elementor-size-default\">Anchor 155<\/h2>\t\t\t\t<\/div>\n\t\t\t\t<\/div>\n\t\t\t\t<div class=\"elementor-element elementor-element-ee2b2d6 elementor-widget elementor-widget-text-editor\" data-id=\"ee2b2d6\" data-element_type=\"widget\" data-widget_type=\"text-editor.default\">\n\t\t\t\t<div class=\"elementor-widget-container\">\n\t\t\t\t\t\t\t\t\t<p><strong>19 7\/8&#8243; x 10yd &#8211; B=504,83mm\/Tjocklek: 1.04mm<\/strong><\/p><p><strong>24&#8243; x 10yd &#8211; B=609,6 mm Tjocklek: 1.04mm<\/strong><\/p><p>Gummiduken kommer med en transparent b\u00e4rfilmsplast som str\u00e4cker sig utanf\u00f6r kanten.\u00a0<\/p><p>Rekommenderad filler: #223<\/p>\t\t\t\t\t\t\t\t<\/div>\n\t\t\t\t<\/div>\n\t\t\t\t<\/div>\n\t\t\t\t<\/div>\n\t\t\t\t<\/div>\n\t\t<div class=\"elementor-element elementor-element-0f88054 e-con-full e-flex e-con e-child\" data-id=\"0f88054\" data-element_type=\"container\">\n\t\t<div class=\"elementor-element elementor-element-958beaa e-con-full e-flex e-con e-child\" data-id=\"958beaa\" data-element_type=\"container\">\n\t\t<div class=\"elementor-element elementor-element-7fcea5c e-grid e-con-full e-con e-child\" data-id=\"7fcea5c\" data-element_type=\"container\">\n\t\t<div class=\"elementor-element elementor-element-fae24e2 e-con-full e-flex e-con e-child\" data-id=\"fae24e2\" data-element_type=\"container\">\n\t\t<div class=\"elementor-element elementor-element-3c1d837 e-con-full e-flex e-con e-child\" data-id=\"3c1d837\" data-element_type=\"container\">\n\t\t\t\t<div class=\"elementor-element elementor-element-b93c88f elementor-widget elementor-widget-image\" data-id=\"b93c88f\" data-element_type=\"widget\" data-widget_type=\"image.default\">\n\t\t\t\t<div class=\"elementor-widget-container\">\n\t\t\t\t\t\t\t\t\t\t\t\t\t\t\t<img loading=\"lazy\" decoding=\"async\" width=\"300\" height=\"248\" src=\"https:\/\/stenhuggeri.se\/wp-content\/uploads\/2025\/06\/ANCHOR-1258-ny-korrekt-lutning.png\" class=\"elementor-animation-sink attachment-medium size-medium wp-image-2157\" alt=\"\" \/>\t\t\t\t\t\t\t\t\t\t\t\t\t\t\t<\/div>\n\t\t\t\t<\/div>\n\t\t\t\t<div class=\"elementor-element elementor-element-84ba980 elementor-widget elementor-widget-heading\" data-id=\"84ba980\" data-element_type=\"widget\" data-widget_type=\"heading.default\">\n\t\t\t\t<div class=\"elementor-widget-container\">\n\t\t\t\t\t<h2 class=\"elementor-heading-title elementor-size-default\">Anchor 1258<\/h2>\t\t\t\t<\/div>\n\t\t\t\t<\/div>\n\t\t\t\t<div class=\"elementor-element elementor-element-97d0ed5 elementor-widget elementor-widget-text-editor\" data-id=\"97d0ed5\" data-element_type=\"widget\" data-widget_type=\"text-editor.default\">\n\t\t\t\t<div class=\"elementor-widget-container\">\n\t\t\t\t\t\t\t\t\t<p><strong>25 x 10yd &#8211; B=635mm\/Tjocklek: 1.02mm<\/strong><\/p><p>F\u00e4rg: vit<\/p>\t\t\t\t\t\t\t\t<\/div>\n\t\t\t\t<\/div>\n\t\t\t\t<\/div>\n\t\t\t\t<\/div>\n\t\t<div class=\"elementor-element elementor-element-7289e2c e-con-full e-flex e-con e-child\" data-id=\"7289e2c\" data-element_type=\"container\">\n\t\t<div class=\"elementor-element elementor-element-134d75e e-con-full e-flex e-con e-child\" data-id=\"134d75e\" data-element_type=\"container\">\n\t\t\t\t<div class=\"elementor-element elementor-element-91a7ede elementor-widget elementor-widget-image\" data-id=\"91a7ede\" data-element_type=\"widget\" data-widget_type=\"image.default\">\n\t\t\t\t<div class=\"elementor-widget-container\">\n\t\t\t\t\t\t\t\t\t\t\t\t\t\t\t<img loading=\"lazy\" decoding=\"async\" width=\"300\" height=\"248\" src=\"https:\/\/stenhuggeri.se\/wp-content\/uploads\/2025\/06\/ANCHOR-T226-ny-korrekt-lutning.png\" class=\"elementor-animation-sink attachment-medium size-medium wp-image-2156\" alt=\"\" \/>\t\t\t\t\t\t\t\t\t\t\t\t\t\t\t<\/div>\n\t\t\t\t<\/div>\n\t\t\t\t<div class=\"elementor-element elementor-element-3e12f17 elementor-widget elementor-widget-heading\" data-id=\"3e12f17\" data-element_type=\"widget\" data-widget_type=\"heading.default\">\n\t\t\t\t<div class=\"elementor-widget-container\">\n\t\t\t\t\t<h2 class=\"elementor-heading-title elementor-size-default\">Anchor T226<\/h2>\t\t\t\t<\/div>\n\t\t\t\t<\/div>\n\t\t\t\t<div class=\"elementor-element elementor-element-9a03246 elementor-widget elementor-widget-text-editor\" data-id=\"9a03246\" data-element_type=\"widget\" data-widget_type=\"text-editor.default\">\n\t\t\t\t<div class=\"elementor-widget-container\">\n\t\t\t\t\t\t\t\t\t<p><strong>25&#8243; x 10yd &#8211; B=635mm\/Tjocklek: 0.71mm<br \/><\/strong><\/p><p>F\u00e4rg: R\u00f6dbrun<\/p>\t\t\t\t\t\t\t\t<\/div>\n\t\t\t\t<\/div>\n\t\t\t\t<\/div>\n\t\t\t\t<\/div>\n\t\t\t\t<\/div>\n\t\t\t\t<\/div>\n\t\t\t\t<\/div>\n\t\t\t\t\t<\/div>\n\t\t\t\t<\/div>\n\t\t<div class=\"elementor-element elementor-element-5f45893 e-flex e-con-boxed e-con e-parent\" data-id=\"5f45893\" data-element_type=\"container\" data-settings=\"{&quot;background_background&quot;:&quot;classic&quot;}\">\n\t\t\t\t\t<div class=\"e-con-inner\">\n\t\t\t\t<div class=\"elementor-element elementor-element-a1a304f elementor-widget-divider--view-line elementor-widget elementor-widget-divider\" data-id=\"a1a304f\" data-element_type=\"widget\" data-widget_type=\"divider.default\">\n\t\t\t\t<div class=\"elementor-widget-container\">\n\t\t\t\t\t\t\t<div class=\"elementor-divider\">\n\t\t\t<span class=\"elementor-divider-separator\">\n\t\t\t\t\t\t<\/span>\n\t\t<\/div>\n\t\t\t\t\t\t<\/div>\n\t\t\t\t<\/div>\n\t\t\t\t<div class=\"elementor-element elementor-element-a18e624 elementor-widget elementor-widget-heading\" data-id=\"a18e624\" data-element_type=\"widget\" data-widget_type=\"heading.default\">\n\t\t\t\t<div class=\"elementor-widget-container\">\n\t\t\t\t\t<h2 class=\"elementor-heading-title elementor-size-default\">Stencil Filler<\/h2>\t\t\t\t<\/div>\n\t\t\t\t<\/div>\n\t\t\t\t\t<\/div>\n\t\t\t\t<\/div>\n\t\t<div class=\"elementor-element elementor-element-583fbd1 e-flex e-con-boxed e-con e-parent\" data-id=\"583fbd1\" data-element_type=\"container\" data-settings=\"{&quot;background_background&quot;:&quot;classic&quot;}\">\n\t\t\t\t\t<div class=\"e-con-inner\">\n\t\t<div class=\"elementor-element elementor-element-ee42f34 e-con-full e-flex e-con e-child\" data-id=\"ee42f34\" data-element_type=\"container\">\n\t\t\t\t<div class=\"elementor-element elementor-element-17092ef elementor-widget elementor-widget-image\" data-id=\"17092ef\" data-element_type=\"widget\" data-widget_type=\"image.default\">\n\t\t\t\t<div class=\"elementor-widget-container\">\n\t\t\t\t\t\t\t\t\t\t\t\t\t\t\t<img loading=\"lazy\" decoding=\"async\" width=\"270\" height=\"300\" src=\"https:\/\/stenhuggeri.se\/wp-content\/uploads\/2025\/06\/Anchor-Stencil-Filler-211.png\" class=\"elementor-animation-sink attachment-medium size-medium wp-image-2162\" alt=\"\" \/>\t\t\t\t\t\t\t\t\t\t\t\t\t\t\t<\/div>\n\t\t\t\t<\/div>\n\t\t\t\t<div class=\"elementor-element elementor-element-fccd900 elementor-widget elementor-widget-heading\" data-id=\"fccd900\" data-element_type=\"widget\" data-widget_type=\"heading.default\">\n\t\t\t\t<div class=\"elementor-widget-container\">\n\t\t\t\t\t<h2 class=\"elementor-heading-title elementor-size-default\">Stencil Filler #211<\/h2>\t\t\t\t<\/div>\n\t\t\t\t<\/div>\n\t\t\t\t<div class=\"elementor-element elementor-element-2538783 elementor-widget elementor-widget-text-editor\" data-id=\"2538783\" data-element_type=\"widget\" data-widget_type=\"text-editor.default\">\n\t\t\t\t<div class=\"elementor-widget-container\">\n\t\t\t\t\t\t\t\t\t<p>Ett l\u00f6sningsmedelsbaserat lim med stark vidh\u00e4ftning, s\u00e4rskilt anpassat f\u00f6r handskurna stenciler. Det hj\u00e4lper sm\u00e5 detaljer att sitta kvar vid bl\u00e4string.<\/p>\t\t\t\t\t\t\t\t<\/div>\n\t\t\t\t<\/div>\n\t\t\t\t<div class=\"elementor-element elementor-element-e31fbc1 elementor-widget elementor-widget-text-editor\" data-id=\"e31fbc1\" data-element_type=\"widget\" data-widget_type=\"text-editor.default\">\n\t\t\t\t<div class=\"elementor-widget-container\">\n\t\t\t\t\t\t\t\t\t<p><strong>F\u00e4rg:<\/strong> Off-white, mj\u00f6lkigt beige<br \/><strong>Viskositet (vid 22\u202f\u00b0C)<\/strong>: 1000\u20131800 cPs<br \/><strong>Flampunkt<\/strong>: 10,5\u202f\u00b0C<br \/><strong>Torrhalt<\/strong>: 19,9\u202f% \u2013 21,5\u202f%<br \/><strong>L\u00f6sningsmedel<\/strong>: Toluen, Heptan <!--EndFragment --><\/p>\t\t\t\t\t\t\t\t<\/div>\n\t\t\t\t<\/div>\n\t\t\t\t<\/div>\n\t\t<div class=\"elementor-element elementor-element-8138198 e-con-full e-flex e-con e-child\" data-id=\"8138198\" data-element_type=\"container\">\n\t\t\t\t<div class=\"elementor-element elementor-element-7a0f686 elementor-widget elementor-widget-image\" data-id=\"7a0f686\" data-element_type=\"widget\" data-widget_type=\"image.default\">\n\t\t\t\t<div class=\"elementor-widget-container\">\n\t\t\t\t\t\t\t\t\t\t\t\t\t\t\t<img loading=\"lazy\" decoding=\"async\" width=\"271\" height=\"300\" src=\"https:\/\/stenhuggeri.se\/wp-content\/uploads\/2025\/06\/Anchor-Washabel-Stencil-filler-333.png\" class=\"elementor-animation-sink attachment-medium size-medium wp-image-2161\" alt=\"\" \/>\t\t\t\t\t\t\t\t\t\t\t\t\t\t\t<\/div>\n\t\t\t\t<\/div>\n\t\t\t\t<div class=\"elementor-element elementor-element-b3deec9 elementor-widget elementor-widget-heading\" data-id=\"b3deec9\" data-element_type=\"widget\" data-widget_type=\"heading.default\">\n\t\t\t\t<div class=\"elementor-widget-container\">\n\t\t\t\t\t<h2 class=\"elementor-heading-title elementor-size-default\">Stencil Filler #333<\/h2>\t\t\t\t<\/div>\n\t\t\t\t<\/div>\n\t\t\t\t<div class=\"elementor-element elementor-element-b79e6ac elementor-widget elementor-widget-text-editor\" data-id=\"b79e6ac\" data-element_type=\"widget\" data-widget_type=\"text-editor.default\">\n\t\t\t\t<div class=\"elementor-widget-container\">\n\t\t\t\t\t\t\t\t\t<p>Ett vattenbaserat lim som \u00e4r mer milj\u00f6v\u00e4nligt och passar alla Anchor-stenciler. Den minskar \u00e5ngor och brandrisk, och h\u00e5ller dubbelt s\u00e5 l\u00e4nge som l\u00f6sningsmedelsbaserade fillers<br \/><!--EndFragment --><\/p>\t\t\t\t\t\t\t\t<\/div>\n\t\t\t\t<\/div>\n\t\t\t\t<div class=\"elementor-element elementor-element-b56c4af elementor-widget elementor-widget-text-editor\" data-id=\"b56c4af\" data-element_type=\"widget\" data-widget_type=\"text-editor.default\">\n\t\t\t\t<div class=\"elementor-widget-container\">\n\t\t\t\t\t\t\t\t\t<p><b>F\u00e4rg: <\/b>Off-white, mj\u00f6lk beige<b><br \/>Viskositet (vid 22 \u00b0C):<\/b> 150-300 cPs<b><br \/>Flampunkt: <\/b>&gt;105\u00a0\u00b0C<b><br \/>Torrhalt: <\/b>53-59 %<b><br \/>L\u00f6sningsmedel:<\/b> Vatten<\/p>\t\t\t\t\t\t\t\t<\/div>\n\t\t\t\t<\/div>\n\t\t\t\t<\/div>\n\t\t\t\t\t<\/div>\n\t\t\t\t<\/div>\n\t\t\t\t<\/div>\n\t\t","protected":false},"excerpt":{"rendered":"<p>Anchor gummidukar erbjuder en p\u00e5litlig standard inom bl\u00e4string och stenbearbetning. H\u00e4r hittar du slitstarka, formbara stenciler som ger skarpa resultat \u00e4ven vid detaljrik gravyr. Anchor \u00e4r ett v\u00e4lk\u00e4nt val bland yrkesverksamma tack vare sin h\u00f6ga kvalitet, starka vidh\u00e4ftning och enkla hantering. Utforska v\u00e5ra olika varianter och hitta r\u00e4tt duk f\u00f6r just ditt arbete. Modeller &amp; [&hellip;]<\/p>\n","protected":false},"author":2,"featured_media":0,"parent":0,"menu_order":0,"comment_status":"closed","ping_status":"closed","template":"","meta":{"footnotes":""},"class_list":["post-2155","page","type-page","status-publish","hentry"],"_links":{"self":[{"href":"https:\/\/stenhuggeri.se\/index.php?rest_route=\/wp\/v2\/pages\/2155","targetHints":{"allow":["GET"]}}],"collection":[{"href":"https:\/\/stenhuggeri.se\/index.php?rest_route=\/wp\/v2\/pages"}],"about":[{"href":"https:\/\/stenhuggeri.se\/index.php?rest_route=\/wp\/v2\/types\/page"}],"author":[{"embeddable":true,"href":"https:\/\/stenhuggeri.se\/index.php?rest_route=\/wp\/v2\/users\/2"}],"replies":[{"embeddable":true,"href":"https:\/\/stenhuggeri.se\/index.php?rest_route=%2Fwp%2Fv2%2Fcomments&post=2155"}],"version-history":[{"count":42,"href":"https:\/\/stenhuggeri.se\/index.php?rest_route=\/wp\/v2\/pages\/2155\/revisions"}],"predecessor-version":[{"id":2298,"href":"https:\/\/stenhuggeri.se\/index.php?rest_route=\/wp\/v2\/pages\/2155\/revisions\/2298"}],"wp:attachment":[{"href":"https:\/\/stenhuggeri.se\/index.php?rest_route=%2Fwp%2Fv2%2Fmedia&parent=2155"}],"curies":[{"name":"wp","href":"https:\/\/api.w.org\/{rel}","templated":true}]}}