{"id":2115,"date":"2025-06-30T10:25:09","date_gmt":"2025-06-30T08:25:09","guid":{"rendered":"http:\/\/dev2.nilssonssten.se\/?page_id=2115"},"modified":"2025-07-04T06:20:30","modified_gmt":"2025-07-04T04:20:30","slug":"produ","status":"publish","type":"page","link":"https:\/\/stenhuggeri.se\/?page_id=2115","title":{"rendered":"Produkter"},"content":{"rendered":"\t\t<div data-elementor-type=\"wp-page\" data-elementor-id=\"2115\" class=\"elementor elementor-2115\" data-elementor-post-type=\"page\">\n\t\t\t\t<div class=\"elementor-element elementor-element-e49a392 e-flex e-con-boxed e-con e-parent\" data-id=\"e49a392\" data-element_type=\"container\" data-settings=\"{&quot;background_background&quot;:&quot;classic&quot;}\">\n\t\t\t\t\t<div class=\"e-con-inner\">\n\t\t\t\t<div class=\"elementor-element elementor-element-999c1db elementor-widget elementor-widget-text-editor\" data-id=\"999c1db\" data-element_type=\"widget\" data-widget_type=\"text-editor.default\">\n\t\t\t\t<div class=\"elementor-widget-container\">\n\t\t\t\t\t\t\t\t\t<p>PRODUKTER<\/p>\t\t\t\t\t\t\t\t<\/div>\n\t\t\t\t<\/div>\n\t\t\t\t<div class=\"elementor-element elementor-element-211f5df elementor-invisible elementor-widget elementor-widget-heading\" data-id=\"211f5df\" data-element_type=\"widget\" data-settings=\"{&quot;_animation&quot;:&quot;fadeInUp&quot;}\" data-widget_type=\"heading.default\">\n\t\t\t\t<div class=\"elementor-widget-container\">\n\t\t\t\t\t<h2 class=\"elementor-heading-title elementor-size-default\">Kvalitet m\u00f6ter <br>\nhantverkstradition<\/h2>\t\t\t\t<\/div>\n\t\t\t\t<\/div>\n\t\t\t\t<div class=\"elementor-element elementor-element-46bc94a elementor-widget-divider--view-line elementor-widget elementor-widget-divider\" data-id=\"46bc94a\" data-element_type=\"widget\" data-widget_type=\"divider.default\">\n\t\t\t\t<div class=\"elementor-widget-container\">\n\t\t\t\t\t\t\t<div class=\"elementor-divider\">\n\t\t\t<span class=\"elementor-divider-separator\">\n\t\t\t\t\t\t<\/span>\n\t\t<\/div>\n\t\t\t\t\t\t<\/div>\n\t\t\t\t<\/div>\n\t\t\t\t<div class=\"elementor-element elementor-element-7f89a57 elementor-widget elementor-widget-text-editor\" data-id=\"7f89a57\" data-element_type=\"widget\" data-widget_type=\"text-editor.default\">\n\t\t\t\t<div class=\"elementor-widget-container\">\n\t\t\t\t\t\t\t\t\t<p>P\u00e5 Svenska Stenhuggerier kombinerar vi produktkunskap med praktisk erfarenhet. Tack vare v\u00e5rt dotterbolag Nilssons Stenhuggeri har vi \u00f6ver 120 \u00e5rs hantverkstradition som utvecklat en djup f\u00f6rst\u00e5else f\u00f6r stenens egenskaper och de verktyg som kr\u00e4vs f\u00f6r att forma den med precision. V\u00e5ra produkter \u00e4r inte bara testade i teorin \u2013 de anv\u00e4nds dagligen i v\u00e5rt egna stenhuggeri, d\u00e4r traditionellt hantverk m\u00f6ter moderna hj\u00e4lpmedel.\u00a0<\/p>\t\t\t\t\t\t\t\t<\/div>\n\t\t\t\t<\/div>\n\t\t\t\t\t<\/div>\n\t\t\t\t<\/div>\n\t\t<div class=\"elementor-element elementor-element-5e3c0ff1 e-con-full e-flex e-con e-parent\" data-id=\"5e3c0ff1\" data-element_type=\"container\" data-settings=\"{&quot;background_background&quot;:&quot;gradient&quot;}\">\n\t\t<div class=\"elementor-element elementor-element-6bf34bbd e-con-full e-flex e-con e-child\" data-id=\"6bf34bbd\" data-element_type=\"container\">\n\t\t<div class=\"elementor-element elementor-element-7a05a1a7 e-con-full e-flex e-con e-child\" data-id=\"7a05a1a7\" data-element_type=\"container\">\n\t\t\t\t<div class=\"elementor-element elementor-element-44d383c6 elementor-widget elementor-widget-heading\" data-id=\"44d383c6\" data-element_type=\"widget\" data-widget_type=\"heading.default\">\n\t\t\t\t<div class=\"elementor-widget-container\">\n\t\t\t\t\t<h3 class=\"elementor-heading-title elementor-size-default\"><a href=\"http:\/\/stenhuggeri.se\/verktyg\/\">Verktyg<\/a><\/h3>\t\t\t\t<\/div>\n\t\t\t\t<\/div>\n\t\t<div class=\"elementor-element elementor-element-6bd9922e e-con-full e-flex e-con e-child\" data-id=\"6bd9922e\" data-element_type=\"container\">\n\t\t\t\t<div class=\"elementor-element elementor-element-3310ffc5 elementor-align-left elementor-mobile-align-center elementor-widget elementor-widget-button\" data-id=\"3310ffc5\" data-element_type=\"widget\" data-widget_type=\"button.default\">\n\t\t\t\t<div class=\"elementor-widget-container\">\n\t\t\t\t\t\t\t\t\t<div class=\"elementor-button-wrapper\">\n\t\t\t\t\t<a class=\"elementor-button elementor-button-link elementor-size-sm elementor-animation-grow\" href=\"https:\/\/stenhuggeri.se\/?page_id=1803\">\n\t\t\t\t\t\t<span class=\"elementor-button-content-wrapper\">\n\t\t\t\t\t\t\t\t\t<span class=\"elementor-button-text\">se mer<\/span>\n\t\t\t\t\t<\/span>\n\t\t\t\t\t<\/a>\n\t\t\t\t<\/div>\n\t\t\t\t\t\t\t\t<\/div>\n\t\t\t\t<\/div>\n\t\t\t\t<\/div>\n\t\t\t\t<\/div>\n\t\t<div class=\"elementor-element elementor-element-6cfb5ba4 e-con-full e-flex e-con e-child\" data-id=\"6cfb5ba4\" data-element_type=\"container\" data-settings=\"{&quot;background_background&quot;:&quot;classic&quot;}\">\n\t\t\t\t<\/div>\n\t\t\t\t<\/div>\n\t\t<div class=\"elementor-element elementor-element-33fa6d95 e-con-full e-flex e-con e-child\" data-id=\"33fa6d95\" data-element_type=\"container\">\n\t\t<div class=\"elementor-element elementor-element-1841cbc9 e-con-full e-flex e-con e-child\" data-id=\"1841cbc9\" data-element_type=\"container\">\n\t\t\t\t<div class=\"elementor-element elementor-element-3d1eb466 elementor-widget elementor-widget-heading\" data-id=\"3d1eb466\" data-element_type=\"widget\" data-widget_type=\"heading.default\">\n\t\t\t\t<div class=\"elementor-widget-container\">\n\t\t\t\t\t<h3 class=\"elementor-heading-title elementor-size-default\"><a href=\"http:\/\/stenhuggeri.se\/sockel\/\">Sockel<\/a><\/h3>\t\t\t\t<\/div>\n\t\t\t\t<\/div>\n\t\t<div class=\"elementor-element elementor-element-db26804 e-con-full e-flex e-con e-child\" data-id=\"db26804\" data-element_type=\"container\">\n\t\t\t\t<div class=\"elementor-element elementor-element-2d7dcbd4 elementor-align-left elementor-mobile-align-center elementor-widget elementor-widget-button\" data-id=\"2d7dcbd4\" data-element_type=\"widget\" data-widget_type=\"button.default\">\n\t\t\t\t<div class=\"elementor-widget-container\">\n\t\t\t\t\t\t\t\t\t<div class=\"elementor-button-wrapper\">\n\t\t\t\t\t<a class=\"elementor-button elementor-button-link elementor-size-sm elementor-animation-grow\" href=\"https:\/\/stenhuggeri.se\/?page_id=1319\">\n\t\t\t\t\t\t<span class=\"elementor-button-content-wrapper\">\n\t\t\t\t\t\t\t\t\t<span class=\"elementor-button-text\">se mer<\/span>\n\t\t\t\t\t<\/span>\n\t\t\t\t\t<\/a>\n\t\t\t\t<\/div>\n\t\t\t\t\t\t\t\t<\/div>\n\t\t\t\t<\/div>\n\t\t\t\t<\/div>\n\t\t\t\t<\/div>\n\t\t<div class=\"elementor-element elementor-element-69d2ff03 e-con-full e-flex e-con e-child\" data-id=\"69d2ff03\" data-element_type=\"container\" data-settings=\"{&quot;background_background&quot;:&quot;classic&quot;}\">\n\t\t\t\t<\/div>\n\t\t\t\t<\/div>\n\t\t<div class=\"elementor-element elementor-element-2b877e99 e-con-full e-flex e-con e-child\" data-id=\"2b877e99\" data-element_type=\"container\">\n\t\t<div class=\"elementor-element elementor-element-7c0460e2 e-con-full e-flex e-con e-child\" data-id=\"7c0460e2\" data-element_type=\"container\">\n\t\t\t\t<div class=\"elementor-element elementor-element-1deb573a elementor-widget elementor-widget-heading\" data-id=\"1deb573a\" data-element_type=\"widget\" data-widget_type=\"heading.default\">\n\t\t\t\t<div class=\"elementor-widget-container\">\n\t\t\t\t\t<h3 class=\"elementor-heading-title elementor-size-default\"><a href=\"http:\/\/stenhuggeri.se\/gummiduk\/\">Gummiduk<\/a><\/h3>\t\t\t\t<\/div>\n\t\t\t\t<\/div>\n\t\t<div class=\"elementor-element elementor-element-2476aa95 e-con-full e-flex e-con e-child\" data-id=\"2476aa95\" data-element_type=\"container\">\n\t\t\t\t<div class=\"elementor-element elementor-element-1c6e7c8e elementor-align-left elementor-mobile-align-center elementor-widget elementor-widget-button\" data-id=\"1c6e7c8e\" data-element_type=\"widget\" data-widget_type=\"button.default\">\n\t\t\t\t<div class=\"elementor-widget-container\">\n\t\t\t\t\t\t\t\t\t<div class=\"elementor-button-wrapper\">\n\t\t\t\t\t<a class=\"elementor-button elementor-button-link elementor-size-sm elementor-animation-grow\" href=\"https:\/\/stenhuggeri.se\/?page_id=2108\">\n\t\t\t\t\t\t<span class=\"elementor-button-content-wrapper\">\n\t\t\t\t\t\t\t\t\t<span class=\"elementor-button-text\">se mer<\/span>\n\t\t\t\t\t<\/span>\n\t\t\t\t\t<\/a>\n\t\t\t\t<\/div>\n\t\t\t\t\t\t\t\t<\/div>\n\t\t\t\t<\/div>\n\t\t\t\t<\/div>\n\t\t\t\t<\/div>\n\t\t<div class=\"elementor-element elementor-element-51dca114 e-con-full e-flex e-con e-child\" data-id=\"51dca114\" data-element_type=\"container\" data-settings=\"{&quot;background_background&quot;:&quot;classic&quot;}\">\n\t\t\t\t<\/div>\n\t\t\t\t<\/div>\n\t\t<div class=\"elementor-element elementor-element-109d21f4 e-con-full e-flex e-con e-child\" data-id=\"109d21f4\" data-element_type=\"container\">\n\t\t<div class=\"elementor-element elementor-element-7c615b7c e-con-full e-flex e-con e-child\" data-id=\"7c615b7c\" data-element_type=\"container\">\n\t\t\t\t<div class=\"elementor-element elementor-element-10567c24 elementor-widget elementor-widget-heading\" data-id=\"10567c24\" data-element_type=\"widget\" data-widget_type=\"heading.default\">\n\t\t\t\t<div class=\"elementor-widget-container\">\n\t\t\t\t\t<h3 class=\"elementor-heading-title elementor-size-default\"><a href=\"http:\/\/stenhuggeri.se\/porslinsfoton\/\">Porslinsfoto<\/a><\/h3>\t\t\t\t<\/div>\n\t\t\t\t<\/div>\n\t\t<div class=\"elementor-element elementor-element-705734a6 e-con-full e-flex e-con e-child\" data-id=\"705734a6\" data-element_type=\"container\">\n\t\t\t\t<div class=\"elementor-element elementor-element-75e903f4 elementor-align-left elementor-mobile-align-center elementor-widget elementor-widget-button\" data-id=\"75e903f4\" data-element_type=\"widget\" data-widget_type=\"button.default\">\n\t\t\t\t<div class=\"elementor-widget-container\">\n\t\t\t\t\t\t\t\t\t<div class=\"elementor-button-wrapper\">\n\t\t\t\t\t<a class=\"elementor-button elementor-button-link elementor-size-sm elementor-animation-grow\" href=\"https:\/\/stenhuggeri.se\/?page_id=648\">\n\t\t\t\t\t\t<span class=\"elementor-button-content-wrapper\">\n\t\t\t\t\t\t\t\t\t<span class=\"elementor-button-text\">se mer<\/span>\n\t\t\t\t\t<\/span>\n\t\t\t\t\t<\/a>\n\t\t\t\t<\/div>\n\t\t\t\t\t\t\t\t<\/div>\n\t\t\t\t<\/div>\n\t\t\t\t<\/div>\n\t\t\t\t<\/div>\n\t\t<div class=\"elementor-element elementor-element-4d5b8c7f e-con-full e-flex e-con e-child\" data-id=\"4d5b8c7f\" data-element_type=\"container\" data-settings=\"{&quot;background_background&quot;:&quot;classic&quot;}\">\n\t\t\t\t<\/div>\n\t\t\t\t<\/div>\n\t\t\t\t<\/div>\n\t\t\t\t<\/div>\n\t\t","protected":false},"excerpt":{"rendered":"<p>PRODUKTER Kvalitet m\u00f6ter hantverkstradition P\u00e5 Svenska Stenhuggerier kombinerar vi produktkunskap med praktisk erfarenhet. Tack vare v\u00e5rt dotterbolag Nilssons Stenhuggeri har vi \u00f6ver 120 \u00e5rs hantverkstradition som utvecklat en djup f\u00f6rst\u00e5else f\u00f6r stenens egenskaper och de verktyg som kr\u00e4vs f\u00f6r att forma den med precision. V\u00e5ra produkter \u00e4r inte bara testade i teorin \u2013 de anv\u00e4nds [&hellip;]<\/p>\n","protected":false},"author":2,"featured_media":0,"parent":0,"menu_order":0,"comment_status":"closed","ping_status":"closed","template":"","meta":{"footnotes":""},"class_list":["post-2115","page","type-page","status-publish","hentry"],"_links":{"self":[{"href":"https:\/\/stenhuggeri.se\/index.php?rest_route=\/wp\/v2\/pages\/2115","targetHints":{"allow":["GET"]}}],"collection":[{"href":"https:\/\/stenhuggeri.se\/index.php?rest_route=\/wp\/v2\/pages"}],"about":[{"href":"https:\/\/stenhuggeri.se\/index.php?rest_route=\/wp\/v2\/types\/page"}],"author":[{"embeddable":true,"href":"https:\/\/stenhuggeri.se\/index.php?rest_route=\/wp\/v2\/users\/2"}],"replies":[{"embeddable":true,"href":"https:\/\/stenhuggeri.se\/index.php?rest_route=%2Fwp%2Fv2%2Fcomments&post=2115"}],"version-history":[{"count":18,"href":"https:\/\/stenhuggeri.se\/index.php?rest_route=\/wp\/v2\/pages\/2115\/revisions"}],"predecessor-version":[{"id":2292,"href":"https:\/\/stenhuggeri.se\/index.php?rest_route=\/wp\/v2\/pages\/2115\/revisions\/2292"}],"wp:attachment":[{"href":"https:\/\/stenhuggeri.se\/index.php?rest_route=%2Fwp%2Fv2%2Fmedia&parent=2115"}],"curies":[{"name":"wp","href":"https:\/\/api.w.org\/{rel}","templated":true}]}}