{"id":2108,"date":"2025-06-30T14:36:00","date_gmt":"2025-06-30T12:36:00","guid":{"rendered":"http:\/\/dev2.nilssonssten.se\/?page_id=2108"},"modified":"2025-07-09T12:32:22","modified_gmt":"2025-07-09T10:32:22","slug":"gummiduk","status":"publish","type":"page","link":"https:\/\/stenhuggeri.se\/?page_id=2108","title":{"rendered":"Gummiduk"},"content":{"rendered":"\t\t<div data-elementor-type=\"wp-page\" data-elementor-id=\"2108\" class=\"elementor elementor-2108\" data-elementor-post-type=\"page\">\n\t\t\t\t<div class=\"elementor-element elementor-element-4c617e2 e-con-full e-flex e-con e-parent\" data-id=\"4c617e2\" data-element_type=\"container\" data-settings=\"{&quot;background_background&quot;:&quot;classic&quot;}\">\n\t\t<div class=\"elementor-element elementor-element-a1d03c5 e-con-full e-flex e-con e-child\" data-id=\"a1d03c5\" data-element_type=\"container\" data-settings=\"{&quot;background_background&quot;:&quot;classic&quot;}\">\n\t\t\t\t<div class=\"elementor-element elementor-element-3e80859 elementor-widget elementor-widget-image\" data-id=\"3e80859\" data-element_type=\"widget\" data-widget_type=\"image.default\">\n\t\t\t\t<div class=\"elementor-widget-container\">\n\t\t\t\t\t\t\t\t\t\t\t\t\t\t\t<img fetchpriority=\"high\" decoding=\"async\" width=\"800\" height=\"596\" src=\"https:\/\/stenhuggeri.se\/wp-content\/uploads\/2025\/06\/Anchor-gummiduk-och-stencil-filler.png\" class=\"attachment-large size-large wp-image-2112\" alt=\"\" \/>\t\t\t\t\t\t\t\t\t\t\t\t\t\t\t<\/div>\n\t\t\t\t<\/div>\n\t\t\t\t<\/div>\n\t\t<div class=\"elementor-element elementor-element-b483f2b e-con-full e-flex e-con e-child\" data-id=\"b483f2b\" data-element_type=\"container\">\n\t\t<div class=\"elementor-element elementor-element-314c973 e-con-full e-flex e-con e-child\" data-id=\"314c973\" data-element_type=\"container\" data-settings=\"{&quot;background_background&quot;:&quot;classic&quot;}\">\n\t\t\t\t<div class=\"elementor-element elementor-element-24782cd elementor-widget elementor-widget-heading\" data-id=\"24782cd\" data-element_type=\"widget\" data-widget_type=\"heading.default\">\n\t\t\t\t<div class=\"elementor-widget-container\">\n\t\t\t\t\t<h2 class=\"elementor-heading-title elementor-size-default\">Gummidukar<\/h2>\t\t\t\t<\/div>\n\t\t\t\t<\/div>\n\t\t\t\t<div class=\"elementor-element elementor-element-89b3068 elementor-widget elementor-widget-text-editor\" data-id=\"89b3068\" data-element_type=\"widget\" data-widget_type=\"text-editor.default\">\n\t\t\t\t<div class=\"elementor-widget-container\">\n\t\t\t\t\t\t\t\t\t<p>Gummidukar \u00e4r ett oumb\u00e4rligt verktyg vid stenarbete d\u00e4r precision, s\u00e4kerhet och h\u00e5llbarhet \u00e4r avg\u00f6rande. Genom att skydda underlaget och materialet fr\u00e5n skador under hantering och bearbetning skapar gummiduken en ren och trygg arbetsmilj\u00f6 \u2013 b\u00e5de p\u00e5 byggarbetsplatsen och i tr\u00e4dg\u00e5rdsprojektet. Dess slitstarka, flexibla egenskaper g\u00f6r att den anpassar sig efter oj\u00e4mna ytor och t\u00e5l tuff belastning. Ett enkelt men professionellt val f\u00f6r den som vill arbeta effektivt och med respekt f\u00f6r b\u00e5de material och milj\u00f6.<\/p>\t\t\t\t\t\t\t\t<\/div>\n\t\t\t\t<\/div>\n\t\t\t\t<div class=\"elementor-element elementor-element-fc6925c elementor-widget elementor-widget-text-editor\" data-id=\"fc6925c\" data-element_type=\"widget\" data-widget_type=\"text-editor.default\">\n\t\t\t\t<div class=\"elementor-widget-container\">\n\t\t\t\t\t\t\t\t\t<p><strong>Utforska v\u00e5ra gummidukar<\/strong><\/p>\t\t\t\t\t\t\t\t<\/div>\n\t\t\t\t<\/div>\n\t\t\t\t<div class=\"elementor-element elementor-element-4665443 elementor-view-default elementor-widget elementor-widget-icon\" data-id=\"4665443\" data-element_type=\"widget\" data-widget_type=\"icon.default\">\n\t\t\t\t<div class=\"elementor-widget-container\">\n\t\t\t\t\t\t\t<div class=\"elementor-icon-wrapper\">\n\t\t\t<div class=\"elementor-icon\">\n\t\t\t<i aria-hidden=\"true\" class=\"icon icon-download-arrow\"><\/i>\t\t\t<\/div>\n\t\t<\/div>\n\t\t\t\t\t\t<\/div>\n\t\t\t\t<\/div>\n\t\t\t\t<\/div>\n\t\t\t\t<\/div>\n\t\t\t\t<\/div>\n\t\t<div class=\"elementor-element elementor-element-e51750a e-flex e-con-boxed e-con e-parent\" data-id=\"e51750a\" data-element_type=\"container\" data-settings=\"{&quot;background_background&quot;:&quot;classic&quot;}\">\n\t\t\t\t\t<div class=\"e-con-inner\">\n\t\t\t\t<div class=\"elementor-element elementor-element-dd300e5 elementor-widget-divider--view-line elementor-widget elementor-widget-divider\" data-id=\"dd300e5\" data-element_type=\"widget\" data-widget_type=\"divider.default\">\n\t\t\t\t<div class=\"elementor-widget-container\">\n\t\t\t\t\t\t\t<div class=\"elementor-divider\">\n\t\t\t<span class=\"elementor-divider-separator\">\n\t\t\t\t\t\t<\/span>\n\t\t<\/div>\n\t\t\t\t\t\t<\/div>\n\t\t\t\t<\/div>\n\t\t\t\t\t<\/div>\n\t\t\t\t<\/div>\n\t\t<div class=\"elementor-element elementor-element-4787b04 e-grid e-con-boxed e-con e-parent\" data-id=\"4787b04\" data-element_type=\"container\" data-settings=\"{&quot;background_background&quot;:&quot;classic&quot;}\">\n\t\t\t\t\t<div class=\"e-con-inner\">\n\t\t<div class=\"elementor-element elementor-element-8eaa043 e-con-full e-flex e-con e-child\" data-id=\"8eaa043\" data-element_type=\"container\" data-settings=\"{&quot;background_background&quot;:&quot;classic&quot;}\">\n\t\t\t\t<div class=\"elementor-element elementor-element-48d08be elementor-widget elementor-widget-image\" data-id=\"48d08be\" data-element_type=\"widget\" data-widget_type=\"image.default\">\n\t\t\t\t<div class=\"elementor-widget-container\">\n\t\t\t\t\t\t\t\t\t\t\t\t\t\t\t<img decoding=\"async\" width=\"674\" height=\"153\" src=\"https:\/\/stenhuggeri.se\/wp-content\/uploads\/2025\/06\/anchor-117-sandblast.png\" class=\"attachment-large size-large wp-image-2146\" alt=\"\" \/>\t\t\t\t\t\t\t\t\t\t\t\t\t\t\t<\/div>\n\t\t\t\t<\/div>\n\t\t\t\t<div class=\"elementor-element elementor-element-22ef26c elementor-widget elementor-widget-text-editor\" data-id=\"22ef26c\" data-element_type=\"widget\" data-widget_type=\"text-editor.default\">\n\t\t\t\t<div class=\"elementor-widget-container\">\n\t\t\t\t\t\t\t\t\t<p>Anchor tillverkar gummidukar och stencilfiller av h\u00f6g kvalitet f\u00f6r gravyr och bl\u00e4string i sten. Deras produkter \u00e4r v\u00e4lk\u00e4nda f\u00f6r sin h\u00e5llbarhet, precision och starka vidh\u00e4ftning \u2013 s\u00e4rskilt popul\u00e4ra bland professionella stenhuggare.<\/p>\t\t\t\t\t\t\t\t<\/div>\n\t\t\t\t<\/div>\n\t\t\t\t<div class=\"elementor-element elementor-element-d58dc47 elementor-widget elementor-widget-button\" data-id=\"d58dc47\" data-element_type=\"widget\" data-widget_type=\"button.default\">\n\t\t\t\t<div class=\"elementor-widget-container\">\n\t\t\t\t\t\t\t\t\t<div class=\"elementor-button-wrapper\">\n\t\t\t\t\t<a class=\"elementor-button elementor-button-link elementor-size-sm elementor-animation-grow\" href=\"https:\/\/stenhuggeri.se\/?page_id=2155\">\n\t\t\t\t\t\t<span class=\"elementor-button-content-wrapper\">\n\t\t\t\t\t\t\t\t\t<span class=\"elementor-button-text\">se mer<\/span>\n\t\t\t\t\t<\/span>\n\t\t\t\t\t<\/a>\n\t\t\t\t<\/div>\n\t\t\t\t\t\t\t\t<\/div>\n\t\t\t\t<\/div>\n\t\t\t\t<\/div>\n\t\t<div class=\"elementor-element elementor-element-ed35f7c e-con-full e-flex e-con e-child\" data-id=\"ed35f7c\" data-element_type=\"container\" data-settings=\"{&quot;background_background&quot;:&quot;classic&quot;}\">\n\t\t\t\t<div class=\"elementor-element elementor-element-9e90b3c elementor-widget elementor-widget-image\" data-id=\"9e90b3c\" data-element_type=\"widget\" data-widget_type=\"image.default\">\n\t\t\t\t<div class=\"elementor-widget-container\">\n\t\t\t\t\t\t\t\t\t\t\t\t\t\t\t<img decoding=\"async\" width=\"800\" height=\"239\" src=\"https:\/\/stenhuggeri.se\/wp-content\/uploads\/2025\/06\/Ublast-logotyp.png\" class=\"attachment-large size-large wp-image-2139\" alt=\"\" \/>\t\t\t\t\t\t\t\t\t\t\t\t\t\t\t<\/div>\n\t\t\t\t<\/div>\n\t\t\t\t<div class=\"elementor-element elementor-element-b159536 elementor-widget elementor-widget-text-editor\" data-id=\"b159536\" data-element_type=\"widget\" data-widget_type=\"text-editor.default\">\n\t\t\t\t<div class=\"elementor-widget-container\">\n\t\t\t\t\t\t\t\t\t<p>Ublast tillverkar slitstarka och flexibla gummistenciler f\u00f6r bl\u00e4string, s\u00e4rskilt anpassade f\u00f6r gravyr p\u00e5 sten. Deras produkter \u00e4r k\u00e4nda f\u00f6r sin h\u00f6ga precision, enkla hantering och p\u00e5litliga vidh\u00e4ftning \u2013 ett uppskattat val bland yrkesverksamma som kr\u00e4ver tydliga resultat och effektivt arbetsfl\u00f6de.<\/p>\t\t\t\t\t\t\t\t<\/div>\n\t\t\t\t<\/div>\n\t\t\t\t<div class=\"elementor-element elementor-element-c45a315 elementor-widget elementor-widget-button\" data-id=\"c45a315\" data-element_type=\"widget\" data-widget_type=\"button.default\">\n\t\t\t\t<div class=\"elementor-widget-container\">\n\t\t\t\t\t\t\t\t\t<div class=\"elementor-button-wrapper\">\n\t\t\t\t\t<a class=\"elementor-button elementor-button-link elementor-size-sm elementor-animation-grow\" href=\"https:\/\/stenhuggeri.se\/?page_id=2178\">\n\t\t\t\t\t\t<span class=\"elementor-button-content-wrapper\">\n\t\t\t\t\t\t\t\t\t<span class=\"elementor-button-text\">se mer<\/span>\n\t\t\t\t\t<\/span>\n\t\t\t\t\t<\/a>\n\t\t\t\t<\/div>\n\t\t\t\t\t\t\t\t<\/div>\n\t\t\t\t<\/div>\n\t\t\t\t<\/div>\n\t\t\t\t\t<\/div>\n\t\t\t\t<\/div>\n\t\t\t\t<\/div>\n\t\t","protected":false},"excerpt":{"rendered":"<p>Sida f\u00f6r v\u00e5ra olika gummidukar och tillbeh\u00f6r som finns till f\u00f6rs\u00e4ljning.<\/p>\n","protected":false},"author":2,"featured_media":0,"parent":0,"menu_order":0,"comment_status":"closed","ping_status":"closed","template":"","meta":{"footnotes":""},"class_list":["post-2108","page","type-page","status-publish","hentry"],"_links":{"self":[{"href":"https:\/\/stenhuggeri.se\/index.php?rest_route=\/wp\/v2\/pages\/2108","targetHints":{"allow":["GET"]}}],"collection":[{"href":"https:\/\/stenhuggeri.se\/index.php?rest_route=\/wp\/v2\/pages"}],"about":[{"href":"https:\/\/stenhuggeri.se\/index.php?rest_route=\/wp\/v2\/types\/page"}],"author":[{"embeddable":true,"href":"https:\/\/stenhuggeri.se\/index.php?rest_route=\/wp\/v2\/users\/2"}],"replies":[{"embeddable":true,"href":"https:\/\/stenhuggeri.se\/index.php?rest_route=%2Fwp%2Fv2%2Fcomments&post=2108"}],"version-history":[{"count":30,"href":"https:\/\/stenhuggeri.se\/index.php?rest_route=\/wp\/v2\/pages\/2108\/revisions"}],"predecessor-version":[{"id":2383,"href":"https:\/\/stenhuggeri.se\/index.php?rest_route=\/wp\/v2\/pages\/2108\/revisions\/2383"}],"wp:attachment":[{"href":"https:\/\/stenhuggeri.se\/index.php?rest_route=%2Fwp%2Fv2%2Fmedia&parent=2108"}],"curies":[{"name":"wp","href":"https:\/\/api.w.org\/{rel}","templated":true}]}}