{"id":2012,"date":"2025-06-26T14:13:02","date_gmt":"2025-06-26T12:13:02","guid":{"rendered":"http:\/\/dev2.nilssonssten.se\/?page_id=2012"},"modified":"2025-07-11T09:35:58","modified_gmt":"2025-07-11T07:35:58","slug":"hem-2","status":"publish","type":"page","link":"https:\/\/stenhuggeri.se\/","title":{"rendered":"Hem"},"content":{"rendered":"\t\t<div data-elementor-type=\"wp-page\" data-elementor-id=\"2012\" class=\"elementor elementor-2012\" data-elementor-post-type=\"page\">\n\t\t\t\t<div class=\"elementor-element elementor-element-6e52f75 e-con-full e-flex e-con e-parent\" data-id=\"6e52f75\" data-element_type=\"container\" data-settings=\"{&quot;background_background&quot;:&quot;gradient&quot;}\">\n\t\t<div class=\"elementor-element elementor-element-657ea64 e-con-full e-flex e-con e-child\" data-id=\"657ea64\" data-element_type=\"container\">\n\t\t\t\t<div class=\"elementor-element elementor-element-4344529 elementor-invisible elementor-widget elementor-widget-heading\" data-id=\"4344529\" data-element_type=\"widget\" data-settings=\"{&quot;_animation&quot;:&quot;slideInLeft&quot;}\" data-widget_type=\"heading.default\">\n\t\t\t\t<div class=\"elementor-widget-container\">\n\t\t\t\t\t<h2 class=\"elementor-heading-title elementor-size-default\">We Rock in <i>expertise<\/i> and <i>experience<\/i><\/h2>\t\t\t\t<\/div>\n\t\t\t\t<\/div>\n\t\t\t\t<div class=\"elementor-element elementor-element-f70979a elementor-invisible elementor-widget elementor-widget-text-editor\" data-id=\"f70979a\" data-element_type=\"widget\" data-settings=\"{&quot;_animation&quot;:&quot;slideInLeft&quot;}\" data-widget_type=\"text-editor.default\">\n\t\t\t\t<div class=\"elementor-widget-container\">\n\t\t\t\t\t\t\t\t\t<p><span style=\"font-weight: 400;\">Vi erbjuder ett brett sortiment av verktyg och resurser f\u00f6r stenhuggare, testade och bepr\u00f6vade av oss sj\u00e4lva. Tillsammans med v\u00e5rt moderbolag, Nilssons Stenhuggeri, som varit aktivt sedan 1901, arbetar vi med att bevara hantverkstraditionen och fr\u00e4mja expertis inom stenbearbetning.<\/span><\/p>\t\t\t\t\t\t\t\t<\/div>\n\t\t\t\t<\/div>\n\t\t\t\t<\/div>\n\t\t<div class=\"elementor-element elementor-element-beee4c1 e-con-full e-flex e-con e-child\" data-id=\"beee4c1\" data-element_type=\"container\">\n\t\t\t\t<div class=\"elementor-element elementor-element-fd6ae16 elementor-widget elementor-widget-image\" data-id=\"fd6ae16\" data-element_type=\"widget\" data-settings=\"{&quot;_animation&quot;:&quot;none&quot;}\" data-widget_type=\"image.default\">\n\t\t\t\t<div class=\"elementor-widget-container\">\n\t\t\t\t\t\t\t\t\t\t\t\t\t\t\t<img fetchpriority=\"high\" decoding=\"async\" width=\"800\" height=\"775\" src=\"https:\/\/stenhuggeri.se\/wp-content\/uploads\/2025\/05\/loggautantext-cektor.png\" class=\"attachment-large size-large wp-image-64\" alt=\"\" \/>\t\t\t\t\t\t\t\t\t\t\t\t\t\t\t<\/div>\n\t\t\t\t<\/div>\n\t\t\t\t<\/div>\n\t\t\t\t<\/div>\n\t\t<div class=\"elementor-element elementor-element-6f32dadd e-con-full e-flex e-con e-parent\" data-id=\"6f32dadd\" data-element_type=\"container\" data-settings=\"{&quot;background_background&quot;:&quot;classic&quot;}\">\n\t\t<div class=\"elementor-element elementor-element-50b1bf4a e-con-full e-flex e-con e-child\" data-id=\"50b1bf4a\" data-element_type=\"container\">\n\t\t<div class=\"elementor-element elementor-element-4f2da00e e-con-full e-flex e-con e-child\" data-id=\"4f2da00e\" data-element_type=\"container\">\n\t\t\t\t<div class=\"elementor-element elementor-element-18a8228f elementor-widget elementor-widget-heading\" data-id=\"18a8228f\" data-element_type=\"widget\" data-widget_type=\"heading.default\">\n\t\t\t\t<div class=\"elementor-widget-container\">\n\t\t\t\t\t<h3 class=\"elementor-heading-title elementor-size-default\">Maskiner<\/h3>\t\t\t\t<\/div>\n\t\t\t\t<\/div>\n\t\t<div class=\"elementor-element elementor-element-6a69094d e-con-full e-flex e-con e-child\" data-id=\"6a69094d\" data-element_type=\"container\" data-settings=\"{&quot;background_background&quot;:&quot;classic&quot;}\">\n\t\t\t\t<div class=\"elementor-element elementor-element-b4730f8 elementor-align-left elementor-mobile-align-center elementor-widget elementor-widget-button\" data-id=\"b4730f8\" data-element_type=\"widget\" data-widget_type=\"button.default\">\n\t\t\t\t<div class=\"elementor-widget-container\">\n\t\t\t\t\t\t\t\t\t<div class=\"elementor-button-wrapper\">\n\t\t\t\t\t<a class=\"elementor-button elementor-button-link elementor-size-sm elementor-animation-grow\" href=\"https:\/\/stenhuggeri.se\/?page_id=395\">\n\t\t\t\t\t\t<span class=\"elementor-button-content-wrapper\">\n\t\t\t\t\t\t\t\t\t<span class=\"elementor-button-text\">se mer<\/span>\n\t\t\t\t\t<\/span>\n\t\t\t\t\t<\/a>\n\t\t\t\t<\/div>\n\t\t\t\t\t\t\t\t<\/div>\n\t\t\t\t<\/div>\n\t\t\t\t<\/div>\n\t\t\t\t<\/div>\n\t\t<div class=\"elementor-element elementor-element-3cdd7bb6 e-con-full e-flex e-con e-child\" data-id=\"3cdd7bb6\" data-element_type=\"container\" data-settings=\"{&quot;background_background&quot;:&quot;classic&quot;}\">\n\t\t\t\t<\/div>\n\t\t\t\t<\/div>\n\t\t<div class=\"elementor-element elementor-element-50faab0 e-con-full e-flex e-con e-child\" data-id=\"50faab0\" data-element_type=\"container\">\n\t\t<div class=\"elementor-element elementor-element-6996e2ff e-con-full e-flex e-con e-child\" data-id=\"6996e2ff\" data-element_type=\"container\">\n\t\t\t\t<div class=\"elementor-element elementor-element-40de4ecc elementor-widget elementor-widget-heading\" data-id=\"40de4ecc\" data-element_type=\"widget\" data-widget_type=\"heading.default\">\n\t\t\t\t<div class=\"elementor-widget-container\">\n\t\t\t\t\t<h3 class=\"elementor-heading-title elementor-size-default\">Verktyg<\/h3>\t\t\t\t<\/div>\n\t\t\t\t<\/div>\n\t\t<div class=\"elementor-element elementor-element-244cbcd8 e-con-full e-flex e-con e-child\" data-id=\"244cbcd8\" data-element_type=\"container\">\n\t\t\t\t<div class=\"elementor-element elementor-element-3d71b66 elementor-align-left elementor-mobile-align-center elementor-widget elementor-widget-button\" data-id=\"3d71b66\" data-element_type=\"widget\" data-widget_type=\"button.default\">\n\t\t\t\t<div class=\"elementor-widget-container\">\n\t\t\t\t\t\t\t\t\t<div class=\"elementor-button-wrapper\">\n\t\t\t\t\t<a class=\"elementor-button elementor-button-link elementor-size-sm elementor-animation-grow\" href=\"https:\/\/stenhuggeri.se\/?page_id=1803\">\n\t\t\t\t\t\t<span class=\"elementor-button-content-wrapper\">\n\t\t\t\t\t\t\t\t\t<span class=\"elementor-button-text\">se mer<\/span>\n\t\t\t\t\t<\/span>\n\t\t\t\t\t<\/a>\n\t\t\t\t<\/div>\n\t\t\t\t\t\t\t\t<\/div>\n\t\t\t\t<\/div>\n\t\t\t\t<\/div>\n\t\t\t\t<\/div>\n\t\t<div class=\"elementor-element elementor-element-fac95e9 e-con-full e-flex e-con e-child\" data-id=\"fac95e9\" data-element_type=\"container\" data-settings=\"{&quot;background_background&quot;:&quot;classic&quot;}\">\n\t\t\t\t<\/div>\n\t\t\t\t<\/div>\n\t\t<div class=\"elementor-element elementor-element-3f0fd9bf e-con-full e-flex e-con e-child\" data-id=\"3f0fd9bf\" data-element_type=\"container\">\n\t\t<div class=\"elementor-element elementor-element-641d6f71 e-con-full e-flex e-con e-child\" data-id=\"641d6f71\" data-element_type=\"container\">\n\t\t\t\t<div class=\"elementor-element elementor-element-575fdbbd elementor-widget elementor-widget-heading\" data-id=\"575fdbbd\" data-element_type=\"widget\" data-widget_type=\"heading.default\">\n\t\t\t\t<div class=\"elementor-widget-container\">\n\t\t\t\t\t<h3 class=\"elementor-heading-title elementor-size-default\">Porslinsfoto<\/h3>\t\t\t\t<\/div>\n\t\t\t\t<\/div>\n\t\t<div class=\"elementor-element elementor-element-c2d671d e-con-full e-flex e-con e-child\" data-id=\"c2d671d\" data-element_type=\"container\" data-settings=\"{&quot;background_background&quot;:&quot;classic&quot;}\">\n\t\t\t\t<div class=\"elementor-element elementor-element-28b877e elementor-align-left elementor-mobile-align-center elementor-widget elementor-widget-button\" data-id=\"28b877e\" data-element_type=\"widget\" data-widget_type=\"button.default\">\n\t\t\t\t<div class=\"elementor-widget-container\">\n\t\t\t\t\t\t\t\t\t<div class=\"elementor-button-wrapper\">\n\t\t\t\t\t<a class=\"elementor-button elementor-button-link elementor-size-sm elementor-animation-grow\" href=\"https:\/\/stenhuggeri.se\/?page_id=648\">\n\t\t\t\t\t\t<span class=\"elementor-button-content-wrapper\">\n\t\t\t\t\t\t\t\t\t<span class=\"elementor-button-text\">se mer<\/span>\n\t\t\t\t\t<\/span>\n\t\t\t\t\t<\/a>\n\t\t\t\t<\/div>\n\t\t\t\t\t\t\t\t<\/div>\n\t\t\t\t<\/div>\n\t\t\t\t<\/div>\n\t\t\t\t<\/div>\n\t\t<div class=\"elementor-element elementor-element-48d8ec2a e-con-full e-flex e-con e-child\" data-id=\"48d8ec2a\" data-element_type=\"container\" data-settings=\"{&quot;background_background&quot;:&quot;classic&quot;}\">\n\t\t\t\t<\/div>\n\t\t\t\t<\/div>\n\t\t<div class=\"elementor-element elementor-element-21c1c8f7 e-con-full e-flex e-con e-child\" data-id=\"21c1c8f7\" data-element_type=\"container\">\n\t\t<div class=\"elementor-element elementor-element-3f10b226 e-con-full e-flex e-con e-child\" data-id=\"3f10b226\" data-element_type=\"container\">\n\t\t\t\t<div class=\"elementor-element elementor-element-7efb4135 elementor-widget elementor-widget-heading\" data-id=\"7efb4135\" data-element_type=\"widget\" data-widget_type=\"heading.default\">\n\t\t\t\t<div class=\"elementor-widget-container\">\n\t\t\t\t\t<h3 class=\"elementor-heading-title elementor-size-default\">Sockel<\/h3>\t\t\t\t<\/div>\n\t\t\t\t<\/div>\n\t\t<div class=\"elementor-element elementor-element-e8c2ee2 e-con-full e-flex e-con e-child\" data-id=\"e8c2ee2\" data-element_type=\"container\" data-settings=\"{&quot;background_background&quot;:&quot;classic&quot;}\">\n\t\t\t\t<div class=\"elementor-element elementor-element-78f95ad elementor-align-left elementor-mobile-align-center elementor-widget elementor-widget-button\" data-id=\"78f95ad\" data-element_type=\"widget\" data-widget_type=\"button.default\">\n\t\t\t\t<div class=\"elementor-widget-container\">\n\t\t\t\t\t\t\t\t\t<div class=\"elementor-button-wrapper\">\n\t\t\t\t\t<a class=\"elementor-button elementor-button-link elementor-size-sm elementor-animation-grow\" href=\"https:\/\/stenhuggeri.se\/?page_id=1319\">\n\t\t\t\t\t\t<span class=\"elementor-button-content-wrapper\">\n\t\t\t\t\t\t\t\t\t<span class=\"elementor-button-text\">se mer<\/span>\n\t\t\t\t\t<\/span>\n\t\t\t\t\t<\/a>\n\t\t\t\t<\/div>\n\t\t\t\t\t\t\t\t<\/div>\n\t\t\t\t<\/div>\n\t\t\t\t<\/div>\n\t\t\t\t<\/div>\n\t\t<div class=\"elementor-element elementor-element-29b5abc7 e-con-full e-flex e-con e-child\" data-id=\"29b5abc7\" data-element_type=\"container\" data-settings=\"{&quot;background_background&quot;:&quot;classic&quot;}\">\n\t\t\t\t<\/div>\n\t\t\t\t<\/div>\n\t\t\t\t<\/div>\n\t\t\t\t<\/div>\n\t\t","protected":false},"excerpt":{"rendered":"<p>We Rock in expertise and experience Vi erbjuder ett brett sortiment av verktyg och resurser f\u00f6r stenhuggare, testade och bepr\u00f6vade av oss sj\u00e4lva. Tillsammans med v\u00e5rt moderbolag, Nilssons Stenhuggeri, som varit aktivt sedan 1901, arbetar vi med att bevara hantverkstraditionen och fr\u00e4mja expertis inom stenbearbetning. Maskiner se mer Verktyg se mer Porslinsfoto se mer Sockel [&hellip;]<\/p>\n","protected":false},"author":2,"featured_media":0,"parent":0,"menu_order":0,"comment_status":"closed","ping_status":"closed","template":"","meta":{"footnotes":""},"class_list":["post-2012","page","type-page","status-publish","hentry"],"_links":{"self":[{"href":"https:\/\/stenhuggeri.se\/index.php?rest_route=\/wp\/v2\/pages\/2012","targetHints":{"allow":["GET"]}}],"collection":[{"href":"https:\/\/stenhuggeri.se\/index.php?rest_route=\/wp\/v2\/pages"}],"about":[{"href":"https:\/\/stenhuggeri.se\/index.php?rest_route=\/wp\/v2\/types\/page"}],"author":[{"embeddable":true,"href":"https:\/\/stenhuggeri.se\/index.php?rest_route=\/wp\/v2\/users\/2"}],"replies":[{"embeddable":true,"href":"https:\/\/stenhuggeri.se\/index.php?rest_route=%2Fwp%2Fv2%2Fcomments&post=2012"}],"version-history":[{"count":53,"href":"https:\/\/stenhuggeri.se\/index.php?rest_route=\/wp\/v2\/pages\/2012\/revisions"}],"predecessor-version":[{"id":2386,"href":"https:\/\/stenhuggeri.se\/index.php?rest_route=\/wp\/v2\/pages\/2012\/revisions\/2386"}],"wp:attachment":[{"href":"https:\/\/stenhuggeri.se\/index.php?rest_route=%2Fwp%2Fv2%2Fmedia&parent=2012"}],"curies":[{"name":"wp","href":"https:\/\/api.w.org\/{rel}","templated":true}]}}