{"id":1319,"date":"2025-06-09T10:36:48","date_gmt":"2025-06-09T08:36:48","guid":{"rendered":"http:\/\/dev2.nilssonssten.se\/?page_id=1319"},"modified":"2025-06-26T10:32:03","modified_gmt":"2025-06-26T08:32:03","slug":"sockel","status":"publish","type":"page","link":"https:\/\/stenhuggeri.se\/?page_id=1319","title":{"rendered":"Sockel"},"content":{"rendered":"\t\t<div data-elementor-type=\"wp-page\" data-elementor-id=\"1319\" class=\"elementor elementor-1319\" data-elementor-post-type=\"page\">\n\t\t\t\t<div class=\"elementor-element elementor-element-15984231 e-con-full e-flex e-con e-parent\" data-id=\"15984231\" data-element_type=\"container\" data-settings=\"{&quot;background_background&quot;:&quot;classic&quot;}\">\n\t\t<div class=\"elementor-element elementor-element-23ab92e9 e-flex e-con-boxed e-con e-child\" data-id=\"23ab92e9\" data-element_type=\"container\">\n\t\t\t\t\t<div class=\"e-con-inner\">\n\t\t\t\t<div class=\"elementor-element elementor-element-1bc7e2ff elementor-widget__width-inherit elementor-widget elementor-widget-heading\" data-id=\"1bc7e2ff\" data-element_type=\"widget\" data-settings=\"{&quot;_animation&quot;:&quot;none&quot;,&quot;_animation_delay&quot;:0}\" data-widget_type=\"heading.default\">\n\t\t\t\t<div class=\"elementor-widget-container\">\n\t\t\t\t\t<p class=\"elementor-heading-title elementor-size-default\">Varf\u00f6r b\u00f6r man anv\u00e4nda v\u00e5rt\n<\/p>\t\t\t\t<\/div>\n\t\t\t\t<\/div>\n\t\t\t\t<div class=\"elementor-element elementor-element-4ccd06d6 elementor-widget__width-inherit animated-slow elementor-widget elementor-widget-heading\" data-id=\"4ccd06d6\" data-element_type=\"widget\" data-settings=\"{&quot;_animation&quot;:&quot;none&quot;,&quot;_animation_delay&quot;:0}\" data-widget_type=\"heading.default\">\n\t\t\t\t<div class=\"elementor-widget-container\">\n\t\t\t\t\t<h2 class=\"elementor-heading-title elementor-size-default\">gravstensfundament?<\/h2>\t\t\t\t<\/div>\n\t\t\t\t<\/div>\n\t\t<div class=\"elementor-element elementor-element-c327464 e-con-full e-flex e-con e-child\" data-id=\"c327464\" data-element_type=\"container\">\n\t\t\t\t<div class=\"elementor-element elementor-element-e8b2790 elementor-widget__width-initial elementor-widget elementor-widget-text-editor\" data-id=\"e8b2790\" data-element_type=\"widget\" data-widget_type=\"text-editor.default\">\n\t\t\t\t<div class=\"elementor-widget-container\">\n\t\t\t\t\t\t\t\t\t<p>Ett stabilt och h\u00e5llbart gravstensfundament \u00e4r avg\u00f6rande f\u00f6r att s\u00e4kerst\u00e4lla att gravstenen st\u00e5r tryggt \u00f6ver tid. V\u00e5rt fundament, tillverkat av fingraderad leca, \u00e4r l\u00e4tt att hantera och montera, samtidigt som det erbjuder h\u00f6g h\u00e5llfasthet. Med rostfria dubbar och dubbel bimetallarmering, som finns b\u00e5de i nedre och \u00f6vre del, f\u00e5r gravstenen en s\u00e4ker och stadig grund. En bepr\u00f6vad l\u00f6sning som kombinerar enkelhet, s\u00e4kerhet och l\u00e5ngvarig stabilitet.<\/p>\t\t\t\t\t\t\t\t<\/div>\n\t\t\t\t<\/div>\n\t\t\t\t<div class=\"elementor-element elementor-element-f23ec1e elementor-widget elementor-widget-image\" data-id=\"f23ec1e\" data-element_type=\"widget\" data-widget_type=\"image.default\">\n\t\t\t\t<div class=\"elementor-widget-container\">\n\t\t\t\t\t\t\t\t\t\t\t\t\t\t\t<img fetchpriority=\"high\" decoding=\"async\" width=\"300\" height=\"206\" src=\"https:\/\/stenhuggeri.se\/wp-content\/uploads\/2025\/06\/Sockel-ritning-for-hemsida.png\" class=\"attachment-medium size-medium wp-image-1323\" alt=\"\" \/>\t\t\t\t\t\t\t\t\t\t\t\t\t\t\t<\/div>\n\t\t\t\t<\/div>\n\t\t\t\t<\/div>\n\t\t\t\t\t<\/div>\n\t\t\t\t<\/div>\n\t\t\t\t<\/div>\n\t\t<div class=\"elementor-element elementor-element-389df99 e-con-full e-flex e-con e-parent\" data-id=\"389df99\" data-element_type=\"container\" data-settings=\"{&quot;background_background&quot;:&quot;classic&quot;}\">\n\t\t<div class=\"elementor-element elementor-element-42c665fa e-flex e-con-boxed e-con e-child\" data-id=\"42c665fa\" data-element_type=\"container\">\n\t\t\t\t\t<div class=\"e-con-inner\">\n\t\t<div class=\"elementor-element elementor-element-17405562 e-con-full e-flex e-con e-child\" data-id=\"17405562\" data-element_type=\"container\">\n\t\t\t\t<div class=\"elementor-element elementor-element-3764d5b6 elementor-widget-tablet__width-initial elementor-widget-mobile__width-inherit elementor-widget__width-inherit elementor-invisible elementor-widget elementor-widget-icon-box\" data-id=\"3764d5b6\" data-element_type=\"widget\" data-settings=\"{&quot;_animation&quot;:&quot;fadeInUp&quot;,&quot;_animation_delay&quot;:&quot;100&quot;}\" data-widget_type=\"icon-box.default\">\n\t\t\t\t<div class=\"elementor-widget-container\">\n\t\t\t\t\t\t\t<div class=\"elementor-icon-box-wrapper\">\n\n\t\t\t\n\t\t\t\t\t\t<div class=\"elementor-icon-box-content\">\n\n\t\t\t\t\t\t\t\t\t<h3 class=\"elementor-icon-box-title\">\n\t\t\t\t\t\t<span  >\n\t\t\t\t\t\t\tStabilitet och l\u00e5ng h\u00e5llbarhet\t\t\t\t\t\t<\/span>\n\t\t\t\t\t<\/h3>\n\t\t\t\t\n\t\t\t\t\t\t\t\t\t<p class=\"elementor-icon-box-description\">\n\t\t\t\t\t\tGravstenen f\u00e5r en trygg och stabil placering, vilket minskar risken f\u00f6r lutning och s\u00e4ttningar \u00f6ver tid.\t\t\t\t\t<\/p>\n\t\t\t\t\n\t\t\t<\/div>\n\t\t\t\n\t\t<\/div>\n\t\t\t\t\t\t<\/div>\n\t\t\t\t<\/div>\n\t\t\t\t<div class=\"elementor-element elementor-element-17af1868 animated-slow elementor-widget__width-inherit elementor-widget-tablet__width-initial elementor-widget-mobile__width-inherit e-transform elementor-widget-divider--view-line_icon elementor-view-default elementor-widget-divider--element-align-center elementor-invisible elementor-widget elementor-widget-divider\" data-id=\"17af1868\" data-element_type=\"widget\" data-settings=\"{&quot;_animation&quot;:&quot;fadeIn&quot;,&quot;_animation_delay&quot;:&quot;500&quot;,&quot;_transform_rotateZ_effect_tablet&quot;:{&quot;unit&quot;:&quot;px&quot;,&quot;size&quot;:&quot;90&quot;,&quot;sizes&quot;:[]},&quot;_transform_rotateZ_effect_mobile&quot;:{&quot;unit&quot;:&quot;px&quot;,&quot;size&quot;:&quot;0&quot;,&quot;sizes&quot;:[]},&quot;_transform_rotateZ_effect&quot;:{&quot;unit&quot;:&quot;px&quot;,&quot;size&quot;:&quot;&quot;,&quot;sizes&quot;:[]}}\" data-widget_type=\"divider.default\">\n\t\t\t\t<div class=\"elementor-widget-container\">\n\t\t\t\t\t\t\t<div class=\"elementor-divider\">\n\t\t\t<span class=\"elementor-divider-separator\">\n\t\t\t\t\t\t\t<div class=\"elementor-icon elementor-divider__element\">\n\t\t\t\t\t<i aria-hidden=\"true\" class=\"icon icon-right-mark\"><\/i><\/div>\n\t\t\t\t\t\t<\/span>\n\t\t<\/div>\n\t\t\t\t\t\t<\/div>\n\t\t\t\t<\/div>\n\t\t\t\t<div class=\"elementor-element elementor-element-48658e16 elementor-widget-tablet__width-initial elementor-widget-mobile__width-inherit elementor-widget__width-inherit elementor-invisible elementor-widget elementor-widget-icon-box\" data-id=\"48658e16\" data-element_type=\"widget\" data-settings=\"{&quot;_animation&quot;:&quot;fadeInUp&quot;,&quot;_animation_delay&quot;:&quot;100&quot;}\" data-widget_type=\"icon-box.default\">\n\t\t\t\t<div class=\"elementor-widget-container\">\n\t\t\t\t\t\t\t<div class=\"elementor-icon-box-wrapper\">\n\n\t\t\t\n\t\t\t\t\t\t<div class=\"elementor-icon-box-content\">\n\n\t\t\t\t\t\t\t\t\t<h3 class=\"elementor-icon-box-title\">\n\t\t\t\t\t\t<span  >\n\t\t\t\t\t\t\tEffektiv och s\u00e4ker montering\t\t\t\t\t\t<\/span>\n\t\t\t\t\t<\/h3>\n\t\t\t\t\n\t\t\t\t\t\t\t\t\t<p class=\"elementor-icon-box-description\">\n\t\t\t\t\t\tStandardiserade h\u00e5l g\u00f6r det enkelt att sammanfoga fundamentet med gravstenen med rostfria bultar, vilket garanterar en stadig f\u00f6rankring.\t\t\t\t\t<\/p>\n\t\t\t\t\n\t\t\t<\/div>\n\t\t\t\n\t\t<\/div>\n\t\t\t\t\t\t<\/div>\n\t\t\t\t<\/div>\n\t\t\t\t<\/div>\n\t\t\t\t<div class=\"elementor-element elementor-element-6b939734 elementor-widget__width-initial elementor-invisible elementor-widget elementor-widget-image\" data-id=\"6b939734\" data-element_type=\"widget\" data-settings=\"{&quot;_animation&quot;:&quot;fadeInUp&quot;,&quot;_animation_delay&quot;:&quot;200&quot;}\" data-widget_type=\"image.default\">\n\t\t\t\t<div class=\"elementor-widget-container\">\n\t\t\t\t\t\t\t\t\t\t\t\t\t\t\t<img decoding=\"async\" width=\"800\" height=\"533\" src=\"https:\/\/stenhuggeri.se\/wp-content\/uploads\/2025\/06\/Sockel-DSC_8542.jpg\" class=\"attachment-large size-large wp-image-1332\" alt=\"\" \/>\t\t\t\t\t\t\t\t\t\t\t\t\t\t\t<\/div>\n\t\t\t\t<\/div>\n\t\t<div class=\"elementor-element elementor-element-428fc51a e-con-full e-flex e-con e-child\" data-id=\"428fc51a\" data-element_type=\"container\">\n\t\t\t\t<div class=\"elementor-element elementor-element-2f99c02c elementor-widget-tablet__width-initial elementor-widget-mobile__width-inherit elementor-widget__width-inherit elementor-invisible elementor-widget elementor-widget-icon-box\" data-id=\"2f99c02c\" data-element_type=\"widget\" data-settings=\"{&quot;_animation&quot;:&quot;fadeInUp&quot;,&quot;_animation_delay&quot;:&quot;300&quot;}\" data-widget_type=\"icon-box.default\">\n\t\t\t\t<div class=\"elementor-widget-container\">\n\t\t\t\t\t\t\t<div class=\"elementor-icon-box-wrapper\">\n\n\t\t\t\n\t\t\t\t\t\t<div class=\"elementor-icon-box-content\">\n\n\t\t\t\t\t\t\t\t\t<h3 class=\"elementor-icon-box-title\">\n\t\t\t\t\t\t<span  >\n\t\t\t\t\t\t\tL\u00e4tt och smidig hantering \t\t\t\t\t\t<\/span>\n\t\t\t\t\t<\/h3>\n\t\t\t\t\n\t\t\t\t\t\t\t\t\t<p class=\"elementor-icon-box-description\">\n\t\t\t\t\t\tTillverkade av fingraderad leca, vilket ger en betydligt l\u00e4gre vikt \u00e4n traditionella material och f\u00f6renklar b\u00e5de transport och montering.\t\t\t\t\t<\/p>\n\t\t\t\t\n\t\t\t<\/div>\n\t\t\t\n\t\t<\/div>\n\t\t\t\t\t\t<\/div>\n\t\t\t\t<\/div>\n\t\t\t\t<div class=\"elementor-element elementor-element-60e0357c animated-slow elementor-widget__width-inherit elementor-widget-tablet__width-initial elementor-widget-mobile__width-inherit e-transform elementor-widget-divider--view-line_icon elementor-view-default elementor-widget-divider--element-align-center elementor-invisible elementor-widget elementor-widget-divider\" data-id=\"60e0357c\" data-element_type=\"widget\" data-settings=\"{&quot;_animation&quot;:&quot;fadeIn&quot;,&quot;_animation_delay&quot;:&quot;500&quot;,&quot;_transform_rotateZ_effect_tablet&quot;:{&quot;unit&quot;:&quot;px&quot;,&quot;size&quot;:&quot;90&quot;,&quot;sizes&quot;:[]},&quot;_transform_rotateZ_effect_mobile&quot;:{&quot;unit&quot;:&quot;px&quot;,&quot;size&quot;:&quot;0&quot;,&quot;sizes&quot;:[]},&quot;_transform_rotateZ_effect&quot;:{&quot;unit&quot;:&quot;px&quot;,&quot;size&quot;:&quot;&quot;,&quot;sizes&quot;:[]}}\" data-widget_type=\"divider.default\">\n\t\t\t\t<div class=\"elementor-widget-container\">\n\t\t\t\t\t\t\t<div class=\"elementor-divider\">\n\t\t\t<span class=\"elementor-divider-separator\">\n\t\t\t\t\t\t\t<div class=\"elementor-icon elementor-divider__element\">\n\t\t\t\t\t<i aria-hidden=\"true\" class=\"icon icon-checked\"><\/i><\/div>\n\t\t\t\t\t\t<\/span>\n\t\t<\/div>\n\t\t\t\t\t\t<\/div>\n\t\t\t\t<\/div>\n\t\t\t\t<div class=\"elementor-element elementor-element-1ea76511 elementor-widget-tablet__width-initial elementor-widget-mobile__width-inherit elementor-invisible elementor-widget elementor-widget-icon-box\" data-id=\"1ea76511\" data-element_type=\"widget\" data-settings=\"{&quot;_animation&quot;:&quot;fadeInUp&quot;,&quot;_animation_delay&quot;:&quot;400&quot;}\" data-widget_type=\"icon-box.default\">\n\t\t\t\t<div class=\"elementor-widget-container\">\n\t\t\t\t\t\t\t<div class=\"elementor-icon-box-wrapper\">\n\n\t\t\t\n\t\t\t\t\t\t<div class=\"elementor-icon-box-content\">\n\n\t\t\t\t\t\t\t\t\t<h3 class=\"elementor-icon-box-title\">\n\t\t\t\t\t\t<span  >\n\t\t\t\t\t\t\tFlexibla storlekar\t\t\t\t\t\t<\/span>\n\t\t\t\t\t<\/h3>\n\t\t\t\t\n\t\t\t\t\t\t\t\t\t<p class=\"elementor-icon-box-description\">\n\t\t\t\t\t\tFundamenten finns i l\u00e4ngder fr\u00e5n 50 till 100 cm med standardiserat h\u00e5lavst\u00e5nd f\u00f6r att passa olika monteringsbehov.\t\t\t\t\t<\/p>\n\t\t\t\t\n\t\t\t<\/div>\n\t\t\t\n\t\t<\/div>\n\t\t\t\t\t\t<\/div>\n\t\t\t\t<\/div>\n\t\t\t\t<\/div>\n\t\t\t\t\t<\/div>\n\t\t\t\t<\/div>\n\t\t\t\t<\/div>\n\t\t<div class=\"elementor-element elementor-element-0de52df e-flex e-con-boxed e-con e-parent\" data-id=\"0de52df\" data-element_type=\"container\" data-settings=\"{&quot;background_background&quot;:&quot;classic&quot;}\">\n\t\t\t\t\t<div class=\"e-con-inner\">\n\t\t<div class=\"elementor-element elementor-element-3721ec5 e-grid e-con-full e-con e-child\" data-id=\"3721ec5\" data-element_type=\"container\">\n\t\t\t\t<div class=\"elementor-element elementor-element-085c4fc elementor-widget elementor-widget-image\" data-id=\"085c4fc\" data-element_type=\"widget\" data-widget_type=\"image.default\">\n\t\t\t\t<div class=\"elementor-widget-container\">\n\t\t\t\t\t\t\t\t\t\t\t\t<figure class=\"wp-caption\">\n\t\t\t\t\t\t\t\t\t\t<img decoding=\"async\" width=\"800\" height=\"569\" src=\"https:\/\/stenhuggeri.se\/wp-content\/uploads\/2025\/06\/Dold-betongsockel-for-hemsida.png\" class=\"attachment-large size-large wp-image-1351\" alt=\"\" \/>\t\t\t\t\t\t\t\t\t\t\t<figcaption class=\"widget-image-caption wp-caption-text\">Dold betongsockel<\/figcaption>\n\t\t\t\t\t\t\t\t\t\t<\/figure>\n\t\t\t\t\t\t\t\t\t<\/div>\n\t\t\t\t<\/div>\n\t\t\t\t<div class=\"elementor-element elementor-element-14f6c76 elementor-widget elementor-widget-image\" data-id=\"14f6c76\" data-element_type=\"widget\" data-widget_type=\"image.default\">\n\t\t\t\t<div class=\"elementor-widget-container\">\n\t\t\t\t\t\t\t\t\t\t\t\t<figure class=\"wp-caption\">\n\t\t\t\t\t\t\t\t\t\t<img loading=\"lazy\" decoding=\"async\" width=\"800\" height=\"599\" src=\"https:\/\/stenhuggeri.se\/wp-content\/uploads\/2025\/06\/Synlig-stensockel.png\" class=\"attachment-large size-large wp-image-1353\" alt=\"\" \/>\t\t\t\t\t\t\t\t\t\t\t<figcaption class=\"widget-image-caption wp-caption-text\">Synlig stensockel<\/figcaption>\n\t\t\t\t\t\t\t\t\t\t<\/figure>\n\t\t\t\t\t\t\t\t\t<\/div>\n\t\t\t\t<\/div>\n\t\t<div class=\"elementor-element elementor-element-a58c82e e-con-full e-flex e-con e-child\" data-id=\"a58c82e\" data-element_type=\"container\">\n\t\t\t\t<div class=\"elementor-element elementor-element-a188ccb elementor-widget elementor-widget-image\" data-id=\"a188ccb\" data-element_type=\"widget\" data-widget_type=\"image.default\">\n\t\t\t\t<div class=\"elementor-widget-container\">\n\t\t\t\t\t\t\t\t\t\t\t\t<figure class=\"wp-caption\">\n\t\t\t\t\t\t\t\t\t\t<img loading=\"lazy\" decoding=\"async\" width=\"800\" height=\"760\" src=\"https:\/\/stenhuggeri.se\/wp-content\/uploads\/2025\/06\/Forstarkt-forankring-i-mark.png\" class=\"attachment-large size-large wp-image-1352\" alt=\"\" \/>\t\t\t\t\t\t\t\t\t\t\t<figcaption class=\"widget-image-caption wp-caption-text\">F\u00f6rs\u00e4nkt f\u00f6rankring i mark<\/figcaption>\n\t\t\t\t\t\t\t\t\t\t<\/figure>\n\t\t\t\t\t\t\t\t\t<\/div>\n\t\t\t\t<\/div>\n\t\t\t\t<\/div>\n\t\t\t\t<\/div>\n\t\t<div class=\"elementor-element elementor-element-85904fb e-con-full e-flex e-con e-child\" data-id=\"85904fb\" data-element_type=\"container\">\n\t\t\t\t<div class=\"elementor-element elementor-element-c5c97d8 elementor-widget elementor-widget-heading\" data-id=\"c5c97d8\" data-element_type=\"widget\" data-widget_type=\"heading.default\">\n\t\t\t\t<div class=\"elementor-widget-container\">\n\t\t\t\t\t<h2 class=\"elementor-heading-title elementor-size-default\">Montering<\/h2>\t\t\t\t<\/div>\n\t\t\t\t<\/div>\n\t\t\t\t<div class=\"elementor-element elementor-element-24b10e3 elementor-widget-divider--view-line elementor-widget elementor-widget-divider\" data-id=\"24b10e3\" data-element_type=\"widget\" data-widget_type=\"divider.default\">\n\t\t\t\t<div class=\"elementor-widget-container\">\n\t\t\t\t\t\t\t<div class=\"elementor-divider\">\n\t\t\t<span class=\"elementor-divider-separator\">\n\t\t\t\t\t\t<\/span>\n\t\t<\/div>\n\t\t\t\t\t\t<\/div>\n\t\t\t\t<\/div>\n\t\t\t\t<div class=\"elementor-element elementor-element-32509fc elementor-widget elementor-widget-text-editor\" data-id=\"32509fc\" data-element_type=\"widget\" data-widget_type=\"text-editor.default\">\n\t\t\t\t<div class=\"elementor-widget-container\">\n\t\t\t\t\t\t\t\t\t<p><strong>Allm\u00e4nt<\/strong><br \/>Fundamentet placeras i v\u00e5g p\u00e5 ett dr\u00e4nerande underlag, t ex, singel eller Leca. Ber\u00e4kna h\u00f6jden s\u00e5 att markytan ligger ca 5 cm ovanf\u00f6r fundamentet.<\/p>\t\t\t\t\t\t\t\t<\/div>\n\t\t\t\t<\/div>\n\t\t\t\t<div class=\"elementor-element elementor-element-93928d8 elementor-widget elementor-widget-text-editor\" data-id=\"93928d8\" data-element_type=\"widget\" data-widget_type=\"text-editor.default\">\n\t\t\t\t<div class=\"elementor-widget-container\">\n\t\t\t\t\t\t\t\t\t<p><b>Montering p\u00e5 sockel<\/b><br \/>Dubbarna som h\u00e5ller gravstenen skall vara av syrafast rostfritt st\u00e5l och trycks ner i fundamentets h\u00e5l. Placera gravstenen p\u00e5 dubbarna.<\/p>\t\t\t\t\t\t\t\t<\/div>\n\t\t\t\t<\/div>\n\t\t\t\t<div class=\"elementor-element elementor-element-80d6f38 elementor-widget elementor-widget-text-editor\" data-id=\"80d6f38\" data-element_type=\"widget\" data-widget_type=\"text-editor.default\">\n\t\t\t\t<div class=\"elementor-widget-container\">\n\t\t\t\t\t\t\t\t\t<p><b>F\u00f6rst\u00e4rkt f\u00f6rankring i mark<\/b><br \/>Gravstenar med h\u00f6jd \u00f6ver 90cm (eller om instabila markf\u00f6rh\u00e5llanden r\u00e5der) kr\u00e4ver att fundamentet stabiliseras mot marken. Detta g\u00f6rs enkelt genom att utnyttja de tv\u00e5 h\u00e5l som inte anv\u00e4nds f\u00f6r att fixera gravstenen. Borra med ett installationsborr och en vanlig slagborrmaskin s\u00e5 att h\u00e5len blir genomg\u00e5ende. Driv ner dubben genom fundamentet i marken. Markdubben kan vara av galvaniserat st\u00e5l.<\/p>\t\t\t\t\t\t\t\t<\/div>\n\t\t\t\t<\/div>\n\t\t\t\t<div class=\"elementor-element elementor-element-c917c29 elementor-widget elementor-widget-text-editor\" data-id=\"c917c29\" data-element_type=\"widget\" data-widget_type=\"text-editor.default\">\n\t\t\t\t<div class=\"elementor-widget-container\">\n\t\t\t\t\t\t\t\t\t<p><b>R\u00e4ttning av befintlig gravsten<\/b><br \/>Om stenen f\u00e5tt en lutning p\u00e5 grund av markf\u00f6r\u00e4ndringar, b\u00f6r man gr\u00e4va runt fundamentet innan justeringen g\u00f6rs. Att r\u00e4tta stenen endast genom att anv\u00e4nda spett\/ brytj\u00e4rn b\u00f6r undvikas d\u00e5 det kan skada fundamentet om detta inte \u00e4r frilagt. Detta g\u00e4ller \u00e4ven om man manuellt f\u00f6rs\u00f6ker att justera stenen.<\/p>\t\t\t\t\t\t\t\t<\/div>\n\t\t\t\t<\/div>\n\t\t\t\t<\/div>\n\t\t\t\t\t<\/div>\n\t\t\t\t<\/div>\n\t\t\t\t<\/div>\n\t\t","protected":false},"excerpt":{"rendered":"<p>Varf\u00f6r b\u00f6r man anv\u00e4nda v\u00e5rt gravstensfundament? Ett stabilt och h\u00e5llbart gravstensfundament \u00e4r avg\u00f6rande f\u00f6r att s\u00e4kerst\u00e4lla att gravstenen st\u00e5r tryggt \u00f6ver tid. V\u00e5rt fundament, tillverkat av fingraderad leca, \u00e4r l\u00e4tt att hantera och montera, samtidigt som det erbjuder h\u00f6g h\u00e5llfasthet. Med rostfria dubbar och dubbel bimetallarmering, som finns b\u00e5de i nedre och \u00f6vre del, f\u00e5r [&hellip;]<\/p>\n","protected":false},"author":2,"featured_media":0,"parent":0,"menu_order":0,"comment_status":"closed","ping_status":"closed","template":"","meta":{"footnotes":""},"class_list":["post-1319","page","type-page","status-publish","hentry"],"_links":{"self":[{"href":"https:\/\/stenhuggeri.se\/index.php?rest_route=\/wp\/v2\/pages\/1319","targetHints":{"allow":["GET"]}}],"collection":[{"href":"https:\/\/stenhuggeri.se\/index.php?rest_route=\/wp\/v2\/pages"}],"about":[{"href":"https:\/\/stenhuggeri.se\/index.php?rest_route=\/wp\/v2\/types\/page"}],"author":[{"embeddable":true,"href":"https:\/\/stenhuggeri.se\/index.php?rest_route=\/wp\/v2\/users\/2"}],"replies":[{"embeddable":true,"href":"https:\/\/stenhuggeri.se\/index.php?rest_route=%2Fwp%2Fv2%2Fcomments&post=1319"}],"version-history":[{"count":59,"href":"https:\/\/stenhuggeri.se\/index.php?rest_route=\/wp\/v2\/pages\/1319\/revisions"}],"predecessor-version":[{"id":2283,"href":"https:\/\/stenhuggeri.se\/index.php?rest_route=\/wp\/v2\/pages\/1319\/revisions\/2283"}],"wp:attachment":[{"href":"https:\/\/stenhuggeri.se\/index.php?rest_route=%2Fwp%2Fv2%2Fmedia&parent=1319"}],"curies":[{"name":"wp","href":"https:\/\/api.w.org\/{rel}","templated":true}]}}