{"id":1183,"date":"2025-06-02T13:47:24","date_gmt":"2025-06-02T11:47:24","guid":{"rendered":"http:\/\/dev2.nilssonssten.se\/?page_id=1183"},"modified":"2025-06-25T06:56:45","modified_gmt":"2025-06-25T04:56:45","slug":"brembana-jetpower-evo","status":"publish","type":"page","link":"https:\/\/stenhuggeri.se\/?page_id=1183","title":{"rendered":"Brembana JetPower Evo"},"content":{"rendered":"\t\t<div data-elementor-type=\"wp-page\" data-elementor-id=\"1183\" class=\"elementor elementor-1183\" data-elementor-post-type=\"page\">\n\t\t\t\t<div class=\"elementor-element elementor-element-c6a24c9 e-flex e-con-boxed e-con e-parent\" data-id=\"c6a24c9\" data-element_type=\"container\">\n\t\t\t\t\t<div class=\"e-con-inner\">\n\t\t\t\t<div class=\"elementor-element elementor-element-3b5c47f elementor-widget elementor-widget-spacer\" data-id=\"3b5c47f\" data-element_type=\"widget\" data-widget_type=\"spacer.default\">\n\t\t\t\t<div class=\"elementor-widget-container\">\n\t\t\t\t\t\t\t<div class=\"elementor-spacer\">\n\t\t\t<div class=\"elementor-spacer-inner\"><\/div>\n\t\t<\/div>\n\t\t\t\t\t\t<\/div>\n\t\t\t\t<\/div>\n\t\t\t\t\t<\/div>\n\t\t\t\t<\/div>\n\t\t<div class=\"elementor-element elementor-element-9d06cf2 e-flex e-con-boxed e-con e-parent\" data-id=\"9d06cf2\" data-element_type=\"container\">\n\t\t\t\t\t<div class=\"e-con-inner\">\n\t\t<div class=\"elementor-element elementor-element-1504e05 e-con-full e-flex e-con e-child\" data-id=\"1504e05\" data-element_type=\"container\">\n\t\t\t\t<div class=\"elementor-element elementor-element-21bc900 elementor-widget elementor-widget-image\" data-id=\"21bc900\" data-element_type=\"widget\" data-widget_type=\"image.default\">\n\t\t\t\t<div class=\"elementor-widget-container\">\n\t\t\t\t\t\t\t\t\t\t\t\t\t\t\t<img fetchpriority=\"high\" decoding=\"async\" width=\"800\" height=\"600\" src=\"https:\/\/stenhuggeri.se\/wp-content\/uploads\/2025\/06\/brembana-jet-power-evo.png\" class=\"attachment-large size-large wp-image-1203\" alt=\"\" \/>\t\t\t\t\t\t\t\t\t\t\t\t\t\t\t<\/div>\n\t\t\t\t<\/div>\n\t\t\t\t<\/div>\n\t\t<div class=\"elementor-element elementor-element-bcc2b46 e-con-full e-flex e-con e-child\" data-id=\"bcc2b46\" data-element_type=\"container\">\n\t\t\t\t<div class=\"elementor-element elementor-element-1e94f02 elementor-widget elementor-widget-heading\" data-id=\"1e94f02\" data-element_type=\"widget\" data-widget_type=\"heading.default\">\n\t\t\t\t<div class=\"elementor-widget-container\">\n\t\t\t\t\t<h2 class=\"elementor-heading-title elementor-size-default\">BREMBANA JETPOWER EVO<\/h2>\t\t\t\t<\/div>\n\t\t\t\t<\/div>\n\t\t\t\t<div class=\"elementor-element elementor-element-149347b elementor-widget elementor-widget-text-editor\" data-id=\"149347b\" data-element_type=\"widget\" data-widget_type=\"text-editor.default\">\n\t\t\t\t<div class=\"elementor-widget-container\">\n\t\t\t\t\t\t\t\t\t<p>H\u00f6gtrycksintensifierare<\/p>\t\t\t\t\t\t\t\t<\/div>\n\t\t\t\t<\/div>\n\t\t\t\t<div class=\"elementor-element elementor-element-6f69be8 elementor-widget elementor-widget-text-editor\" data-id=\"6f69be8\" data-element_type=\"widget\" data-widget_type=\"text-editor.default\">\n\t\t\t\t<div class=\"elementor-widget-container\">\n\t\t\t\t\t\t\t\t\t<p><span style=\"font-weight: 400;\">CMS har utvecklat ett nytt koncept inom ultrah\u00f6gtrycksintensifierare, f\u00f6rb\u00e4ttrat med tekniska l\u00f6sningar utformade f\u00f6r att m\u00f6ta de mest kr\u00e4vande anv\u00e4ndarnas behov. Denna nya teknik bygger p\u00e5 en intensifierare utrustad med flera oberoende, parallella och elektroniskt synkroniserade tryckmultiplikatorer. Den innovativa l\u00f6sningen s\u00e4kerst\u00e4ller ett konstant tryck, vilket eliminerar de tryckfall som \u00e4r typiska f\u00f6r traditionella motst\u00e5ende cylindrars intensifierare.<\/span><\/p>\t\t\t\t\t\t\t\t<\/div>\n\t\t\t\t<\/div>\n\t\t\t\t<div class=\"elementor-element elementor-element-24858af elementor-widget elementor-widget-text-editor\" data-id=\"24858af\" data-element_type=\"widget\" data-widget_type=\"text-editor.default\">\n\t\t\t\t<div class=\"elementor-widget-container\">\n\t\t\t\t\t\t\t\t\t<ul><li style=\"font-weight: 400;\" aria-level=\"1\"><span style=\"font-weight: 400;\">H\u00f6gtryck med konstant stabilitet och ingen ackumulator<\/span><\/li><li style=\"font-weight: 400;\" aria-level=\"1\"><span style=\"font-weight: 400;\">H\u00f6gre stabilitet i det dynamiska trycksignalen, vilket garanterar en \u00f6verl\u00e4gsen sk\u00e4rkvalitet<\/span><\/li><li style=\"font-weight: 400;\" aria-level=\"1\"><span style=\"font-weight: 400;\">Minskad f\u00f6rslitning av alla komponenter i bearbetningscentrens h\u00f6gtryckssystem, l\u00e4ngre livsl\u00e4ngd p\u00e5 material och reducerat underh\u00e5ll<\/span><\/li><li style=\"font-weight: 400;\" aria-level=\"1\"><span style=\"font-weight: 400;\">Den oberoende cylindetekniken m\u00f6jligg\u00f6r avst\u00e4ngning av enskilda cylindrar vid behov av service<\/span><\/li><li style=\"font-weight: 400;\" aria-level=\"1\"><span style=\"font-weight: 400;\">Operat\u00f6ren kan sj\u00e4lv v\u00e4lja underh\u00e5llsschemat utan att beh\u00f6va stoppa maskinen<\/span><\/li><li style=\"font-weight: 400;\" aria-level=\"1\"><span style=\"font-weight: 400;\">Elektronisk styrning av sk\u00e4rtrycket via mjukvara<\/span><\/li><li style=\"font-weight: 400;\" aria-level=\"1\"><span style=\"font-weight: 400;\">Elektronisk \u00f6vervakning av temperatur, tryck och filterstatus<\/span><\/li><li style=\"font-weight: 400;\" aria-level=\"1\"><span style=\"font-weight: 400;\">Hydraulisk pump med variabelt fl\u00f6de<\/span><\/li><li style=\"font-weight: 400;\" aria-level=\"1\"><span style=\"font-weight: 400;\">Hydrauliska cylindrars returkrets med separat pump<\/span><\/li><li style=\"font-weight: 400;\" aria-level=\"1\"><span style=\"font-weight: 400;\">Luft\/oljebytare f\u00f6r kylning av hydraulkretsen (vatten\/olja som alternativ)<\/span><\/li><li style=\"font-weight: 400;\" aria-level=\"1\"><span style=\"font-weight: 400;\">Kan anslutas till alla frist\u00e5ende sk\u00e4rsystem<\/span><\/li><\/ul>\t\t\t\t\t\t\t\t<\/div>\n\t\t\t\t<\/div>\n\t\t\t\t<\/div>\n\t\t\t\t\t<\/div>\n\t\t\t\t<\/div>\n\t\t<div class=\"elementor-element elementor-element-6e8e380b e-con-full e-flex e-con e-parent\" data-id=\"6e8e380b\" data-element_type=\"container\" data-settings=\"{&quot;background_background&quot;:&quot;classic&quot;}\">\n\t\t<div class=\"elementor-element elementor-element-6a7bb873 e-con-full e-flex e-con e-child\" data-id=\"6a7bb873\" data-element_type=\"container\">\n\t\t<div class=\"elementor-element elementor-element-492626f5 e-con-full e-flex e-con e-child\" data-id=\"492626f5\" data-element_type=\"container\">\n\t\t\t\t<div class=\"elementor-element elementor-element-48d540bb elementor-cta--layout-image-above elementor-widget__width-inherit elementor-widget-tablet__width-inherit elementor-cta--valign-top elementor-cta--skin-classic elementor-animated-content elementor-widget elementor-widget-call-to-action\" data-id=\"48d540bb\" data-element_type=\"widget\" data-widget_type=\"call-to-action.default\">\n\t\t\t\t<div class=\"elementor-widget-container\">\n\t\t\t\t\t\t\t<div class=\"elementor-cta\">\n\t\t\t\t\t<div class=\"elementor-cta__bg-wrapper\">\n\t\t\t\t<div class=\"elementor-cta__bg elementor-bg\" style=\"background-image: url(https:\/\/stenhuggeri.se\/wp-content\/uploads\/2025\/06\/Jetpower1.png);\" role=\"img\" aria-label=\"Jetpower1\"><\/div>\n\t\t\t\t<div class=\"elementor-cta__bg-overlay\"><\/div>\n\t\t\t<\/div>\n\t\t\t\t\t\t\t<div class=\"elementor-cta__content\">\n\t\t\t\t\n\t\t\t\t\t\t\t\t\t<h2 class=\"elementor-cta__title elementor-cta__content-item elementor-content-item\">\n\t\t\t\t\t\t Konstant utg\u00e5ngstryck f\u00f6r b\u00e4ttre sk\u00e4rkvalitet\t\t\t\t\t<\/h2>\n\t\t\t\t\n\t\t\t\t\t\t\t\t\t<div class=\"elementor-cta__description elementor-cta__content-item elementor-content-item\">\n\t\t\t\t\t\tHydraulisk intensifierare med 2 eller 3 oberoende och elektroniskt synkroniserade parallella cylindrar som garanterar en konstant signal av utg\u00e5ngstrycket utan att beh\u00f6va en tryckd\u00e4mpare.\t\t\t\t\t<\/div>\n\t\t\t\t\n\t\t\t\t\t\t\t<\/div>\n\t\t\t\t\t\t<\/div>\n\t\t\t\t\t\t<\/div>\n\t\t\t\t<\/div>\n\t\t\t\t<\/div>\n\t\t<div class=\"elementor-element elementor-element-737d6606 e-con-full e-flex e-con e-child\" data-id=\"737d6606\" data-element_type=\"container\">\n\t\t\t\t<div class=\"elementor-element elementor-element-212e65aa elementor-cta--layout-image-above elementor-widget__width-inherit elementor-cta--valign-top elementor-cta--skin-classic elementor-animated-content elementor-widget elementor-widget-call-to-action\" data-id=\"212e65aa\" data-element_type=\"widget\" data-widget_type=\"call-to-action.default\">\n\t\t\t\t<div class=\"elementor-widget-container\">\n\t\t\t\t\t\t\t<div class=\"elementor-cta\">\n\t\t\t\t\t<div class=\"elementor-cta__bg-wrapper\">\n\t\t\t\t<div class=\"elementor-cta__bg elementor-bg\" style=\"background-image: url(https:\/\/stenhuggeri.se\/wp-content\/uploads\/2025\/06\/Jetpower2.png);\" role=\"img\" aria-label=\"Jetpower2\"><\/div>\n\t\t\t\t<div class=\"elementor-cta__bg-overlay\"><\/div>\n\t\t\t<\/div>\n\t\t\t\t\t\t\t<div class=\"elementor-cta__content\">\n\t\t\t\t\n\t\t\t\t\t\t\t\t\t<h2 class=\"elementor-cta__title elementor-cta__content-item elementor-content-item\">\n\t\t\t\t\t\tRedundant arkitektur: mindre maskinstillest\u00e5nd\t\t\t\t\t<\/h2>\n\t\t\t\t\n\t\t\t\t\t\t\t\t\t<div class=\"elementor-cta__description elementor-cta__content-item elementor-content-item\">\n\t\t\t\t\t\tTeknologin med 3 oberoende cylindrar m\u00f6jligg\u00f6r f\u00f6rbikoppling av en enskild cylinder som beh\u00f6ver underh\u00e5ll, medan maskinen forts\u00e4tter att arbeta, vilket eliminerar on\u00f6diga driftstopp.\t\t\t\t\t<\/div>\n\t\t\t\t\n\t\t\t\t\t\t\t<\/div>\n\t\t\t\t\t\t<\/div>\n\t\t\t\t\t\t<\/div>\n\t\t\t\t<\/div>\n\t\t\t\t<\/div>\n\t\t<div class=\"elementor-element elementor-element-1758ff21 e-con-full e-flex e-con e-child\" data-id=\"1758ff21\" data-element_type=\"container\">\n\t\t\t\t<div class=\"elementor-element elementor-element-38fcc960 elementor-cta--layout-image-above elementor-widget__width-inherit elementor-cta--valign-top elementor-cta--skin-classic elementor-animated-content elementor-widget elementor-widget-call-to-action\" data-id=\"38fcc960\" data-element_type=\"widget\" data-widget_type=\"call-to-action.default\">\n\t\t\t\t<div class=\"elementor-widget-container\">\n\t\t\t\t\t\t\t<div class=\"elementor-cta\">\n\t\t\t\t\t<div class=\"elementor-cta__bg-wrapper\">\n\t\t\t\t<div class=\"elementor-cta__bg elementor-bg\" style=\"background-image: url(https:\/\/stenhuggeri.se\/wp-content\/uploads\/2025\/06\/Jetpower3.png);\" role=\"img\" aria-label=\"Jetpower3\"><\/div>\n\t\t\t\t<div class=\"elementor-cta__bg-overlay\"><\/div>\n\t\t\t<\/div>\n\t\t\t\t\t\t\t<div class=\"elementor-cta__content\">\n\t\t\t\t\n\t\t\t\t\t\t\t\t\t<h2 class=\"elementor-cta__title elementor-cta__content-item elementor-content-item\">\n\t\t\t\t\t\tL\u00e4gre underh\u00e5llskostnader\t\t\t\t\t<\/h2>\n\t\t\t\t\n\t\t\t\t\t\t\t\t\t<div class=\"elementor-cta__description elementor-cta__content-item elementor-content-item\">\n\t\t\t\t\t\tDen parallella cylinderarkitekturen \u00e4r utformad f\u00f6r att ha en l\u00e5g cykelfrekvens, vilket minskar slitaget p\u00e5 h\u00f6gtryckskomponenterna och d\u00e4rmed minskar underh\u00e5llskostnaderna.\t\t\t\t\t<\/div>\n\t\t\t\t\n\t\t\t\t\t\t\t<\/div>\n\t\t\t\t\t\t<\/div>\n\t\t\t\t\t\t<\/div>\n\t\t\t\t<\/div>\n\t\t\t\t<\/div>\n\t\t<div class=\"elementor-element elementor-element-124e2616 e-con-full e-flex e-con e-child\" data-id=\"124e2616\" data-element_type=\"container\">\n\t\t\t\t<div class=\"elementor-element elementor-element-51e19cf1 elementor-cta--layout-image-above elementor-widget__width-inherit elementor-cta--valign-top elementor-cta--skin-classic elementor-animated-content elementor-widget elementor-widget-call-to-action\" data-id=\"51e19cf1\" data-element_type=\"widget\" data-widget_type=\"call-to-action.default\">\n\t\t\t\t<div class=\"elementor-widget-container\">\n\t\t\t\t\t\t\t<div class=\"elementor-cta\">\n\t\t\t\t\t<div class=\"elementor-cta__bg-wrapper\">\n\t\t\t\t<div class=\"elementor-cta__bg elementor-bg\" style=\"background-image: url(https:\/\/stenhuggeri.se\/wp-content\/uploads\/2025\/06\/Jetpower4.jpeg);\" role=\"img\" aria-label=\"Jetpower4\"><\/div>\n\t\t\t\t<div class=\"elementor-cta__bg-overlay\"><\/div>\n\t\t\t<\/div>\n\t\t\t\t\t\t\t<div class=\"elementor-cta__content\">\n\t\t\t\t\n\t\t\t\t\t\t\t\t\t<h2 class=\"elementor-cta__title elementor-cta__content-item elementor-content-item\">\n\t\t\t\t\t\tMinskad oljef\u00f6rbrukning och driftskostnader\t\t\t\t\t<\/h2>\n\t\t\t\t\n\t\t\t\t\t\t\t\t\t<div class=\"elementor-cta__description elementor-cta__content-item elementor-content-item\">\n\t\t\t\t\t\tVattenfl\u00f6deshastighet upp till 5 l\/min f\u00f6r att m\u00f6ta ett brett spektrum av sk\u00e4rapplikationer, med anpassad oljef\u00f6rbrukning tack vare en oberoende variabelfl\u00f6despump f\u00f6r det hydrauliska systemet\t\t\t\t\t<\/div>\n\t\t\t\t\n\t\t\t\t\t\t\t<\/div>\n\t\t\t\t\t\t<\/div>\n\t\t\t\t\t\t<\/div>\n\t\t\t\t<\/div>\n\t\t\t\t<\/div>\n\t\t\t\t<\/div>\n\t\t\t\t<\/div>\n\t\t<div class=\"elementor-element elementor-element-e8f8b7f e-flex e-con-boxed e-con e-parent\" data-id=\"e8f8b7f\" data-element_type=\"container\" data-settings=\"{&quot;background_background&quot;:&quot;gradient&quot;}\">\n\t\t\t\t\t<div class=\"e-con-inner\">\n\t\t\t\t<div class=\"elementor-element elementor-element-15127d2 elementor-widget elementor-widget-heading\" data-id=\"15127d2\" data-element_type=\"widget\" data-widget_type=\"heading.default\">\n\t\t\t\t<div class=\"elementor-widget-container\">\n\t\t\t\t\t<h2 class=\"elementor-heading-title elementor-size-default\">Teknisk information<\/h2>\t\t\t\t<\/div>\n\t\t\t\t<\/div>\n\t\t\t\t<div class=\"elementor-element elementor-element-7346ca9 elementor-widget elementor-widget-elementskit-tablepress\" data-id=\"7346ca9\" data-element_type=\"widget\" data-widget_type=\"elementskit-tablepress.default\">\n\t\t\t\t<div class=\"elementor-widget-container\">\n\t\t\t\t\t<div class=\"elemenetskit-tablepress ekit-wid-con\" id=\"ekit_tablepress_7346ca9\">\n<table id=\"tablepress-21\" class=\"tablepress tablepress-id-21\">\n<tbody class=\"row-striping row-hover\">\n<tr class=\"row-1\">\n\t<td class=\"column-1\">Modell<\/td><td class=\"column-2\">Tecnocut Jetpower Evo 40 HP<\/td><td class=\"column-3\">Tecnocut Jetpower Evo 60 HP<\/td>\n<\/tr>\n<tr class=\"row-2\">\n\t<td class=\"column-1\">Effekt<\/td><td class=\"column-2\">30 kW \/ 40 hk<\/td><td class=\"column-3\">45 kW \/ 60 hk<\/td>\n<\/tr>\n<tr class=\"row-3\">\n\t<td class=\"column-1\">Multiplikatorer<\/td><td class=\"column-2\">2<\/td><td class=\"column-3\">3<\/td>\n<\/tr>\n<tr class=\"row-4\">\n\t<td class=\"column-1\">Maximalt vattentryck<\/td><td class=\"column-2\">4150 bar \/ 60 000 psi<\/td><td class=\"column-3\">4150 bar \/ 60 000 psi<\/td>\n<\/tr>\n<tr class=\"row-5\">\n\t<td class=\"column-1\">Maximal vattenfl\u00f6deshastighet<\/td><td class=\"column-2\">2,7 l\/min \/ 0,71 gpm<\/td><td class=\"column-3\">5 l\/min \/ 1,32 gpm<\/td>\n<\/tr>\n<tr class=\"row-6\">\n\t<td class=\"column-1\">Maximal munstyckesdiameter<\/td><td class=\"column-2\">0,30 mm \/ 0,012 tum<\/td><td class=\"column-3\">0,40 mm \/ 0,016 tum<\/td>\n<\/tr>\n<tr class=\"row-7\">\n\t<td class=\"column-1\">Sp\u00e4nning<\/td><td class=\"column-2\">400V \u00b15% 50-60 Hz (Diverse sp\u00e4nningar och frekvenser p\u00e5 beg\u00e4ran)<\/td><td class=\"column-3\">400V \u00b15% 50-60 Hz (Diverse sp\u00e4nningar och frekvenser p\u00e5 beg\u00e4ran)<\/td>\n<\/tr>\n<\/tbody>\n<\/table>\n<!-- #tablepress-21 from cache --><\/div>\t\t\t\t<\/div>\n\t\t\t\t<\/div>\n\t\t\t\t\t<\/div>\n\t\t\t\t<\/div>\n\t\t<div class=\"elementor-element elementor-element-193983d e-flex e-con-boxed e-con e-parent\" data-id=\"193983d\" data-element_type=\"container\" data-settings=\"{&quot;background_background&quot;:&quot;classic&quot;}\">\n\t\t\t\t\t<div class=\"e-con-inner\">\n\t\t\t\t<div class=\"elementor-element elementor-element-680650c elementor-align-right elementor-widget elementor-widget-button\" data-id=\"680650c\" data-element_type=\"widget\" data-widget_type=\"button.default\">\n\t\t\t\t<div class=\"elementor-widget-container\">\n\t\t\t\t\t\t\t\t\t<div class=\"elementor-button-wrapper\">\n\t\t\t\t\t<a class=\"elementor-button elementor-button-link elementor-size-sm\" href=\"http:\/\/stenhuggeri.se\/wp-content\/uploads\/2025\/06\/WATERJET_STONE_ENG.pdf\">\n\t\t\t\t\t\t<span class=\"elementor-button-content-wrapper\">\n\t\t\t\t\t\t\t\t\t<span class=\"elementor-button-text\">Dokumentation<\/span>\n\t\t\t\t\t<\/span>\n\t\t\t\t\t<\/a>\n\t\t\t\t<\/div>\n\t\t\t\t\t\t\t\t<\/div>\n\t\t\t\t<\/div>\n\t\t\t\t\t<\/div>\n\t\t\t\t<\/div>\n\t\t\t\t<\/div>\n\t\t","protected":false},"excerpt":{"rendered":"<p>Sida med information och specifikationer f\u00f6r CNC maskinen: Brembana Kosmos<\/p>\n","protected":false},"author":2,"featured_media":0,"parent":0,"menu_order":0,"comment_status":"closed","ping_status":"closed","template":"","meta":{"footnotes":""},"class_list":["post-1183","page","type-page","status-publish","hentry"],"_links":{"self":[{"href":"https:\/\/stenhuggeri.se\/index.php?rest_route=\/wp\/v2\/pages\/1183","targetHints":{"allow":["GET"]}}],"collection":[{"href":"https:\/\/stenhuggeri.se\/index.php?rest_route=\/wp\/v2\/pages"}],"about":[{"href":"https:\/\/stenhuggeri.se\/index.php?rest_route=\/wp\/v2\/types\/page"}],"author":[{"embeddable":true,"href":"https:\/\/stenhuggeri.se\/index.php?rest_route=\/wp\/v2\/users\/2"}],"replies":[{"embeddable":true,"href":"https:\/\/stenhuggeri.se\/index.php?rest_route=%2Fwp%2Fv2%2Fcomments&post=1183"}],"version-history":[{"count":13,"href":"https:\/\/stenhuggeri.se\/index.php?rest_route=\/wp\/v2\/pages\/1183\/revisions"}],"predecessor-version":[{"id":1725,"href":"https:\/\/stenhuggeri.se\/index.php?rest_route=\/wp\/v2\/pages\/1183\/revisions\/1725"}],"wp:attachment":[{"href":"https:\/\/stenhuggeri.se\/index.php?rest_route=%2Fwp%2Fv2%2Fmedia&parent=1183"}],"curies":[{"name":"wp","href":"https:\/\/api.w.org\/{rel}","templated":true}]}}