{"id":1153,"date":"2025-06-02T13:03:54","date_gmt":"2025-06-02T11:03:54","guid":{"rendered":"http:\/\/dev2.nilssonssten.se\/?page_id=1153"},"modified":"2025-06-24T14:43:12","modified_gmt":"2025-06-24T12:43:12","slug":"brembana-easyline","status":"publish","type":"page","link":"https:\/\/stenhuggeri.se\/?page_id=1153","title":{"rendered":"Brembana Easyline"},"content":{"rendered":"\t\t<div data-elementor-type=\"wp-page\" data-elementor-id=\"1153\" class=\"elementor elementor-1153\" data-elementor-post-type=\"page\">\n\t\t\t\t<div class=\"elementor-element elementor-element-c6a24c9 e-flex e-con-boxed e-con e-parent\" data-id=\"c6a24c9\" data-element_type=\"container\">\n\t\t\t\t\t<div class=\"e-con-inner\">\n\t\t\t\t<div class=\"elementor-element elementor-element-3b5c47f elementor-widget elementor-widget-spacer\" data-id=\"3b5c47f\" data-element_type=\"widget\" data-widget_type=\"spacer.default\">\n\t\t\t\t<div class=\"elementor-widget-container\">\n\t\t\t\t\t\t\t<div class=\"elementor-spacer\">\n\t\t\t<div class=\"elementor-spacer-inner\"><\/div>\n\t\t<\/div>\n\t\t\t\t\t\t<\/div>\n\t\t\t\t<\/div>\n\t\t\t\t\t<\/div>\n\t\t\t\t<\/div>\n\t\t<div class=\"elementor-element elementor-element-9d06cf2 e-flex e-con-boxed e-con e-parent\" data-id=\"9d06cf2\" data-element_type=\"container\">\n\t\t\t\t\t<div class=\"e-con-inner\">\n\t\t<div class=\"elementor-element elementor-element-1504e05 e-con-full e-flex e-con e-child\" data-id=\"1504e05\" data-element_type=\"container\">\n\t\t\t\t<div class=\"elementor-element elementor-element-21bc900 elementor-widget elementor-widget-image\" data-id=\"21bc900\" data-element_type=\"widget\" data-widget_type=\"image.default\">\n\t\t\t\t<div class=\"elementor-widget-container\">\n\t\t\t\t\t\t\t\t\t\t\t\t\t\t\t<img fetchpriority=\"high\" decoding=\"async\" width=\"800\" height=\"534\" src=\"https:\/\/stenhuggeri.se\/wp-content\/uploads\/2025\/06\/brembana-easyline.png\" class=\"attachment-large size-large wp-image-1157\" alt=\"\" \/>\t\t\t\t\t\t\t\t\t\t\t\t\t\t\t<\/div>\n\t\t\t\t<\/div>\n\t\t\t\t<\/div>\n\t\t<div class=\"elementor-element elementor-element-bcc2b46 e-con-full e-flex e-con e-child\" data-id=\"bcc2b46\" data-element_type=\"container\">\n\t\t\t\t<div class=\"elementor-element elementor-element-1e94f02 elementor-widget elementor-widget-heading\" data-id=\"1e94f02\" data-element_type=\"widget\" data-widget_type=\"heading.default\">\n\t\t\t\t<div class=\"elementor-widget-container\">\n\t\t\t\t\t<h2 class=\"elementor-heading-title elementor-size-default\">BREMBANA EASYLINE<\/h2>\t\t\t\t<\/div>\n\t\t\t\t<\/div>\n\t\t\t\t<div class=\"elementor-element elementor-element-149347b elementor-widget elementor-widget-text-editor\" data-id=\"149347b\" data-element_type=\"widget\" data-widget_type=\"text-editor.default\">\n\t\t\t\t<div class=\"elementor-widget-container\">\n\t\t\t\t\t\t\t\t\t<p><span style=\"font-weight: 400;\">3- och 5-axligt vattensk\u00e4rningssystem<\/span><\/p>\t\t\t\t\t\t\t\t<\/div>\n\t\t\t\t<\/div>\n\t\t\t\t<div class=\"elementor-element elementor-element-6f69be8 elementor-widget elementor-widget-text-editor\" data-id=\"6f69be8\" data-element_type=\"widget\" data-widget_type=\"text-editor.default\">\n\t\t\t\t<div class=\"elementor-widget-container\">\n\t\t\t\t\t\t\t\t\t<p><span style=\"font-weight: 400;\">Brembana Easyline \u00e4r ett h\u00f6gpresterande, m\u00e5ngsidigt och modul\u00e4rt vattensk\u00e4rningssystem \u2013 antingen rent eller hydroabrasivt \u2013 som kan anv\u00e4ndas inom en rad olika till\u00e4mpningsomr\u00e5den f\u00f6r att m\u00f6ta de mest varierande produktionsbehoven.<\/span><\/p><p><span style=\"font-weight: 400;\">Den konsol baserade strukturen med en separat tank m\u00f6jligg\u00f6r enkel \u00e5tkomst till arbetsbordet. Laddning och borttagning av material g\u00e5r snabbt och smidigt. <\/span><span style=\"font-weight: 400;\">Alla axlars r\u00f6relser utf\u00f6rs genom h\u00e4rdad och slipad kuggst\u00e5ng och drev. <\/span><span style=\"font-weight: 400;\">De termiska svetsade b\u00e4lgarna ger fullst\u00e4ndigt skydd f\u00f6r styrskenorna och kuggst\u00e5ngen fr\u00e5n vatten och damm.<br \/><\/span><span style=\"font-weight: 400;\"><br \/><\/span><span style=\"font-weight: 400;\"> St\u00e5lstrukturen genomg\u00e5r en rostskyddsbehandling genom sandbl\u00e4string och keramisk m\u00e5lning, vilket ger en h\u00f6gre motst\u00e5ndskraft mot korrosion. <\/span><span style=\"font-weight: 400;\">Tanken \u00e4r f\u00f6rberedd f\u00f6r installation av ett muddrings-system f\u00f6r borttagning av abrasiva material.<\/span><\/p>\t\t\t\t\t\t\t\t<\/div>\n\t\t\t\t<\/div>\n\t\t\t\t<div class=\"elementor-element elementor-element-29db3e2 elementor-widget elementor-widget-text-editor\" data-id=\"29db3e2\" data-element_type=\"widget\" data-widget_type=\"text-editor.default\">\n\t\t\t\t<div class=\"elementor-widget-container\">\n\t\t\t\t\t\t\t\t\t<p><span style=\"font-weight: 400;\">Brembana Easyline finns ocks\u00e5 med f\u00f6ljande konfigurationer:<\/span><\/p>\t\t\t\t\t\t\t\t<\/div>\n\t\t\t\t<\/div>\n\t\t\t\t<div class=\"elementor-element elementor-element-24858af elementor-widget elementor-widget-text-editor\" data-id=\"24858af\" data-element_type=\"widget\" data-widget_type=\"text-editor.default\">\n\t\t\t\t<div class=\"elementor-widget-container\">\n\t\t\t\t\t\t\t\t\t<ul><li style=\"font-weight: 400;\" aria-level=\"1\"><span style=\"font-weight: 400;\">Twin (l\u00f6sning f\u00f6r pendelarbete med dubbel tank)<\/span><\/li><li style=\"font-weight: 400;\" aria-level=\"1\"><span style=\"font-weight: 400;\">Twin+ (pendelbaserat sk\u00e4rsystem med en tank)<\/span><\/li><li style=\"font-weight: 400;\" aria-level=\"1\"><span style=\"font-weight: 400;\">Dual Bridge<\/span><\/li><li style=\"font-weight: 400;\" aria-level=\"1\"><span style=\"font-weight: 400;\">Scannerbaserad s\u00e4kerhet<\/span><\/li><li style=\"font-weight: 400;\" aria-level=\"1\"><span style=\"font-weight: 400;\">Manuell vridbar 3-axlig sk\u00e4rhuvud<\/span><\/li><\/ul>\t\t\t\t\t\t\t\t<\/div>\n\t\t\t\t<\/div>\n\t\t\t\t<\/div>\n\t\t\t\t\t<\/div>\n\t\t\t\t<\/div>\n\t\t<div class=\"elementor-element elementor-element-6e8e380b e-con-full e-flex e-con e-parent\" data-id=\"6e8e380b\" data-element_type=\"container\" data-settings=\"{&quot;background_background&quot;:&quot;classic&quot;}\">\n\t\t<div class=\"elementor-element elementor-element-6a7bb873 e-con-full e-flex e-con e-child\" data-id=\"6a7bb873\" data-element_type=\"container\">\n\t\t<div class=\"elementor-element elementor-element-492626f5 e-con-full e-flex e-con e-child\" data-id=\"492626f5\" data-element_type=\"container\">\n\t\t\t\t<div class=\"elementor-element elementor-element-48d540bb elementor-cta--layout-image-above elementor-widget__width-inherit elementor-widget-tablet__width-inherit elementor-cta--valign-top elementor-cta--skin-classic elementor-animated-content elementor-widget elementor-widget-call-to-action\" data-id=\"48d540bb\" data-element_type=\"widget\" data-widget_type=\"call-to-action.default\">\n\t\t\t\t<div class=\"elementor-widget-container\">\n\t\t\t\t\t\t\t<div class=\"elementor-cta\">\n\t\t\t\t\t<div class=\"elementor-cta__bg-wrapper\">\n\t\t\t\t<div class=\"elementor-cta__bg elementor-bg\" style=\"background-image: url(https:\/\/stenhuggeri.se\/wp-content\/uploads\/2025\/06\/Easyline1.jpg);\" role=\"img\" aria-label=\"Easyline1\"><\/div>\n\t\t\t\t<div class=\"elementor-cta__bg-overlay\"><\/div>\n\t\t\t<\/div>\n\t\t\t\t\t\t\t<div class=\"elementor-cta__content\">\n\t\t\t\t\n\t\t\t\t\t\t\t\t\t<h2 class=\"elementor-cta__title elementor-cta__content-item elementor-content-item\">\n\t\t\t\t\t\tEnkel hantering: \u00e5tkomst till arbetsbordet fr\u00e5n tre sidor\t\t\t\t\t<\/h2>\n\t\t\t\t\n\t\t\t\t\t\t\t\t\t<div class=\"elementor-cta__description elementor-cta__content-item elementor-content-item\">\n\t\t\t\t\t\tUtm\u00e4rkt \u00e5tkomst till sk\u00e4romr\u00e5det \u2013 den konsolbaserade strukturen med separat uppsamlingstank ger enkel \u00e5tkomst fr\u00e5n tre sidor f\u00f6r att ladda och lossa material.\t\t\t\t\t<\/div>\n\t\t\t\t\n\t\t\t\t\t\t\t<\/div>\n\t\t\t\t\t\t<\/div>\n\t\t\t\t\t\t<\/div>\n\t\t\t\t<\/div>\n\t\t\t\t<\/div>\n\t\t<div class=\"elementor-element elementor-element-737d6606 e-con-full e-flex e-con e-child\" data-id=\"737d6606\" data-element_type=\"container\">\n\t\t\t\t<div class=\"elementor-element elementor-element-212e65aa elementor-cta--layout-image-above elementor-widget__width-inherit elementor-cta--valign-top elementor-cta--skin-classic elementor-animated-content elementor-widget elementor-widget-call-to-action\" data-id=\"212e65aa\" data-element_type=\"widget\" data-widget_type=\"call-to-action.default\">\n\t\t\t\t<div class=\"elementor-widget-container\">\n\t\t\t\t\t\t\t<div class=\"elementor-cta\">\n\t\t\t\t\t<div class=\"elementor-cta__bg-wrapper\">\n\t\t\t\t<div class=\"elementor-cta__bg elementor-bg\" style=\"background-image: url(https:\/\/stenhuggeri.se\/wp-content\/uploads\/2025\/06\/Easyline2.png);\" role=\"img\" aria-label=\"Easyline2\"><\/div>\n\t\t\t\t<div class=\"elementor-cta__bg-overlay\"><\/div>\n\t\t\t<\/div>\n\t\t\t\t\t\t\t<div class=\"elementor-cta__content\">\n\t\t\t\t\n\t\t\t\t\t\t\t\t\t<h2 class=\"elementor-cta__title elementor-cta__content-item elementor-content-item\">\n\t\t\t\t\t\tEnkel underh\u00e5ll: 91 % l\u00e4gre kostnad f\u00f6r borttagning av f\u00f6rbrukat abrasivt material\t\t\t\t\t<\/h2>\n\t\t\t\t\n\t\t\t\t\t\t\t\t\t<div class=\"elementor-cta__description elementor-cta__content-item elementor-content-item\">\n\t\t\t\t\t\tUppsamlingstanken med specialbehandlad keramisk rostskyddsm\u00e5lning \u00e4r utformad f\u00f6r att passa det nya Evo4-kedjemuddringssystemet f\u00f6r borttagning av f\u00f6rbrukat abrasivt material, \u00e4ven senare efter installation, med 91 %* l\u00e4gre underh\u00e5llskostnader.\t\t\t\t\t<\/div>\n\t\t\t\t\n\t\t\t\t\t\t\t<\/div>\n\t\t\t\t\t\t<\/div>\n\t\t\t\t\t\t<\/div>\n\t\t\t\t<\/div>\n\t\t\t\t<\/div>\n\t\t<div class=\"elementor-element elementor-element-1758ff21 e-con-full e-flex e-con e-child\" data-id=\"1758ff21\" data-element_type=\"container\">\n\t\t\t\t<div class=\"elementor-element elementor-element-38fcc960 elementor-cta--layout-image-above elementor-widget__width-inherit elementor-cta--valign-top elementor-cta--skin-classic elementor-animated-content elementor-widget elementor-widget-call-to-action\" data-id=\"38fcc960\" data-element_type=\"widget\" data-widget_type=\"call-to-action.default\">\n\t\t\t\t<div class=\"elementor-widget-container\">\n\t\t\t\t\t\t\t<div class=\"elementor-cta\">\n\t\t\t\t\t<div class=\"elementor-cta__bg-wrapper\">\n\t\t\t\t<div class=\"elementor-cta__bg elementor-bg\" style=\"background-image: url(https:\/\/stenhuggeri.se\/wp-content\/uploads\/2025\/06\/Easyline3.png);\" role=\"img\" aria-label=\"Easyline3\"><\/div>\n\t\t\t\t<div class=\"elementor-cta__bg-overlay\"><\/div>\n\t\t\t<\/div>\n\t\t\t\t\t\t\t<div class=\"elementor-cta__content\">\n\t\t\t\t\n\t\t\t\t\t\t\t\t\t<h2 class=\"elementor-cta__title elementor-cta__content-item elementor-content-item\">\n\t\t\t\t\t\tEnkel t\u00e4tning: s\u00e4kert skydd mot damm och vatten\t\t\t\t\t<\/h2>\n\t\t\t\t\n\t\t\t\t\t\t\t\t\t<div class=\"elementor-cta__description elementor-cta__content-item elementor-content-item\">\n\t\t\t\t\t\tDe v\u00e4rmef\u00f6rseglade b\u00e4lgarna ger ett komplett skydd f\u00f6r linj\u00e4rstyrningar och kuggst\u00e4nger fr\u00e5n damm och vatten under sk\u00e4rningen, vilket garanterar l\u00e5ng livsl\u00e4ngd utan att p\u00e5verka sk\u00e4rkvaliteten.\t\t\t\t\t<\/div>\n\t\t\t\t\n\t\t\t\t\t\t\t<\/div>\n\t\t\t\t\t\t<\/div>\n\t\t\t\t\t\t<\/div>\n\t\t\t\t<\/div>\n\t\t\t\t<\/div>\n\t\t<div class=\"elementor-element elementor-element-124e2616 e-con-full e-flex e-con e-child\" data-id=\"124e2616\" data-element_type=\"container\">\n\t\t\t\t<div class=\"elementor-element elementor-element-51e19cf1 elementor-cta--layout-image-above elementor-widget__width-inherit elementor-cta--valign-top elementor-cta--skin-classic elementor-animated-content elementor-widget elementor-widget-call-to-action\" data-id=\"51e19cf1\" data-element_type=\"widget\" data-widget_type=\"call-to-action.default\">\n\t\t\t\t<div class=\"elementor-widget-container\">\n\t\t\t\t\t\t\t<div class=\"elementor-cta\">\n\t\t\t\t\t<div class=\"elementor-cta__bg-wrapper\">\n\t\t\t\t<div class=\"elementor-cta__bg elementor-bg\" style=\"background-image: url(https:\/\/stenhuggeri.se\/wp-content\/uploads\/2025\/06\/Easyline4.jpeg);\" role=\"img\" aria-label=\"Easyline4\"><\/div>\n\t\t\t\t<div class=\"elementor-cta__bg-overlay\"><\/div>\n\t\t\t<\/div>\n\t\t\t\t\t\t\t<div class=\"elementor-cta__content\">\n\t\t\t\t\n\t\t\t\t\t\t\t\t\t<h2 class=\"elementor-cta__title elementor-cta__content-item elementor-content-item\">\n\t\t\t\t\t\tUpp till 55 % h\u00f6gre produktivitet\t\t\t\t\t<\/h2>\n\t\t\t\t\n\t\t\t\t\t\t\t\t\t<div class=\"elementor-cta__description elementor-cta__content-item elementor-content-item\">\n\t\t\t\t\t\tVattensk\u00e4rningens m\u00e5ngsidighet m\u00f6jligg\u00f6r bearbetning av ett brett spektrum av material, med skr\u00e4ddarsydda l\u00f6sningar f\u00f6r att \u00f6ka produktiviteten upp till 55 %, s\u00e5som pendelcykel med enkel eller dubbel tank, eller konfiguration med flera sk\u00e4rhuvuden\t\t\t\t\t<\/div>\n\t\t\t\t\n\t\t\t\t\t\t\t<\/div>\n\t\t\t\t\t\t<\/div>\n\t\t\t\t\t\t<\/div>\n\t\t\t\t<\/div>\n\t\t\t\t<\/div>\n\t\t\t\t<\/div>\n\t\t\t\t<\/div>\n\t\t<div class=\"elementor-element elementor-element-e8f8b7f e-flex e-con-boxed e-con e-parent\" data-id=\"e8f8b7f\" data-element_type=\"container\" data-settings=\"{&quot;background_background&quot;:&quot;gradient&quot;}\">\n\t\t\t\t\t<div class=\"e-con-inner\">\n\t\t\t\t<div class=\"elementor-element elementor-element-15127d2 elementor-widget elementor-widget-heading\" data-id=\"15127d2\" data-element_type=\"widget\" data-widget_type=\"heading.default\">\n\t\t\t\t<div class=\"elementor-widget-container\">\n\t\t\t\t\t<h2 class=\"elementor-heading-title elementor-size-default\">Teknisk information<\/h2>\t\t\t\t<\/div>\n\t\t\t\t<\/div>\n\t\t\t\t<div class=\"elementor-element elementor-element-7346ca9 elementor-widget elementor-widget-elementskit-tablepress\" data-id=\"7346ca9\" data-element_type=\"widget\" data-widget_type=\"elementskit-tablepress.default\">\n\t\t\t\t<div class=\"elementor-widget-container\">\n\t\t\t\t\t<div class=\"elemenetskit-tablepress ekit-wid-con\" id=\"ekit_tablepress_7346ca9\">\n<table id=\"tablepress-16\" class=\"tablepress tablepress-id-16\">\n<tbody class=\"row-striping row-hover\">\n<tr class=\"row-1\">\n\t<td class=\"column-1\">Modell<\/td><td class=\"column-2\">1010<\/td><td class=\"column-3\">2020<\/td><td class=\"column-4\">2040<\/td><td class=\"column-5\">2060<\/td>\n<\/tr>\n<tr class=\"row-2\">\n\t<td class=\"column-1\">X-axel<\/td><td class=\"column-2\">1000 mm \/ 39 tum<\/td><td class=\"column-3\">2000 mm \/ 79 tum<\/td><td class=\"column-4\">4000 mm \/ 157 tum<\/td><td class=\"column-5\">6000 mm \/ 236 tum<\/td>\n<\/tr>\n<tr class=\"row-3\">\n\t<td class=\"column-1\">Y-axel<\/td><td class=\"column-2\">1000 mm \/ 39 tum<\/td><td class=\"column-3\">2000 mm \/ 79 tum<\/td><td class=\"column-4\">2000 mm \/ 79 tum<\/td><td class=\"column-5\">2000 mm \/ 79 tum<\/td>\n<\/tr>\n<tr class=\"row-4\">\n\t<td class=\"column-1\">Z-axel<\/td><td class=\"column-2\">220 mm \/ 8.6 tum (150 mm \/ 5.9 tum med 5-axligt huvud)<\/td><td class=\"column-3\">220 mm \/ 8.6 tum (150 mm \/ 5.9 tum med 5-axligt huvud)<\/td><td class=\"column-4\">220 mm \/ 8.6 tum (150 mm \/ 5.9 tum med 5-axligt huvud)<\/td><td class=\"column-5\">220 mm \/ 8.6 tum (150 mm \/ 5.9 tum med 5-axligt huvud)<\/td>\n<\/tr>\n<tr class=\"row-5\">\n\t<td class=\"column-1\">B-axel<\/td><td class=\"column-2\">\u00b160\u00b0<\/td><td class=\"column-3\">\u00b160\u00b0<\/td><td class=\"column-4\">\u00b160\u00b0<\/td><td class=\"column-5\">\u00b160\u00b0<\/td>\n<\/tr>\n<tr class=\"row-6\">\n\t<td class=\"column-1\">St\u00f6dplan<\/td><td class=\"column-2\">1210 \u00d7 1225 mm \/ 47 \u00d7 48 tum<\/td><td class=\"column-3\">2210 \u00d7 2225 mm \/ 87 \u00d7 87 tum<\/td><td class=\"column-4\">4210 \u00d7 2225 mm \/ 166 \u00d7 87 tum<\/td><td class=\"column-5\">6210 \u00d7 2225 mm \/ 244 \u00d7 87 tum<\/td>\n<\/tr>\n<tr class=\"row-7\">\n\t<td class=\"column-1\">Totala m\u00e5tt med ljusbarri\u00e4rer<\/td><td class=\"column-2\">4680 \u00d7 4174 mm \/ 184 \u00d7 164 tum<\/td><td class=\"column-3\">5680 \u00d7 5174 mm \/ 224 \u00d7 204 tum<\/td><td class=\"column-4\">5689 \u00d7 7208 mm \/ 224 \u00d7 284 tum<\/td><td class=\"column-5\">5680 \u00d7 9242 mm \/ 224 \u00d7 364 tum<\/td>\n<\/tr>\n<\/tbody>\n<\/table>\n<!-- #tablepress-16 from cache --><\/div>\t\t\t\t<\/div>\n\t\t\t\t<\/div>\n\t\t\t\t\t<\/div>\n\t\t\t\t<\/div>\n\t\t<div class=\"elementor-element elementor-element-193983d e-flex e-con-boxed e-con e-parent\" data-id=\"193983d\" data-element_type=\"container\" data-settings=\"{&quot;background_background&quot;:&quot;classic&quot;}\">\n\t\t\t\t\t<div class=\"e-con-inner\">\n\t\t\t\t<div class=\"elementor-element elementor-element-680650c elementor-align-right elementor-widget elementor-widget-button\" data-id=\"680650c\" data-element_type=\"widget\" data-widget_type=\"button.default\">\n\t\t\t\t<div class=\"elementor-widget-container\">\n\t\t\t\t\t\t\t\t\t<div class=\"elementor-button-wrapper\">\n\t\t\t\t\t<a class=\"elementor-button elementor-button-link elementor-size-sm\" href=\"http:\/\/stenhuggeri.se\/wp-content\/uploads\/2025\/06\/WATERJET_STONE_ENG.pdf\">\n\t\t\t\t\t\t<span class=\"elementor-button-content-wrapper\">\n\t\t\t\t\t\t\t\t\t<span class=\"elementor-button-text\">Dokumentation<\/span>\n\t\t\t\t\t<\/span>\n\t\t\t\t\t<\/a>\n\t\t\t\t<\/div>\n\t\t\t\t\t\t\t\t<\/div>\n\t\t\t\t<\/div>\n\t\t\t\t\t<\/div>\n\t\t\t\t<\/div>\n\t\t\t\t<\/div>\n\t\t","protected":false},"excerpt":{"rendered":"<p>Sida med information och specifikationer f\u00f6r CNC maskinen: Brembana Kosmos<\/p>\n","protected":false},"author":2,"featured_media":0,"parent":0,"menu_order":0,"comment_status":"closed","ping_status":"closed","template":"","meta":{"footnotes":""},"class_list":["post-1153","page","type-page","status-publish","hentry"],"_links":{"self":[{"href":"https:\/\/stenhuggeri.se\/index.php?rest_route=\/wp\/v2\/pages\/1153","targetHints":{"allow":["GET"]}}],"collection":[{"href":"https:\/\/stenhuggeri.se\/index.php?rest_route=\/wp\/v2\/pages"}],"about":[{"href":"https:\/\/stenhuggeri.se\/index.php?rest_route=\/wp\/v2\/types\/page"}],"author":[{"embeddable":true,"href":"https:\/\/stenhuggeri.se\/index.php?rest_route=\/wp\/v2\/users\/2"}],"replies":[{"embeddable":true,"href":"https:\/\/stenhuggeri.se\/index.php?rest_route=%2Fwp%2Fv2%2Fcomments&post=1153"}],"version-history":[{"count":13,"href":"https:\/\/stenhuggeri.se\/index.php?rest_route=\/wp\/v2\/pages\/1153\/revisions"}],"predecessor-version":[{"id":1693,"href":"https:\/\/stenhuggeri.se\/index.php?rest_route=\/wp\/v2\/pages\/1153\/revisions\/1693"}],"wp:attachment":[{"href":"https:\/\/stenhuggeri.se\/index.php?rest_route=%2Fwp%2Fv2%2Fmedia&parent=1153"}],"curies":[{"name":"wp","href":"https:\/\/api.w.org\/{rel}","templated":true}]}}