{"id":1151,"date":"2025-06-02T13:04:14","date_gmt":"2025-06-02T11:04:14","guid":{"rendered":"http:\/\/dev2.nilssonssten.se\/?page_id=1151"},"modified":"2025-06-24T15:03:15","modified_gmt":"2025-06-24T13:03:15","slug":"brembana-proline","status":"publish","type":"page","link":"https:\/\/stenhuggeri.se\/?page_id=1151","title":{"rendered":"Brembana Proline"},"content":{"rendered":"\t\t<div data-elementor-type=\"wp-page\" data-elementor-id=\"1151\" class=\"elementor elementor-1151\" data-elementor-post-type=\"page\">\n\t\t\t\t<div class=\"elementor-element elementor-element-c6a24c9 e-flex e-con-boxed e-con e-parent\" data-id=\"c6a24c9\" data-element_type=\"container\">\n\t\t\t\t\t<div class=\"e-con-inner\">\n\t\t\t\t<div class=\"elementor-element elementor-element-3b5c47f elementor-widget elementor-widget-spacer\" data-id=\"3b5c47f\" data-element_type=\"widget\" data-widget_type=\"spacer.default\">\n\t\t\t\t<div class=\"elementor-widget-container\">\n\t\t\t\t\t\t\t<div class=\"elementor-spacer\">\n\t\t\t<div class=\"elementor-spacer-inner\"><\/div>\n\t\t<\/div>\n\t\t\t\t\t\t<\/div>\n\t\t\t\t<\/div>\n\t\t\t\t\t<\/div>\n\t\t\t\t<\/div>\n\t\t<div class=\"elementor-element elementor-element-9d06cf2 e-flex e-con-boxed e-con e-parent\" data-id=\"9d06cf2\" data-element_type=\"container\">\n\t\t\t\t\t<div class=\"e-con-inner\">\n\t\t<div class=\"elementor-element elementor-element-1504e05 e-con-full e-flex e-con e-child\" data-id=\"1504e05\" data-element_type=\"container\">\n\t\t\t\t<div class=\"elementor-element elementor-element-21bc900 elementor-widget elementor-widget-image\" data-id=\"21bc900\" data-element_type=\"widget\" data-widget_type=\"image.default\">\n\t\t\t\t<div class=\"elementor-widget-container\">\n\t\t\t\t\t\t\t\t\t\t\t\t\t\t\t<img fetchpriority=\"high\" decoding=\"async\" width=\"800\" height=\"470\" src=\"https:\/\/stenhuggeri.se\/wp-content\/uploads\/2025\/06\/brembana-proline.png\" class=\"attachment-large size-large wp-image-1173\" alt=\"\" \/>\t\t\t\t\t\t\t\t\t\t\t\t\t\t\t<\/div>\n\t\t\t\t<\/div>\n\t\t\t\t<\/div>\n\t\t<div class=\"elementor-element elementor-element-bcc2b46 e-con-full e-flex e-con e-child\" data-id=\"bcc2b46\" data-element_type=\"container\">\n\t\t\t\t<div class=\"elementor-element elementor-element-1e94f02 elementor-widget elementor-widget-heading\" data-id=\"1e94f02\" data-element_type=\"widget\" data-widget_type=\"heading.default\">\n\t\t\t\t<div class=\"elementor-widget-container\">\n\t\t\t\t\t<h2 class=\"elementor-heading-title elementor-size-default\">BREMBANA PROLINE<\/h2>\t\t\t\t<\/div>\n\t\t\t\t<\/div>\n\t\t\t\t<div class=\"elementor-element elementor-element-149347b elementor-widget elementor-widget-text-editor\" data-id=\"149347b\" data-element_type=\"widget\" data-widget_type=\"text-editor.default\">\n\t\t\t\t<div class=\"elementor-widget-container\">\n\t\t\t\t\t\t\t\t\t<p><span style=\"font-weight: 400;\">Hydro-abrasivt vattensk\u00e4rningssystem<\/span><\/p>\t\t\t\t\t\t\t\t<\/div>\n\t\t\t\t<\/div>\n\t\t\t\t<div class=\"elementor-element elementor-element-6f69be8 elementor-widget elementor-widget-text-editor\" data-id=\"6f69be8\" data-element_type=\"widget\" data-widget_type=\"text-editor.default\">\n\t\t\t\t<div class=\"elementor-widget-container\">\n\t\t\t\t\t\t\t\t\t<p><span style=\"font-weight: 400;\">Ett genuint bearbetningscenter, konstruerat och designat med avancerade tekniska l\u00f6sningar f\u00f6r vattensk\u00e4rningsteknik, f\u00f6r att uppn\u00e5 o\u00f6vertr\u00e4ffad prestanda.<\/span><\/p><p><span style=\"font-weight: 400;\">Tecnocut Proline \u00e4r byggd kring en rostfri st\u00e5lram som \u00e4r redo f\u00f6r integration med &#8220;dredge&#8221;, ett fullt automatiserat och underh\u00e5llsfritt system f\u00f6r borttagning av abrasivt material, automatisk vattenniv\u00e5kontroll och roterande axlar f\u00f6r r\u00f6rbearbetning. <\/span><span style=\"font-weight: 400;\">Den monolitiska strukturen m\u00f6jligg\u00f6r integration av en 330 kg abrasivpropulsor och den nya generationens hybridintensifierare direkt p\u00e5 maskinen. <\/span><span style=\"font-weight: 400;\">Portalstrukturen garanterar maximal tillf\u00f6rlitlighet \u00f6ver \u00e5ren, tack vare h\u00e4rdade och slipade kuggst\u00e4nger samt spiralpinioner kombinerade med v\u00e4xell\u00e5dor med en glappmarginal p\u00e5 mindre \u00e4n 1 b\u00e5gminut. <\/span><span style=\"font-weight: 400;\">Axlarnas kuggst\u00e4nger och glidskenor skyddas av CMS:s revolutionerande &#8220;Powder-Free&#8221;-system, ett ingenj\u00f6rsm\u00e4ssigt m\u00e4sterverk av ett ogenomtr\u00e4ngligt labyrintsystem som ger fullst\u00e4ndigt skydd mot vatten och damm.<\/span><\/p>\t\t\t\t\t\t\t\t<\/div>\n\t\t\t\t<\/div>\n\t\t\t\t<div class=\"elementor-element elementor-element-24858af elementor-widget elementor-widget-text-editor\" data-id=\"24858af\" data-element_type=\"widget\" data-widget_type=\"text-editor.default\">\n\t\t\t\t<div class=\"elementor-widget-container\">\n\t\t\t\t\t\t\t\t\t<ul><li><b>M\u00e5ngsidig:<\/b><span style=\"font-weight: 400;\"> O\u00e4ndliga standardkonfigurationer f\u00f6r att anpassa sig till nya produktionskrav.<br \/><\/span><\/li><li><b>Snabbare:<\/b><span style=\"font-weight: 400;\"> NC- och digitala drivsystem f\u00f6r att p\u00e5skynda programmeringen av maskinen och dess tillbeh\u00f6r.<\/span><\/li><li><b>Mer kompakt:<\/b><span style=\"font-weight: 400;\"> Tillbeh\u00f6ren \u00e4r inbyggda i basstrukturen f\u00f6r snabb och enkel installation.<\/span><\/li><li><b>Enklare:<\/b><span style=\"font-weight: 400;\"> F\u00f6rkortade installationstider och effektiv \u00e5terstart<\/span><\/li><\/ul>\t\t\t\t\t\t\t\t<\/div>\n\t\t\t\t<\/div>\n\t\t\t\t<\/div>\n\t\t\t\t\t<\/div>\n\t\t\t\t<\/div>\n\t\t<div class=\"elementor-element elementor-element-6e8e380b e-con-full e-flex e-con e-parent\" data-id=\"6e8e380b\" data-element_type=\"container\" data-settings=\"{&quot;background_background&quot;:&quot;classic&quot;}\">\n\t\t<div class=\"elementor-element elementor-element-6a7bb873 e-con-full e-flex e-con e-child\" data-id=\"6a7bb873\" data-element_type=\"container\">\n\t\t<div class=\"elementor-element elementor-element-492626f5 e-con-full e-flex e-con e-child\" data-id=\"492626f5\" data-element_type=\"container\">\n\t\t\t\t<div class=\"elementor-element elementor-element-48d540bb elementor-cta--layout-image-above elementor-widget__width-inherit elementor-widget-tablet__width-inherit elementor-cta--valign-top elementor-cta--skin-classic elementor-animated-content elementor-widget elementor-widget-call-to-action\" data-id=\"48d540bb\" data-element_type=\"widget\" data-widget_type=\"call-to-action.default\">\n\t\t\t\t<div class=\"elementor-widget-container\">\n\t\t\t\t\t\t\t<div class=\"elementor-cta\">\n\t\t\t\t\t<div class=\"elementor-cta__bg-wrapper\">\n\t\t\t\t<div class=\"elementor-cta__bg elementor-bg\" style=\"background-image: url(https:\/\/stenhuggeri.se\/wp-content\/uploads\/2025\/06\/Proline1.jpeg);\" role=\"img\" aria-label=\"Proline1\"><\/div>\n\t\t\t\t<div class=\"elementor-cta__bg-overlay\"><\/div>\n\t\t\t<\/div>\n\t\t\t\t\t\t\t<div class=\"elementor-cta__content\">\n\t\t\t\t\n\t\t\t\t\t\t\t\t\t<h2 class=\"elementor-cta__title elementor-cta__content-item elementor-content-item\">\n\t\t\t\t\t\tMinskade totala m\u00e5tt\t\t\t\t\t<\/h2>\n\t\t\t\t\n\t\t\t\t\t\t\t\t\t<div class=\"elementor-cta__description elementor-cta__content-item elementor-content-item\">\n\t\t\t\t\t\tDen monolitiska strukturen m\u00f6jligg\u00f6r integration av en 330 kg abrasivpropulsor och den nya generationens hybridintensifierare direkt p\u00e5 maskinen.\t\t\t\t\t<\/div>\n\t\t\t\t\n\t\t\t\t\t\t\t<\/div>\n\t\t\t\t\t\t<\/div>\n\t\t\t\t\t\t<\/div>\n\t\t\t\t<\/div>\n\t\t\t\t<\/div>\n\t\t<div class=\"elementor-element elementor-element-737d6606 e-con-full e-flex e-con e-child\" data-id=\"737d6606\" data-element_type=\"container\">\n\t\t\t\t<div class=\"elementor-element elementor-element-212e65aa elementor-cta--layout-image-above elementor-widget__width-inherit elementor-cta--valign-top elementor-cta--skin-classic elementor-animated-content elementor-widget elementor-widget-call-to-action\" data-id=\"212e65aa\" data-element_type=\"widget\" data-widget_type=\"call-to-action.default\">\n\t\t\t\t<div class=\"elementor-widget-container\">\n\t\t\t\t\t\t\t<div class=\"elementor-cta\">\n\t\t\t\t\t<div class=\"elementor-cta__bg-wrapper\">\n\t\t\t\t<div class=\"elementor-cta__bg elementor-bg\" style=\"background-image: url(https:\/\/stenhuggeri.se\/wp-content\/uploads\/2025\/06\/Proline2.jpeg);\" role=\"img\" aria-label=\"Proline2\"><\/div>\n\t\t\t\t<div class=\"elementor-cta__bg-overlay\"><\/div>\n\t\t\t<\/div>\n\t\t\t\t\t\t\t<div class=\"elementor-cta__content\">\n\t\t\t\t\n\t\t\t\t\t\t\t\t\t<h2 class=\"elementor-cta__title elementor-cta__content-item elementor-content-item\">\n\t\t\t\t\t\tH\u00f6gsta produktivitet och sk\u00e4rningsm\u00e5ngsidighet\t\t\t\t\t<\/h2>\n\t\t\t\t\n\t\t\t\t\t\t\t\t\t<div class=\"elementor-cta__description elementor-cta__content-item elementor-content-item\">\n\t\t\t\t\t\tHantering av upp till tv\u00e5 parallella 4150 bar intensifierare, med m\u00e5let att uppn\u00e5 maximal genomstr\u00f6mning och sk\u00e4rningsm\u00e5ngsidighet, \u00e4ven vid bearbetning av s\u00e4rskilt h\u00e5rda eller tjocka material.\t\t\t\t\t<\/div>\n\t\t\t\t\n\t\t\t\t\t\t\t<\/div>\n\t\t\t\t\t\t<\/div>\n\t\t\t\t\t\t<\/div>\n\t\t\t\t<\/div>\n\t\t\t\t<\/div>\n\t\t<div class=\"elementor-element elementor-element-1758ff21 e-con-full e-flex e-con e-child\" data-id=\"1758ff21\" data-element_type=\"container\">\n\t\t\t\t<div class=\"elementor-element elementor-element-38fcc960 elementor-cta--layout-image-above elementor-widget__width-inherit elementor-cta--valign-top elementor-cta--skin-classic elementor-animated-content elementor-widget elementor-widget-call-to-action\" data-id=\"38fcc960\" data-element_type=\"widget\" data-widget_type=\"call-to-action.default\">\n\t\t\t\t<div class=\"elementor-widget-container\">\n\t\t\t\t\t\t\t<div class=\"elementor-cta\">\n\t\t\t\t\t<div class=\"elementor-cta__bg-wrapper\">\n\t\t\t\t<div class=\"elementor-cta__bg elementor-bg\" style=\"background-image: url(https:\/\/stenhuggeri.se\/wp-content\/uploads\/2025\/06\/Proline3.jpeg);\" role=\"img\" aria-label=\"Proline3\"><\/div>\n\t\t\t\t<div class=\"elementor-cta__bg-overlay\"><\/div>\n\t\t\t<\/div>\n\t\t\t\t\t\t\t<div class=\"elementor-cta__content\">\n\t\t\t\t\n\t\t\t\t\t\t\t\t\t<h2 class=\"elementor-cta__title elementor-cta__content-item elementor-content-item\">\n\t\t\t\t\t\tRedo f\u00f6r enkel integration med tillval\t\t\t\t\t<\/h2>\n\t\t\t\t\n\t\t\t\t\t\t\t\t\t<div class=\"elementor-cta__description elementor-cta__content-item elementor-content-item\">\n\t\t\t\t\t\tMaskinen \u00e4r konstruerad f\u00f6r enkel integration med tillval s\u00e5som Dredge, den roterande funktionen och vattenniv\u00e5kontroll f\u00f6r neds\u00e4nkt sk\u00e4rning, vilket m\u00f6jligg\u00f6r specifika applikationer och uppfyller de mest kr\u00e4vande produktionsbehoven.\t\t\t\t\t<\/div>\n\t\t\t\t\n\t\t\t\t\t\t\t<\/div>\n\t\t\t\t\t\t<\/div>\n\t\t\t\t\t\t<\/div>\n\t\t\t\t<\/div>\n\t\t\t\t<\/div>\n\t\t<div class=\"elementor-element elementor-element-124e2616 e-con-full e-flex e-con e-child\" data-id=\"124e2616\" data-element_type=\"container\">\n\t\t\t\t<div class=\"elementor-element elementor-element-51e19cf1 elementor-cta--layout-image-above elementor-widget__width-inherit elementor-cta--valign-top elementor-cta--skin-classic elementor-animated-content elementor-widget elementor-widget-call-to-action\" data-id=\"51e19cf1\" data-element_type=\"widget\" data-widget_type=\"call-to-action.default\">\n\t\t\t\t<div class=\"elementor-widget-container\">\n\t\t\t\t\t\t\t<div class=\"elementor-cta\">\n\t\t\t\t\t<div class=\"elementor-cta__bg-wrapper\">\n\t\t\t\t<div class=\"elementor-cta__bg elementor-bg\" style=\"background-image: url(https:\/\/stenhuggeri.se\/wp-content\/uploads\/2025\/06\/Proline4.jpeg);\" role=\"img\" aria-label=\"Proline4\"><\/div>\n\t\t\t\t<div class=\"elementor-cta__bg-overlay\"><\/div>\n\t\t\t<\/div>\n\t\t\t\t\t\t\t<div class=\"elementor-cta__content\">\n\t\t\t\t\n\t\t\t\t\t\t\t\t\t<h2 class=\"elementor-cta__title elementor-cta__content-item elementor-content-item\">\n\t\t\t\t\t\tO\u00f6vertr\u00e4ffad sk\u00e4rkvalitet\t\t\t\t\t<\/h2>\n\t\t\t\t\n\t\t\t\t\t\t\t\t\t<div class=\"elementor-cta__description elementor-cta__content-item elementor-content-item\">\n\t\t\t\t\t\t \u00b10,035 mm positioneringsnoggrannhet och \u00b10,025 mm repetitionsprecision \u00f6ver hela arbetsbordet, vilket garanterar enast\u00e5ende sk\u00e4rkvalitet.\t\t\t\t\t<\/div>\n\t\t\t\t\n\t\t\t\t\t\t\t<\/div>\n\t\t\t\t\t\t<\/div>\n\t\t\t\t\t\t<\/div>\n\t\t\t\t<\/div>\n\t\t\t\t<\/div>\n\t\t\t\t<\/div>\n\t\t\t\t<\/div>\n\t\t<div class=\"elementor-element elementor-element-e8f8b7f e-flex e-con-boxed e-con e-parent\" data-id=\"e8f8b7f\" data-element_type=\"container\" data-settings=\"{&quot;background_background&quot;:&quot;gradient&quot;}\">\n\t\t\t\t\t<div class=\"e-con-inner\">\n\t\t\t\t<div class=\"elementor-element elementor-element-15127d2 elementor-widget elementor-widget-heading\" data-id=\"15127d2\" data-element_type=\"widget\" data-widget_type=\"heading.default\">\n\t\t\t\t<div class=\"elementor-widget-container\">\n\t\t\t\t\t<h2 class=\"elementor-heading-title elementor-size-default\">Teknisk information<\/h2>\t\t\t\t<\/div>\n\t\t\t\t<\/div>\n\t\t\t\t<div class=\"elementor-element elementor-element-7346ca9 elementor-widget elementor-widget-elementskit-tablepress\" data-id=\"7346ca9\" data-element_type=\"widget\" data-widget_type=\"elementskit-tablepress.default\">\n\t\t\t\t<div class=\"elementor-widget-container\">\n\t\t\t\t\t<div class=\"elemenetskit-tablepress ekit-wid-con\" id=\"ekit_tablepress_7346ca9\">\n<table id=\"tablepress-18\" class=\"tablepress tablepress-id-18\">\n<tbody class=\"row-striping row-hover\">\n<tr class=\"row-1\">\n\t<td class=\"column-1\">Modell<\/td><td class=\"column-2\">1730<\/td><td class=\"column-3\">2040<\/td>\n<\/tr>\n<tr class=\"row-2\">\n\t<td class=\"column-1\">X-axelns r\u00f6relse (1 huvud)<\/td><td class=\"column-2\">3250 mm \/ 10,6 fot<\/td><td class=\"column-3\">4250 mm \/ 13,9 fot<\/td>\n<\/tr>\n<tr class=\"row-3\">\n\t<td class=\"column-1\">Y-axelns r\u00f6relse<\/td><td class=\"column-2\">1700 mm \/ 5,5 fot<\/td><td class=\"column-3\">2000 mm \/ 6,5 fot<\/td>\n<\/tr>\n<tr class=\"row-4\">\n\t<td class=\"column-1\">Z-axelns r\u00f6relse (3-axligt huvud)<\/td><td class=\"column-2\">300 mm \/ 12 tum<\/td><td class=\"column-3\">300 mm \/ 12 tum<\/td>\n<\/tr>\n<tr class=\"row-5\">\n\t<td class=\"column-1\">Z-axelns r\u00f6relse (5-axligt huvud)<\/td><td class=\"column-2\">200 mm \/ 9 tum<\/td><td class=\"column-3\">200 mm \/ 9 tum<\/td>\n<\/tr>\n<tr class=\"row-6\">\n\t<td class=\"column-1\">C-axel (endast 5 axlar)<\/td><td class=\"column-2\">O\u00e4ndlig<\/td><td class=\"column-3\">O\u00e4ndlig<\/td>\n<\/tr>\n<tr class=\"row-7\">\n\t<td class=\"column-1\">B-axel (endast 5 axlar)<\/td><td class=\"column-2\">\u00b162\u00b0<\/td><td class=\"column-3\">\u00b162\u00b0<\/td>\n<\/tr>\n<tr class=\"row-8\">\n\t<td class=\"column-1\">XY-axlarnas snabb hastighet<\/td><td class=\"column-2\">40000 mm\/min \/ 131 fot\/min<\/td><td class=\"column-3\">40000 mm\/min \/ 131 fot\/min<\/td>\n<\/tr>\n<tr class=\"row-9\">\n\t<td class=\"column-1\">Arbetsbord Storlek<\/td><td class=\"column-2\">3820 \u00d7 1920 mm \/ 12,5 \u00d7 6,3 fot<\/td><td class=\"column-3\">4820 \u00d7 2220 mm \/ 15,8 \u00d7 7,8 fot<\/td>\n<\/tr>\n<tr class=\"row-10\">\n\t<td class=\"column-1\">Arbetsbords lastkapacitet<\/td><td class=\"column-2\">1000 kg\/m\u00b2<\/td><td class=\"column-3\">1000 kg\/m\u00b2<\/td>\n<\/tr>\n<tr class=\"row-11\">\n\t<td class=\"column-1\">Positionsnoggrannhet<\/td><td class=\"column-2\">\u00b10,035 mm<\/td><td class=\"column-3\">\u00b10,035 mm<\/td>\n<\/tr>\n<tr class=\"row-12\">\n\t<td class=\"column-1\">Positions upprepning<\/td><td class=\"column-2\">\u00b10,025 mm<\/td><td class=\"column-3\">\u00b10,025 mm<\/td>\n<\/tr>\n<tr class=\"row-13\">\n\t<td class=\"column-1\">Installerad effekt<\/td><td class=\"column-2\">6 kW \/ 8 hk<\/td><td class=\"column-3\">6 kW \/ 8 hk<\/td>\n<\/tr>\n<tr class=\"row-14\">\n\t<td class=\"column-1\">M\u00e5tt (L\u00d7B\u00d7H)<\/td><td class=\"column-2\">6930 \u00d7 3180 \u00d7 3900 mm \/ 20,9 \u00d7 10,4 \u00d7 12,7 fot<\/td><td class=\"column-3\">7290 \u00d7 3480 \u00d7 3900 mm \/ 23,9 \u00d7 11,4 \u00d7 12,7 fot<\/td>\n<\/tr>\n<tr class=\"row-15\">\n\t<td class=\"column-1\">Maxvikt (tom)<\/td><td class=\"column-2\">6500 kg \/ 14330 lb<\/td><td class=\"column-3\">8000 kg \/ 17600 lb<\/td>\n<\/tr>\n<\/tbody>\n<\/table>\n<!-- #tablepress-18 from cache --><\/div>\t\t\t\t<\/div>\n\t\t\t\t<\/div>\n\t\t\t\t\t<\/div>\n\t\t\t\t<\/div>\n\t\t<div class=\"elementor-element elementor-element-193983d e-flex e-con-boxed e-con e-parent\" data-id=\"193983d\" data-element_type=\"container\" data-settings=\"{&quot;background_background&quot;:&quot;classic&quot;}\">\n\t\t\t\t\t<div class=\"e-con-inner\">\n\t\t\t\t<div class=\"elementor-element elementor-element-680650c elementor-align-right elementor-widget elementor-widget-button\" data-id=\"680650c\" data-element_type=\"widget\" data-widget_type=\"button.default\">\n\t\t\t\t<div class=\"elementor-widget-container\">\n\t\t\t\t\t\t\t\t\t<div class=\"elementor-button-wrapper\">\n\t\t\t\t\t<a class=\"elementor-button elementor-button-link elementor-size-sm\" href=\"http:\/\/stenhuggeri.se\/wp-content\/uploads\/2025\/06\/WATERJET_STONE_ENG.pdf\">\n\t\t\t\t\t\t<span class=\"elementor-button-content-wrapper\">\n\t\t\t\t\t\t\t\t\t<span class=\"elementor-button-text\">Dokumentation<\/span>\n\t\t\t\t\t<\/span>\n\t\t\t\t\t<\/a>\n\t\t\t\t<\/div>\n\t\t\t\t\t\t\t\t<\/div>\n\t\t\t\t<\/div>\n\t\t\t\t\t<\/div>\n\t\t\t\t<\/div>\n\t\t\t\t<\/div>\n\t\t","protected":false},"excerpt":{"rendered":"<p>Sida med information och specifikationer f\u00f6r CNC maskinen: Brembana Kosmos<\/p>\n","protected":false},"author":2,"featured_media":0,"parent":0,"menu_order":0,"comment_status":"closed","ping_status":"closed","template":"","meta":{"footnotes":""},"class_list":["post-1151","page","type-page","status-publish","hentry"],"_links":{"self":[{"href":"https:\/\/stenhuggeri.se\/index.php?rest_route=\/wp\/v2\/pages\/1151","targetHints":{"allow":["GET"]}}],"collection":[{"href":"https:\/\/stenhuggeri.se\/index.php?rest_route=\/wp\/v2\/pages"}],"about":[{"href":"https:\/\/stenhuggeri.se\/index.php?rest_route=\/wp\/v2\/types\/page"}],"author":[{"embeddable":true,"href":"https:\/\/stenhuggeri.se\/index.php?rest_route=\/wp\/v2\/users\/2"}],"replies":[{"embeddable":true,"href":"https:\/\/stenhuggeri.se\/index.php?rest_route=%2Fwp%2Fv2%2Fcomments&post=1151"}],"version-history":[{"count":7,"href":"https:\/\/stenhuggeri.se\/index.php?rest_route=\/wp\/v2\/pages\/1151\/revisions"}],"predecessor-version":[{"id":1705,"href":"https:\/\/stenhuggeri.se\/index.php?rest_route=\/wp\/v2\/pages\/1151\/revisions\/1705"}],"wp:attachment":[{"href":"https:\/\/stenhuggeri.se\/index.php?rest_route=%2Fwp%2Fv2%2Fmedia&parent=1151"}],"curies":[{"name":"wp","href":"https:\/\/api.w.org\/{rel}","templated":true}]}}